{"id":18268,"date":"2018-10-09T16:21:45","date_gmt":"2018-10-09T14:21:45","guid":{"rendered":"https:\/\/www.ingartek.com\/garraio-zerbitzuaren-ikuskapenak\/"},"modified":"2025-01-02T10:43:31","modified_gmt":"2025-01-02T09:43:31","slug":"garraio-zerbitzuaren-ikuskapenak","status":"publish","type":"page","link":"https:\/\/www.ingartek.com\/eu\/garraio-zerbitzuaren-ikuskapenak\/","title":{"rendered":"Garraio-zerbitzuen ikuskapenak"},"content":{"rendered":"<div class=\"wpb-content-wrapper\"><p>[vc_row css_animation=&#8221;&#8221; row_type=&#8221;row&#8221; use_row_as_full_screen_section=&#8221;no&#8221; type=&#8221;full_width&#8221; angled_section=&#8221;no&#8221; text_align=&#8221;left&#8221; background_image_as_pattern=&#8221;without_pattern&#8221;][vc_column][vc_column_text]Herritarrei emandako zerbitzuak lortutako emaitzen arabera neurtu behar dira, gero horiek optimizatzeko. Emaitzak termino ezberdinetan neurtzen dira. Garraio-zerbitzuen kasuan, adibidez, garbiketa edo puntualtasuna har daitezke aintzat. Horrela, zerbitzuaren kalitate-indizea zehazten da.<\/p>\n<p>Hainbat motako<strong> azterketak<\/strong> egin behar dira horretarako, hala nola jasotako kaliteateari buruzko azterketak, garraioen <strong>ikuskapenak<\/strong>, puntualtasun-emaitzen <strong>analisia<\/strong> eta SAEren <strong>ikuskapenak<\/strong>. Ikuskapen horiek herritarrak <strong>ahalik eta gehien asebetetzea<\/strong> dute helburu, eta, horregatik, garraio-zerbitzuek aurrez ezarritako parametroetan bikaintasuna lortu duten aztertzen dute.<\/p>\n<p>Parametro horiek aurrez ezarritakoa betetzen ez badute, hori ez emateko arrazoiak aztertzen ditu Ingartek-ek, eta horiek zuzentzeko eta <strong>hobetzeko neurriak<\/strong> proposatzen ditu, <span style=\"display: inline !important; float: none; background-color: transparent; color: #333333; font-family: Georgia,'Times New Roman','Bitstream Charter',Times,serif; font-size: 16px; font-style: normal; font-variant: normal; font-weight: 400; letter-spacing: normal; line-height: 24px; orphans: 2; text-align: left; text-decoration: none; text-indent: 0px; text-transform: none; -webkit-text-stroke-width: 0px; white-space: normal; word-spacing: 0px; word-wrap: break-word;\"><em>checklist<\/em>-ak <\/span>oinarritzat hartuz: puntualitatea, zerbitzu-kalitatea, garbiketa-maila\u2026[\/vc_column_text][vc_empty_space][vc_row_inner row_type=&#8221;row&#8221; type=&#8221;full_width&#8221; text_align=&#8221;left&#8221; css_animation=&#8221;&#8221;][vc_column_inner][vc_column_text]<\/p>\n<h2 style=\"text-align: left;\">Merkatu xedea<\/h2>\n<p>[\/vc_column_text][vc_empty_space]<div class=\"q_icon_list\"><i class=\"qode_icon_font_awesome fa fa-thumbs-o-up qode-ili-icon-holder circle\" style=\"color: #a31a16;background-color: #ffffff;border-color:rgba(0,0,0,0.01);border-style: solid;border-width: 1px;\" ><\/i><p style=\"color:#333333;font-size: 16px;\">Garraioko administrazio publikoa<\/p><\/div><div class=\"q_icon_list\"><i class=\"qode_icon_font_awesome fa fa-thumbs-o-up qode-ili-icon-holder circle\" style=\"color: #a31a16;background-color: #ffffff;border-color:rgba(0,0,0,0.01);border-style: solid;border-width: 1px;\" ><\/i><p style=\"color:#333333;font-size: 16px;\">Garraio-operadoreak<\/p><\/div>[vc_empty_space][\/vc_column_inner][\/vc_row_inner][vc_row_inner row_type=&#8221;row&#8221; type=&#8221;full_width&#8221; text_align=&#8221;left&#8221; css_animation=&#8221;&#8221; css=&#8221;.vc_custom_1647515597205{margin-bottom: 30px !important;border-top-width: 1px !important;border-right-width: 1px !important;border-bottom-width: 1px !important;border-left-width: 1px !important;padding-top: 30px !important;padding-bottom: 30px !important;border-left-color: #eeeeee !important;border-left-style: solid !important;border-right-color: #eeeeee !important;border-right-style: solid !important;border-top-color: #eeeeee !important;border-top-style: solid !important;border-bottom-color: #eeeeee !important;border-bottom-style: solid !important;}&#8221;][vc_column_inner][vc_widget_sidebar sidebar_id=&#8221;Content Bottom&#8221;][\/vc_column_inner][\/vc_row_inner][\/vc_column][\/vc_row][vc_row css_animation=&#8221;&#8221; row_type=&#8221;row&#8221; use_row_as_full_screen_section=&#8221;no&#8221; type=&#8221;full_width&#8221; angled_section=&#8221;no&#8221; text_align=&#8221;left&#8221; background_image_as_pattern=&#8221;without_pattern&#8221;][vc_column][vc_column_text]<\/p>\n<h2 style=\"text-align: left;\">Zerbitzuari lotutako proiektuak<\/h2>\n<p>[\/vc_column_text][vc_separator type=&#8221;normal&#8221; color=&#8221;#cccccc&#8221; thickness=&#8221;2&#8243; up=&#8221;15&#8243; down=&#8221;30&#8243;][vc_row_inner row_type=&#8221;row&#8221; type=&#8221;full_width&#8221; text_align=&#8221;left&#8221; css_animation=&#8221;&#8221;][vc_column_inner]<div class='projects_holder_outer v4 portfolio_with_space portfolio_standard'>\n        <div class='projects_holder portfolio_main_holder clearfix v4 standard portfolio_full_image portfolio_one_by_one'>\n        \n        <article class='mix portfolio_category_252 default' style=''>\n    \n    \n    \n    \n            <div class=\"item_holder thin_plus_only\">\n\n                    <div class=\"text_holder\">\n        <div class=\"text_holder_outer\">\n            <div class=\"text_holder_inner\">\n                            <span class=\"thin_plus_only_icon\">+<\/span>\n                        <\/div>\n        <\/div>\n    <\/div>\n\n                                    <a itemprop=\"url\" class=\"portfolio_link_class\" title=\"Garraio publikoko zuzendaritzaren eta lotutako zerbitzuen aholkularitza\" href=\"https:\/\/www.ingartek.com\/eu\/proyecto\/garraio-publikoko-zuzendaritzaren-eta-lotutako-zerbitzuen-aholkularitza\/\"><\/a>\n                \n                <div style=\"\" class=\"portfolio_shader\"><\/div>\n                <div class=\"image_holder\">\n                    \n<span class='image'><img loading=\"lazy\" decoding=\"async\" width=\"350\" height=\"233\" src=\"https:\/\/www.ingartek.com\/wp-content\/uploads\/2018\/06\/consultoria-de-direccion-y-servicios-conexos-en-materia-de-transporte-publico.jpg\" class=\"attachment-full size-full wp-post-image\" alt=\"Consultor\u00eda de direcci\u00f3n y servicios conexos en materia de transporte p\u00fablico\" srcset=\"https:\/\/www.ingartek.com\/wp-content\/uploads\/2018\/06\/consultoria-de-direccion-y-servicios-conexos-en-materia-de-transporte-publico.jpg 350w, https:\/\/www.ingartek.com\/wp-content\/uploads\/2018\/06\/consultoria-de-direccion-y-servicios-conexos-en-materia-de-transporte-publico-300x200.jpg 300w\" sizes=\"auto, (max-width: 350px) 100vw, 350px\" title=\"\"><\/span>                <\/div>\n            <\/div>\n\n                <div class='portfolio_description text_align_center' >\n\n        \n    <h3 itemprop=\"name\" class=\"portfolio_title entry_title\"><a itemprop=\"url\" href=\"https:\/\/www.ingartek.com\/eu\/proyecto\/garraio-publikoko-zuzendaritzaren-eta-lotutako-zerbitzuen-aholkularitza\/\" style=\"color: #333333\" target=\"_self\"> Garraio publikoko zuzendaritzaren eta lotutako zerbitzuen aholkularitza<\/a><\/h3>\n\n\n        \n        \n    <\/div>\n\n        \n<\/article>\n<article class='mix portfolio_category_252 default' style=''>\n    \n    \n    \n    \n            <div class=\"item_holder thin_plus_only\">\n\n                    <div class=\"text_holder\">\n        <div class=\"text_holder_outer\">\n            <div class=\"text_holder_inner\">\n                            <span class=\"thin_plus_only_icon\">+<\/span>\n                        <\/div>\n        <\/div>\n    <\/div>\n\n                                    <a itemprop=\"url\" class=\"portfolio_link_class\" title=\"SAE delakoaren datuen ikuskaritza\" href=\"https:\/\/www.ingartek.com\/eu\/proyecto\/auditoria-de-los-datos-del-sae\/\"><\/a>\n                \n                <div style=\"\" class=\"portfolio_shader\"><\/div>\n                <div class=\"image_holder\">\n                    \n<span class='image'><img loading=\"lazy\" decoding=\"async\" width=\"600\" height=\"400\" src=\"https:\/\/www.ingartek.com\/wp-content\/uploads\/2019\/02\/proyecto-auditoria-datos-SAES.jpg\" class=\"attachment-full size-full wp-post-image\" alt=\"Auditor\u00eda de los datos del SAE\" srcset=\"https:\/\/www.ingartek.com\/wp-content\/uploads\/2019\/02\/proyecto-auditoria-datos-SAES.jpg 600w, https:\/\/www.ingartek.com\/wp-content\/uploads\/2019\/02\/proyecto-auditoria-datos-SAES-300x200.jpg 300w\" sizes=\"auto, (max-width: 600px) 100vw, 600px\" title=\"\"><\/span>                <\/div>\n            <\/div>\n\n                <div class='portfolio_description text_align_center' >\n\n        \n    <h3 itemprop=\"name\" class=\"portfolio_title entry_title\"><a itemprop=\"url\" href=\"https:\/\/www.ingartek.com\/eu\/proyecto\/auditoria-de-los-datos-del-sae\/\" style=\"color: #333333\" target=\"_self\"> SAE delakoaren datuen ikuskaritza<\/a><\/h3>\n\n\n        \n        \n    <\/div>\n\n        \n<\/article>\n        <div class='filler'><\/div>\n            <div class='filler'><\/div>\n            <div class='filler'><\/div>\n            <div class='filler'><\/div>\n        <\/div>\n\n    \n    <\/div>[\/vc_column_inner][\/vc_row_inner][\/vc_column][\/vc_row]<\/p>\n<\/div>","protected":false},"excerpt":{"rendered":"<p>[vc_row css_animation=&#8221;&#8221; row_type=&#8221;row&#8221; use_row_as_full_screen_section=&#8221;no&#8221; type=&#8221;full_width&#8221; angled_section=&#8221;no&#8221; text_align=&#8221;left&#8221; background_image_as_pattern=&#8221;without_pattern&#8221;][vc_column][vc_column_text]Herritarrei emandako zerbitzuak lortutako emaitzen arabera neurtu behar dira, gero horiek optimizatzeko. Emaitzak termino ezberdinetan neurtzen dira. Garraio-zerbitzuen kasuan, adibidez, garbiketa edo puntualtasuna har daitezke aintzat. Horrela, zerbitzuaren kalitate-indizea zehazten da. Hainbat motako&#8230;<\/p>\n","protected":false},"author":2,"featured_media":0,"parent":0,"menu_order":0,"comment_status":"closed","ping_status":"closed","template":"","meta":{"content-type":"","footnotes":""},"class_list":["post-18268","page","type-page","status-publish","hentry"],"_links":{"self":[{"href":"https:\/\/www.ingartek.com\/eu\/wp-json\/wp\/v2\/pages\/18268","targetHints":{"allow":["GET"]}}],"collection":[{"href":"https:\/\/www.ingartek.com\/eu\/wp-json\/wp\/v2\/pages"}],"about":[{"href":"https:\/\/www.ingartek.com\/eu\/wp-json\/wp\/v2\/types\/page"}],"author":[{"embeddable":true,"href":"https:\/\/www.ingartek.com\/eu\/wp-json\/wp\/v2\/users\/2"}],"replies":[{"embeddable":true,"href":"https:\/\/www.ingartek.com\/eu\/wp-json\/wp\/v2\/comments?post=18268"}],"version-history":[{"count":0,"href":"https:\/\/www.ingartek.com\/eu\/wp-json\/wp\/v2\/pages\/18268\/revisions"}],"wp:attachment":[{"href":"https:\/\/www.ingartek.com\/eu\/wp-json\/wp\/v2\/media?parent=18268"}],"curies":[{"name":"wp","href":"https:\/\/api.w.org\/{rel}","templated":true}]}}