{"id":32740,"date":"2025-03-07T16:38:18","date_gmt":"2025-03-07T15:38:18","guid":{"rendered":"https:\/\/www.ingartek.com\/?page_id=32740"},"modified":"2025-07-23T17:28:33","modified_gmt":"2025-07-23T16:28:33","slug":"soluciones-de-movilidad-sostenible-para-eventos","status":"publish","type":"page","link":"https:\/\/www.ingartek.com\/es\/soluciones-de-movilidad-sostenible-para-eventos\/","title":{"rendered":"Planificaci\u00f3n de movilidad para grandes eventos"},"content":{"rendered":"<div class=\"wpb-content-wrapper\"><p>[vc_row css_animation=\u00bb\u00bb row_type=\u00bbrow\u00bb use_row_as_full_screen_section=\u00bbno\u00bb type=\u00bbgrid\u00bb angled_section=\u00bbno\u00bb text_align=\u00bbleft\u00bb background_image_as_pattern=\u00bbwithout_pattern\u00bb z_index=\u00bb\u00bb][vc_column][vc_empty_space height=\u00bb50px\u00bb][vc_row_inner row_type=\u00bbrow\u00bb type=\u00bbfull_width\u00bb text_align=\u00bbleft\u00bb css_animation=\u00bb\u00bb][vc_column_inner width=\u00bb1\/2&#8243; css=\u00bb.vc_custom_1741370179087{padding-right: 30px !important;}\u00bb][vc_empty_space height=\u00bb20px\u00bb][vc_column_text css=\u00bb\u00bb]<\/p>\n<h2 style=\"text-align: left; font-size: 2.3rem !important; color: #3aaa35 !important; line-height: 1.2 !important; text-transform: none !important; font-weight: 700 !important;\">Planificaci\u00f3n de Movilidad para Grandes Eventos<\/h2>\n<p><em><span style=\"color: #000000; font-size: 24px !important; line-height: 1.4 !important;\">Planifica y gestiona la movilidad en eventos deportivos y masivos con estrategias personalizadas, tecnolog\u00eda avanzada y resultados medibles.<\/span><\/em>[\/vc_column_text][vc_empty_space height=\u00bb20px\u00bb][\/vc_column_inner][vc_column_inner width=\u00bb1\/2&#8243;][vc_column_text css=\u00bb\u00bb]La movilidad eficiente en eventos requiere una planificaci\u00f3n cuidadosa, an\u00e1lisis de datos en tiempo real y estrategias centradas en la sostenibilidad para garantizar una log\u00edstica fluida y minimizar el impacto ambiental.<\/p>\n<p>En <b>Ingartek<\/b>, ayudamos a los organizadores de eventos a dise\u00f1ar e implementar <b>planes de movilidad integrales<\/b> que optimizan el transporte, reducen la congesti\u00f3n y mejoran la experiencia general de los asistentes. Nuestra experiencia abarca <b>eventos deportivos, culturales y corporativos<\/b>, asegurando soluciones personalizadas para cada caso.<\/p>\n<p>Para lograr estos resultados, nos apoyamos en <b>tecnolog\u00eda de vanguardia<\/b> y <b>toma de decisiones basada en datos<\/b>, incorporando <b>monitorizaci\u00f3n en tiempo real, optimizaci\u00f3n de rutas y herramientas digitales avanzadas<\/b>. Nuestro equipo analiza m\u00faltiples fuentes de datos\u2014<b>encuestas en campo, sistemas de conteo automatizados, datos de redes m\u00f3viles e informaci\u00f3n de billetes electr\u00f3nicos<\/b>\u2014para desarrollar estrategias que sean <b>eficientes y sostenibles<\/b>.<\/p>\n<p>Consulta m\u00e1s detalles en la p\u00e1gina web de <a href=\"https:\/\/sostenibilidad.ingartek.com\/\" target=\"_blank\" rel=\"noopener nofollow\"><strong>Events and Sustainability<\/strong><\/a>.[\/vc_column_text][\/vc_column_inner][\/vc_row_inner][vc_empty_space height=\u00bb80px\u00bb][\/vc_column][\/vc_row][vc_row css_animation=\u00bb\u00bb row_type=\u00bbrow\u00bb use_row_as_full_screen_section=\u00bbno\u00bb type=\u00bbgrid\u00bb angled_section=\u00bbno\u00bb text_align=\u00bbleft\u00bb background_image_as_pattern=\u00bbwithout_pattern\u00bb z_index=\u00bb\u00bb css=\u00bb.vc_custom_1741369433095{padding-top: 80px !important;padding-bottom: 80px !important;background-image: url(https:\/\/www.ingartek.com\/wp-content\/uploads\/2025\/03\/slide01.jpg?id=32751) !important;background-position: center !important;background-repeat: no-repeat !important;background-size: cover !important;}\u00bb][vc_column]<div class=\"container_inner\"><div class=\"call_to_action simple\" style=\"background-color: #000000AD;padding-top: 30px;padding-bottom: 30px;border-top: 1px solid #FFFFFF00;\"><div class=\"text_wrapper column1\"><div class=\"call_to_action_text  font_size_inherit font_weight_inherit\" style=\"font-size:22px;font-weight: 300;\">\n<p style=\"text-align: center;margin-bottom: 30px\"><span style=\"color: #ffffff;font-size: 28px;line-height: 1.4\">Cada evento presenta <strong>retos \u00fanicos<\/strong>, y en <strong>Ingartek<\/strong> dise\u00f1amos soluciones adaptadas a sus necesidades y caracter\u00edsticas espec\u00edficas.<\/span><\/p>\n<\/div><a itemprop=\"url\" href=\"https:\/\/sostenibilidad.ingartek.com\/\" class=\"qbutton white large\" target=\"_blank\" style=\"color: #FFFFFF;border-color: #3AAA35;background-color:#3AAA35;\" #3AAA35EB #FFFFFF rel=\"nofollow noopener\">Soluciones Sostenibles<\/a><\/div><\/div><\/div>[\/vc_column][\/vc_row][vc_row css_animation=\u00bb\u00bb row_type=\u00bbrow\u00bb use_row_as_full_screen_section=\u00bbno\u00bb type=\u00bbfull_width\u00bb angled_section=\u00bbno\u00bb text_align=\u00bbcenter\u00bb background_image_as_pattern=\u00bbwithout_pattern\u00bb row_negative_margin=\u00bbdisable_negative_margin\u00bb css=\u00bb.vc_custom_1741369401118{background-color: #F6F6F6 !important;}\u00bb z_index=\u00bb\u00bb side_padding=\u00bb0&#8243; padding_top=\u00bb0&#8243; padding_bottom=\u00bb0&#8243;][vc_column][vc_empty_space height=\u00bb80px\u00bb][vc_row_inner row_type=\u00bbrow\u00bb type=\u00bbgrid\u00bb text_align=\u00bbcenter\u00bb css_animation=\u00bb\u00bb][vc_column_inner][vc_column_text css=\u00bb\u00bb]<\/p>\n<h2 style=\"font-size: 2.3rem !important; color: #3aaa35 !important; line-height: 1.2 !important; text-transform: none !important; font-weight: 700 !important; text-align: center;\">Casos de \u00c9xito<\/h2>\n<p class=\"text-center\" style=\"text-align: center;\">Cada evento representa un desaf\u00edo \u00fanico en t\u00e9rminos de movilidad. La afluencia masiva de asistentes, la necesidad de garantizar accesos fluidos y la reducci\u00f3n del impacto ambiental requieren soluciones estrat\u00e9gicas adaptadas a cada contexto.\u00a0 En <strong>Ingartek<\/strong>, hemos desarrollado e implementado planes de movilidad que optimizan la experiencia de los asistentes, reducen la congesti\u00f3n y minimizan la huella de carbono, garantizando un equilibrio entre operatividad, sostenibilidad y eficiencia.<\/p>\n<p>[\/vc_column_text][\/vc_column_inner][\/vc_row_inner][vc_empty_space][\/vc_column][\/vc_row][vc_row css_animation=\u00bb\u00bb row_type=\u00bbrow\u00bb use_row_as_full_screen_section=\u00bbno\u00bb type=\u00bbfull_width\u00bb angled_section=\u00bbno\u00bb text_align=\u00bbcenter\u00bb background_image_as_pattern=\u00bbwithout_pattern\u00bb row_negative_margin=\u00bbdisable_negative_margin\u00bb css=\u00bb.vc_custom_1741370318977{background-color: #F6F6F6 !important;}\u00bb z_index=\u00bb\u00bb side_padding=\u00bb0&#8243; padding_top=\u00bb0&#8243; padding_bottom=\u00bb0&#8243;][vc_column][vc_row_inner row_type=\u00bbrow\u00bb type=\u00bbfull_width\u00bb text_align=\u00bbleft\u00bb css_animation=\u00bb\u00bb css=\u00bb.vc_custom_1741370381423{padding-right: 40px !important;padding-left: 40px !important;}\u00bb][vc_column_inner width=\u00bb1\/3&#8243;]<div class=\"q_image_with_text_over q_iwto_hover\"><div class=\"shader\" style=\"background-color: #0000004D\"><\/div><div class=\"shader_hover\" style=\"background-color: #3AAA35\"><\/div><img decoding=\"async\" itemprop=\"image\" src=\"https:\/\/www.ingartek.com\/wp-content\/uploads\/2025\/04\/caso01.jpg\" alt=\"Ingartek, evento Tour de France 2023\" title=\"\"><div class=\"text\"><table><tr><td><h3 class=\"caption no_icon\" style=\"color: #FFFFFF;font-size: 25px;\">Tour de France 2023<\/h3><\/td><\/tr><\/table><table><tr><td><div class=\"desc\">Desarrollo de un plan de movilidad integral para la gesti\u00f3n de 882.000 asistentes. Optimizaci\u00f3n de rutas y accesos en coordinaci\u00f3n con organismos locales. Implementaci\u00f3n de medidas para minimizar el impacto en el tr\u00e1fico urbano.<\/p>\n<a itemprop=\"url\" href=\"https:\/\/www.ingartek.com\/es\/proyecto\/plan-de-movilidad-del-grand-depart-2023-del-tour-de-francia-en-euskadi\/\" target=\"_self\" class=\"qbutton  default\" style=\"\">Ver proyecto<\/a>\n<p><\/div><\/td><\/tr><\/table><\/div><\/div>[vc_empty_space height=\u00bb20px\u00bb][\/vc_column_inner][vc_column_inner width=\u00bb1\/3&#8243;]<div class=\"q_image_with_text_over q_iwto_hover\"><div class=\"shader\" style=\"background-color: #00000080\"><\/div><div class=\"shader_hover\" style=\"background-color: #3AAA35\"><\/div><img decoding=\"async\" itemprop=\"image\" src=\"https:\/\/www.ingartek.com\/wp-content\/uploads\/2025\/03\/caso02.jpg\" alt=\"Final UEFA Women\u2019s Champions League 2024\" title=\"\"><div class=\"text\"><table><tr><td><h3 class=\"caption no_icon\" style=\"color: #FFFFFF;font-size: 25px;\">Final UEFA Women\u2019s Champions League 2024<\/h3><\/td><\/tr><\/table><table><tr><td><div class=\"desc\">Dise\u00f1o de un sistema de transporte eficiente para asistentes y equipos.\u00a0Uso de herramientas digitales para la gesti\u00f3n del tr\u00e1fico en tiempo real. Estrategias para reducir la huella de carbono del evento.<\/div><\/td><\/tr><\/table><\/div><\/div>[vc_empty_space height=\u00bb20px\u00bb][\/vc_column_inner][vc_column_inner width=\u00bb1\/3&#8243;]<div class=\"q_image_with_text_over q_iwto_hover\"><div class=\"shader\" style=\"background-color: #0000006E\"><\/div><div class=\"shader_hover\" style=\"background-color: #3AAA35\"><\/div><img decoding=\"async\" itemprop=\"image\" src=\"https:\/\/www.ingartek.com\/wp-content\/uploads\/2025\/03\/caso03.jpg\" alt=\"Plan MugITuz \u2013 Athletic Club de Bilbao\" title=\"\"><div class=\"text\"><table><tr><td><h3 class=\"caption no_icon\" style=\"color: #FFFFFF;font-size: 25px;\">Plan MugITuz \u2013 Athletic Club de Bilbao<\/h3><\/td><\/tr><\/table><table><tr><td><div class=\"desc\">Creaci\u00f3n de estrategias para mejorar el acceso al estadio en d\u00edas de partido. Fomento del transporte p\u00fablico y de la movilidad compartida. Optimizaci\u00f3n de los desplazamientos de aficionados, reduciendo atascos y tiempos de espera.<\/div><\/td><\/tr><\/table><\/div><\/div>[\/vc_column_inner][\/vc_row_inner][vc_row_inner row_type=\u00bbrow\u00bb type=\u00bbfull_width\u00bb text_align=\u00bbleft\u00bb css_animation=\u00bb\u00bb css=\u00bb.vc_custom_1741370381423{padding-right: 40px !important;padding-left: 40px !important;}\u00bb][vc_column_inner width=\u00bb1\/3&#8243;]<div class=\"q_image_with_text_over q_iwto_hover\"><div class=\"shader\" style=\"background-color: #0000004D\"><\/div><div class=\"shader_hover\" style=\"background-color: #3AAA35\"><\/div><img decoding=\"async\" itemprop=\"image\" src=\"https:\/\/www.ingartek.com\/wp-content\/uploads\/2025\/07\/ingartek-Final_2teamsv2-01.jpg\" alt=\"Final de la UEFA Europa League 2025\" title=\"\"><div class=\"text\"><table><tr><td><h3 class=\"caption no_icon\" style=\"color: #FFFFFF;font-size: 25px;\">Final de la UEFA Europa League 2025<\/h3><\/td><\/tr><\/table><table><tr><td><div class=\"desc\"><b>FanDepart<\/b> , una plataforma digital desarrollada para <b>gestionar eficientemente la movilidad de m\u00e1s de 100 autobuses de aficionados<\/b> durante la final de la UEFA Europa League 2025 en Bilbao, <b>evitando colapsos<\/b> y optimizando toda la log\u00edstica de transporte.<\/p>\n<p><a itemprop=\"url\" href=\"https:\/\/www.ingartek.com\/en\/proyecto\/final-of-the-2025-uefa-europa-league\/\" target=\"_self\" class=\"qbutton  default\" style=\"\">Ver proyecto<\/a><\/div><\/td><\/tr><\/table><\/div><\/div>[vc_empty_space height=\u00bb20px\u00bb][\/vc_column_inner][vc_column_inner width=\u00bb1\/3&#8243;][\/vc_column_inner][vc_column_inner width=\u00bb1\/3&#8243;][\/vc_column_inner][\/vc_row_inner][vc_empty_space height=\u00bb50px\u00bb]<a itemprop=\"url\" href=\"https:\/\/sostenibilidad.ingartek.com\/\" target=\"_blank\" data-hover-background-color=\"#3AAA35EB\" data-hover-border-color=\"#3AAA35EB\" class=\"qbutton  large center default  qode-button-shadow\" style=\"color: #FFFFFF; border-color: #3AAA35; background-color:#3AAA35;\" rel=\"nofollow noopener\">M\u00c1S INFORMACI\u00d3N<\/a>[vc_empty_space height=\u00bb80px\u00bb][\/vc_column][\/vc_row]<\/p>\n<\/div>","protected":false},"excerpt":{"rendered":"<p>[vc_row css_animation=\u00bb\u00bb row_type=\u00bbrow\u00bb use_row_as_full_screen_section=\u00bbno\u00bb type=\u00bbgrid\u00bb angled_section=\u00bbno\u00bb text_align=\u00bbleft\u00bb background_image_as_pattern=\u00bbwithout_pattern\u00bb z_index=\u00bb\u00bb][vc_column][vc_empty_space height=\u00bb50px\u00bb][vc_row_inner row_type=\u00bbrow\u00bb type=\u00bbfull_width\u00bb text_align=\u00bbleft\u00bb css_animation=\u00bb\u00bb][vc_column_inner width=\u00bb1\/2&#8243; css=\u00bb.vc_custom_1741370179087{padding-right: 30px !important;}\u00bb][vc_empty_space height=\u00bb20px\u00bb][vc_column_text css=\u00bb\u00bb] Planificaci\u00f3n de Movilidad para Grandes Eventos Planifica y gestiona la movilidad en eventos deportivos y masivos con estrategias personalizadas, tecnolog\u00eda&#8230;<\/p>\n","protected":false},"author":2,"featured_media":0,"parent":0,"menu_order":0,"comment_status":"closed","ping_status":"closed","template":"full_width.php","meta":{"content-type":"","footnotes":""},"class_list":["post-32740","page","type-page","status-publish","hentry"],"_links":{"self":[{"href":"https:\/\/www.ingartek.com\/es\/wp-json\/wp\/v2\/pages\/32740","targetHints":{"allow":["GET"]}}],"collection":[{"href":"https:\/\/www.ingartek.com\/es\/wp-json\/wp\/v2\/pages"}],"about":[{"href":"https:\/\/www.ingartek.com\/es\/wp-json\/wp\/v2\/types\/page"}],"author":[{"embeddable":true,"href":"https:\/\/www.ingartek.com\/es\/wp-json\/wp\/v2\/users\/2"}],"replies":[{"embeddable":true,"href":"https:\/\/www.ingartek.com\/es\/wp-json\/wp\/v2\/comments?post=32740"}],"version-history":[{"count":0,"href":"https:\/\/www.ingartek.com\/es\/wp-json\/wp\/v2\/pages\/32740\/revisions"}],"wp:attachment":[{"href":"https:\/\/www.ingartek.com\/es\/wp-json\/wp\/v2\/media?parent=32740"}],"curies":[{"name":"wp","href":"https:\/\/api.w.org\/{rel}","templated":true}]}}