{"id":32577,"date":"2025-02-10T17:07:56","date_gmt":"2025-02-10T16:07:56","guid":{"rendered":"https:\/\/www.ingartek.com\/?page_id=32577"},"modified":"2025-02-14T12:40:52","modified_gmt":"2025-02-14T11:40:52","slug":"scale","status":"publish","type":"page","link":"https:\/\/www.ingartek.com\/es\/id\/scale\/","title":{"rendered":"SCALE"},"content":{"rendered":"<p>El proyecto <a href=\"https:\/\/ec.europa.eu\/info\/funding-tenders\/opportunities\/portal\/screen\/opportunities\/projects-details\/43251567\/101172496\/CEF2027\" rel=\"nofollow noopener\" target=\"_blank\"><b>SCALE<\/b><\/a> tiene como objetivo ampliar el despliegue de servicios maduros de <b>Sistemas de transporte inteligente cooperativos<\/b> (C-ITS) y apoyar el desarrollo t\u00e9cnico y las evaluaciones de impacto para el despliegue a gran escala de nuevos casos de uso de C-ITS en 10 sitios representativos de Pilotos y Operaciones en Europa. El proyecto establecer\u00e1 incentivos adecuados para impulsar la transici\u00f3n hacia una nueva generaci\u00f3n de servicios de transporte y movilidad inteligente, contribuyendo a asegurar el liderazgo europeo en este \u00e1mbito y abordando los problemas que hasta ahora han dificultado la industrializaci\u00f3n del ecosistema C-ITS en Europa.<\/p>\n<p><img loading=\"lazy\" decoding=\"async\" class=\"alignnone size-full wp-image-32554\" src=\"https:\/\/www.ingartek.com\/wp-content\/uploads\/2025\/02\/scale_cef_project_logo.jpg\" alt=\"SCALE\" width=\"250\" height=\"130\" title=\"\"><\/p>\n<p>Con un consorcio que incluye a <b>Ingartek<\/b> representativo de las partes interesadas en el transporte y la movilidad, el proyecto <b>SCALE<\/b> espera fomentar la adopci\u00f3n de C-ITS en todos los grupos de inter\u00e9s relevantes, produciendo un conjunto global de casos de uso pr\u00e1cticos, herramientas tecnol\u00f3gicas, resultados de evaluaci\u00f3n de impacto y procesos de toma de decisiones para maximizar su industrializaci\u00f3n.<\/p>\n<p>&nbsp;<\/p>\n<p><img loading=\"lazy\" decoding=\"async\" class=\"alignnone size-medium wp-image-32693\" src=\"https:\/\/www.ingartek.com\/wp-content\/uploads\/2025\/02\/logo-european-union-Co-funded-300x81.jpg\" alt=\"\" width=\"300\" height=\"81\" title=\"\" srcset=\"https:\/\/www.ingartek.com\/wp-content\/uploads\/2025\/02\/logo-european-union-Co-funded-300x81.jpg 300w, https:\/\/www.ingartek.com\/wp-content\/uploads\/2025\/02\/logo-european-union-Co-funded.jpg 432w\" sizes=\"auto, (max-width: 300px) 100vw, 300px\" \/><\/p>\n<p>&nbsp;<\/p>\n<hr \/>\n<p>&nbsp;<\/p>\n<a itemprop=\"url\" href=\"https:\/\/www.ingartek.com\/es\/id\/\" target=\"_self\" class=\"qbutton  default\" style=\"\">Ver todos los proyectos I+D<\/a>\n<p>&nbsp;<\/p>\n","protected":false},"excerpt":{"rendered":"<p>El proyecto SCALE tiene como objetivo ampliar el despliegue de servicios maduros de Sistemas de transporte inteligente cooperativos (C-ITS) y apoyar el desarrollo t\u00e9cnico y las evaluaciones de impacto para el despliegue a gran escala de nuevos casos de uso&#8230;<\/p>\n","protected":false},"author":2,"featured_media":0,"parent":18065,"menu_order":0,"comment_status":"closed","ping_status":"closed","template":"","meta":{"content-type":"","footnotes":""},"class_list":["post-32577","page","type-page","status-publish","hentry"],"_links":{"self":[{"href":"https:\/\/www.ingartek.com\/es\/wp-json\/wp\/v2\/pages\/32577","targetHints":{"allow":["GET"]}}],"collection":[{"href":"https:\/\/www.ingartek.com\/es\/wp-json\/wp\/v2\/pages"}],"about":[{"href":"https:\/\/www.ingartek.com\/es\/wp-json\/wp\/v2\/types\/page"}],"author":[{"embeddable":true,"href":"https:\/\/www.ingartek.com\/es\/wp-json\/wp\/v2\/users\/2"}],"replies":[{"embeddable":true,"href":"https:\/\/www.ingartek.com\/es\/wp-json\/wp\/v2\/comments?post=32577"}],"version-history":[{"count":0,"href":"https:\/\/www.ingartek.com\/es\/wp-json\/wp\/v2\/pages\/32577\/revisions"}],"up":[{"embeddable":true,"href":"https:\/\/www.ingartek.com\/es\/wp-json\/wp\/v2\/pages\/18065"}],"wp:attachment":[{"href":"https:\/\/www.ingartek.com\/es\/wp-json\/wp\/v2\/media?parent=32577"}],"curies":[{"name":"wp","href":"https:\/\/api.w.org\/{rel}","templated":true}]}}