{"id":32560,"date":"2025-02-10T16:50:39","date_gmt":"2025-02-10T15:50:39","guid":{"rendered":"https:\/\/www.ingartek.com\/?page_id=32560"},"modified":"2025-02-14T12:41:00","modified_gmt":"2025-02-14T11:41:00","slug":"ds4mob-models","status":"publish","type":"page","link":"https:\/\/www.ingartek.com\/es\/id\/ds4mob-models\/","title":{"rendered":"DS4MOB MODELS"},"content":{"rendered":"<p>El proyecto <a href=\"https:\/\/www.ds4mobmodels.eu\/\" rel=\"nofollow noopener\" target=\"_blank\"><b>DS4MOBMODELS<\/b><\/a>, en el que participa <b>Ingartek<\/b>, tiene como objetivo crear un espacio avanzado de datos de movilidad, integrando datos de transporte, tr\u00e1fico y viajes de diversas regiones, incluyendo Espa\u00f1a, la Euroregi\u00f3n Nouvelle-Aquitaine-Euskadi-Navarra y la regi\u00f3n de Centro de Portugal. El objetivo principal del proyecto es mejorar la disponibilidad, calidad e interoperabilidad de los datos de movilidad, especialmente a trav\u00e9s de la aplicaci\u00f3n de Indicadores de Movilidad Urbana Sostenible (SUMI), para abordar casos clave relacionados con la movilidad urbana sostenible, la gesti\u00f3n del tr\u00e1fico y las operaciones en tiempo real dentro de la Red Transeuropea de Transporte (TEN-T).<\/p>\n<p><img loading=\"lazy\" decoding=\"async\" class=\"alignnone size-full wp-image-32541\" src=\"https:\/\/www.ingartek.com\/wp-content\/uploads\/2025\/02\/logo-DS4MOB.jpg\" alt=\"DS4MOB MODELS\" width=\"266\" height=\"100\" title=\"\"><\/p>\n<p>Para ello, el proyecto desarrollar\u00e1 una plataforma de datos integral que agrupar\u00e1 una amplia variedad de fuentes de datos, tanto p\u00fablicas como privadas, a trav\u00e9s de diferentes regiones. Esta plataforma facilitar\u00e1 la integraci\u00f3n de diversos modelos de movilidad (micro, meso y macro) y el uso de herramientas de ciencia de datos para garantizar una gesti\u00f3n eficiente, segura y sostenible de la movilidad. Adem\u00e1s, el proyecto establecer\u00e1 una s\u00f3lida gobernanza de los datos, en cumplimiento con las normativas europeas y nacionales, asegurando el acceso seguro e interoperable a los datos para todos los interesados de manera transparente y no discriminatoria.<\/p>\n<p>&nbsp;<\/p>\n<p><img loading=\"lazy\" decoding=\"async\" class=\"alignnone size-medium wp-image-32693\" src=\"https:\/\/www.ingartek.com\/wp-content\/uploads\/2025\/02\/logo-european-union-Co-funded-300x81.jpg\" alt=\"\" width=\"300\" height=\"81\" title=\"\" srcset=\"https:\/\/www.ingartek.com\/wp-content\/uploads\/2025\/02\/logo-european-union-Co-funded-300x81.jpg 300w, https:\/\/www.ingartek.com\/wp-content\/uploads\/2025\/02\/logo-european-union-Co-funded.jpg 432w\" sizes=\"auto, (max-width: 300px) 100vw, 300px\" \/><\/p>\n<p>&nbsp;<\/p>\n<hr \/>\n<p>&nbsp;<\/p>\n<a itemprop=\"url\" href=\"https:\/\/www.ingartek.com\/es\/id\/\" target=\"_self\" class=\"qbutton  default\" style=\"\">Ver todos los proyectos I+D<\/a>\n<p>&nbsp;<\/p>\n","protected":false},"excerpt":{"rendered":"<p>El proyecto DS4MOBMODELS, en el que participa Ingartek, tiene como objetivo crear un espacio avanzado de datos de movilidad, integrando datos de transporte, tr\u00e1fico y viajes de diversas regiones, incluyendo Espa\u00f1a, la Euroregi\u00f3n Nouvelle-Aquitaine-Euskadi-Navarra y la regi\u00f3n de Centro de&#8230;<\/p>\n","protected":false},"author":2,"featured_media":0,"parent":18065,"menu_order":0,"comment_status":"closed","ping_status":"closed","template":"","meta":{"content-type":"","footnotes":""},"class_list":["post-32560","page","type-page","status-publish","hentry"],"_links":{"self":[{"href":"https:\/\/www.ingartek.com\/es\/wp-json\/wp\/v2\/pages\/32560","targetHints":{"allow":["GET"]}}],"collection":[{"href":"https:\/\/www.ingartek.com\/es\/wp-json\/wp\/v2\/pages"}],"about":[{"href":"https:\/\/www.ingartek.com\/es\/wp-json\/wp\/v2\/types\/page"}],"author":[{"embeddable":true,"href":"https:\/\/www.ingartek.com\/es\/wp-json\/wp\/v2\/users\/2"}],"replies":[{"embeddable":true,"href":"https:\/\/www.ingartek.com\/es\/wp-json\/wp\/v2\/comments?post=32560"}],"version-history":[{"count":0,"href":"https:\/\/www.ingartek.com\/es\/wp-json\/wp\/v2\/pages\/32560\/revisions"}],"up":[{"embeddable":true,"href":"https:\/\/www.ingartek.com\/es\/wp-json\/wp\/v2\/pages\/18065"}],"wp:attachment":[{"href":"https:\/\/www.ingartek.com\/es\/wp-json\/wp\/v2\/media?parent=32560"}],"curies":[{"name":"wp","href":"https:\/\/api.w.org\/{rel}","templated":true}]}}