{"id":26415,"date":"2023-06-12T10:07:44","date_gmt":"2023-06-12T09:07:44","guid":{"rendered":"https:\/\/www.ingartek.com\/?page_id=26415"},"modified":"2023-06-12T10:07:44","modified_gmt":"2023-06-12T09:07:44","slug":"msae","status":"publish","type":"page","link":"https:\/\/www.ingartek.com\/es\/msae\/","title":{"rendered":"mSAE"},"content":{"rendered":"<div class=\"wpb-content-wrapper\"><p>[vc_row css_animation=\u00bb\u00bb row_type=\u00bbrow\u00bb use_row_as_full_screen_section=\u00bbno\u00bb type=\u00bbfull_width\u00bb angled_section=\u00bbno\u00bb text_align=\u00bbleft\u00bb background_image_as_pattern=\u00bbwithout_pattern\u00bb][vc_column][vc_column_text][vc_separator type=&#8217;transparent&#8217; position=&#8217;center&#8217; color=\u00bb thickness=\u00bb up=&#8217;5px&#8217; down=&#8217;5px&#8217;]<\/p>\n<h2>CONDICIONES DE USO Y POL\u00cdTICA DE PRIVACIDAD DE mSAE<\/h2>\n<p>[vc_separator type=&#8217;transparent&#8217; position=&#8217;center&#8217; color=\u00bb thickness=\u00bb up=&#8217;5px&#8217; down=&#8217;5px&#8217;]<\/p>\n<h3>1.\u00a0 CONDICIONES GENERALES DE USO<\/h3>\n<p>[vc_separator type=&#8217;normal&#8217; position=&#8217;center&#8217; color=\u00bb thickness=\u00bb up=&#8217;5px&#8217; down=&#8217;5px&#8217;]<\/p>\n<p>El presente documento tiene por objeto establecer las Condiciones Generales de Uso de las aplicaciones m\u00f3viles titularidad de INGARTEK CONSULTING, S.L. (en adelante INGARTEK) con domicilio social en Bilbao (48001 Vizcaya), C\/ PLAZA VENEZUELA 1, 1\u00baD y CIF n\u00famero B95552899 e inscrita en el Registro Mercantil de Vizcaya, al Tomo 5,17 Folio 43, hoja BI-53855.<\/p>\n<p>INGARTEK se reserva el derecho a modificar las presentes Condiciones de Uso con el objeto de adecuarlas a la legislaci\u00f3n vigente aplicable en cada momento.<\/p>\n<p>Las presentes Condiciones de Uso no excluyen la posibilidad de que determinados Servicios de las aplicaciones, por sus caracter\u00edsticas particulares, sean sometidos, adem\u00e1s de a las Condiciones Generales de Uso, a sus propias condiciones particulares de uso (en adelante las Condiciones Particulares).<\/p>\n<p>La Empresa podr\u00e1, en cualquier momento y sin necesidad de previo aviso, realizar cambios y actualizaciones de las presentes Condiciones de Uso y de la Pol\u00edtica de Privacidad. Estos cambios ser\u00e1n publicados en la Web y\/o en la\/s Aplicaci\u00f3n\/es y ser\u00e1n efectivos desde el momento de su publicaci\u00f3n.<\/p>\n<p>Como consecuencia de lo anterior, el Usuario deber\u00e1 revisar peri\u00f3dicamente si hay cambios en estas Condiciones y, tanto si existe consentimiento expreso como si no, si el Usuario contin\u00faa usando el Servicio tras la publicaci\u00f3n, ello implica la aceptaci\u00f3n y asunci\u00f3n de los mismos. En caso de que no est\u00e9 de acuerdo con las actualizaciones de las Condiciones de uso o de la Pol\u00edtica de Privacidad, podr\u00e1 renunciar dejando de usar el Servicio.<\/p>\n<p>El acceso y descarga de la aplicaci\u00f3n es gratuito salvo en lo relativo al coste de la conexi\u00f3n a trav\u00e9s de la red de telecomunicaciones suministrada por el proveedor de acceso contratado por los usuarios.<\/p>\n<p>La descarga y uso de la aplicaci\u00f3n atribuye la condici\u00f3n de usuario de la misma (en adelante, el \u2018Usuario&#8217;) e implica la lectura, entendimiento y aceptaci\u00f3n de todos los t\u00e9rminos y condiciones recogidas por la presente.<\/p>\n<p>[vc_separator type=&#8217;transparent&#8217; position=&#8217;center&#8217; color=\u00bb thickness=\u00bb up=&#8217;5px&#8217; down=&#8217;5px&#8217;]<\/p>\n<h4>USO DE LA APLICACI\u00d3N M\u00d3VIL Y SUS SERVICIOS<\/h4>\n<p>[vc_separator type=&#8217;transparent&#8217; position=&#8217;center&#8217; color=\u00bb thickness=\u00bb up=&#8217;5px&#8217; down=&#8217;5px&#8217;]<\/p>\n<p>El Usuario reconoce y acepta que el uso de los contenidos y\/o servicios ofrecidos por la presente aplicaci\u00f3n m\u00f3vil ser\u00e1 bajo su exclusivo riesgo y\/o responsabilidad. El Usuario se compromete a utilizar la presente aplicaci\u00f3n m\u00f3vil y todo su contenido y Servicios de conformidad con la ley, la moral, el orden p\u00fablico y las presentes Condiciones de Uso, y las Condiciones Particulares que, en su caso, le sean de aplicaci\u00f3n. Asimismo, se compromete hacer un uso adecuado de los servicios y\/o contenidos de la aplicaci\u00f3n m\u00f3vil y a no emplearlos para realizar actividades il\u00edcitas o constitutivas de delito, que atenten contra los derechos de terceros y\/o que infrinjan la regulaci\u00f3n sobre propiedad intelectual e industrial, o cualesquiera otras normas del ordenamiento jur\u00eddico aplicable. En particular, el Usuario se compromete a no trasmitir, introducir, difundir y poner a disposici\u00f3n de terceros, cualquier tipo de material e informaci\u00f3n (datos contenidos, mensajes, dibujos, archivos de sonido e imagen, fotograf\u00edas, software, etc.) que sean contrarios a la ley, la moral, el orden p\u00fablico y las presentes Condiciones de Uso y, en su caso, a las Condiciones Particulares que le sean de aplicaci\u00f3n. A t\u00edtulo enunciativo, y en ning\u00fan caso limitativo o excluyente, el Usuario se compromete a:<\/p>\n<ul>\n<li>No introducir o difundir contenidos o propaganda de car\u00e1cter racista, xen\u00f3fobo, pornogr\u00e1fico, de apolog\u00eda del terrorismo o que atenten contra los derechos humanos.<\/li>\n<li>No introducir o difundir en la red programas de datos (virus y software nocivo) susceptibles de provocar da\u00f1os en los sistemas inform\u00e1ticos del proveedor de acceso, sus proveedores o terceros usuarios de la red Internet.<\/li>\n<li>No difundir, transmitir o poner a disposici\u00f3n de terceros cualquier tipo de informaci\u00f3n, elemento o contenido que atente contra los derechos fundamentales y las libertades p\u00fablicas reconocidos constitucionalmente y en los tratados internacionales.<\/li>\n<li>No difundir, transmitir o poner a disposici\u00f3n de terceros cualquier tipo de informaci\u00f3n, elemento o contenido que constituya publicidad il\u00edcita o desleal.<\/li>\n<li>No transmitir publicidad no solicitada o autorizada, material publicitario, \u00abcorreo basura\u00bb, \u00abcartas en cadena\u00bb, \u00abestructuras piramidales\u00bb, o cualquier otra forma de solicitaci\u00f3n, excepto en aquellas \u00e1reas (tales como espacios comerciales) que hayan sido exclusivamente concebidas para ello.<\/li>\n<li>No introducir o difundir cualquier informaci\u00f3n y contenidos falsos, ambiguos o inexactos de forma que induzca a error a los receptores de la informaci\u00f3n.<\/li>\n<li>No suplantar a otros usuarios utilizando sus claves de registro a los distintos servicios y\/o contenidos de los Portales.<\/li>\n<li>No difundir, transmitir o poner a disposici\u00f3n de terceros cualquier tipo de informaci\u00f3n, elemento o contenido que suponga una violaci\u00f3n de los derechos de propiedad intelectual e industrial, patentes, marcas o copyright que correspondan a los titulares de los Portales o a terceros.<\/li>\n<li>No difundir, transmitir o poner a disposici\u00f3n de terceros cualquier tipo de informaci\u00f3n, elemento o contenido que suponga una violaci\u00f3n del secreto de las comunicaciones y la legislaci\u00f3n de datos de car\u00e1cter personal<\/li>\n<\/ul>\n<p>[vc_separator type=&#8217;transparent&#8217; position=&#8217;center&#8217; color=\u00bb thickness=\u00bb up=&#8217;5px&#8217; down=&#8217;5px&#8217;]<\/p>\n<h4>PROPIEDAD INTELECTUAL E INDUSTRIAL<\/h4>\n<p>[vc_separator type=&#8217;transparent&#8217; position=&#8217;center&#8217; color=\u00bb thickness=\u00bb up=&#8217;5px&#8217; down=&#8217;5px&#8217;]<\/p>\n<p>INGARTEK se reserva todos los derechos sobre las marcas, nombres comerciales o dem\u00e1s signos distintivos, las patentes, y la propiedad intelectual, con respecto al contenido y dise\u00f1o de la aplicaci\u00f3n. Todos los contenidos de la misma, incluyendo sin car\u00e1cter limitativo, textos, gr\u00e1ficos, im\u00e1genes, su dise\u00f1o y los derechos de propiedad intelectual que pudieran corresponder a dichos contenidos, as\u00ed como las marcas, nombres comerciales o cualquier otro signo distintivo son propiedad de INGARTEK, quedando reservados todos los derechos sobre los mismos. Las marcas, nombres comerciales o signos distintivos son titularidad de INGARTEK, sin que pueda entenderse que la descarga, acceso y uso de la aplicaci\u00f3n le atribuya ning\u00fan derecho sobre las citadas marcas, nombres comerciales y\/o signos distintivos.<\/p>\n<p>[vc_separator type=&#8217;transparent&#8217; position=&#8217;center&#8217; color=\u00bb thickness=\u00bb up=&#8217;5px&#8217; down=&#8217;5px&#8217;]<\/p>\n<h4>EXCLUSION DE GARANT\u00cdAS. RESPONSABILIDAD<\/h4>\n<p>[vc_separator type=&#8217;transparent&#8217; position=&#8217;center&#8217; color=\u00bb thickness=\u00bb up=&#8217;5px&#8217; down=&#8217;5px&#8217;]<\/p>\n<p>INGARTEK no garantiza en todo momento la disponibilidad de acceso y continuidad del funcionamiento de la presente aplicaci\u00f3n m\u00f3vil y de sus servicios, por lo que INGARTEK no ser\u00e1 responsable, con los l\u00edmites establecidos en el Ordenamiento Jur\u00eddico vigente, de los da\u00f1os y perjuicios causados al Usuario como consecuencia de la indisponibilidad, fallos de acceso y falta de continuidad de la presente aplicaci\u00f3n m\u00f3vil y sus Servicios.<\/p>\n<p>INGARTEK responder\u00e1 \u00fanica y exclusivamente de los Servicios que preste por s\u00ed misma y de los contenidos directamente originados por la empresa e identificados con su copyright. Dicha responsabilidad quedar\u00e1 excluida en los casos en que concurran causas de fuerza mayor o en los supuestos en que la configuraci\u00f3n de los dispositivos del Usuario no sea la adecuada para permitir el correcto uso de los servicios de Internet prestados por INGARTEK.<\/p>\n<p>INGARTEK no se responsabilizar\u00e1 de los da\u00f1os o cualquier tipo de accidente que pudiera causar el uso de la aplicaci\u00f3n mientras el usuario circula con veh\u00edculo. INGARTEK recomienda no usar ning\u00fan tipo de dispositivo que pudiera causar distracci\u00f3n alguna en circulaci\u00f3n por las v\u00edas.<\/p>\n<p>La descarga, acceso y uso de la aplicaci\u00f3n en los dispositivos m\u00f3viles o similares, no implica la obligaci\u00f3n por parte de INGARTEK de controlar la ausencia de virus, gusanos o cualquier otro elemento inform\u00e1tico da\u00f1ino. Corresponde al Usuario, en todo caso, la disponibilidad de herramientas adecuadas para la detecci\u00f3n y desinfecci\u00f3n de programas inform\u00e1ticos da\u00f1inos.<\/p>\n<p>[vc_separator type=&#8217;transparent&#8217; position=&#8217;center&#8217; color=\u00bb thickness=\u00bb up=&#8217;5px&#8217; down=&#8217;5px&#8217;]<\/p>\n<h4>CONDUCTA DE LOS USUARIOS<\/h4>\n<p>[vc_separator type=&#8217;transparent&#8217; position=&#8217;center&#8217; color=\u00bb thickness=\u00bb up=&#8217;5px&#8217; down=&#8217;5px&#8217;]<\/p>\n<p>INGARTEK no garantiza que los Usuarios de la presente aplicaci\u00f3n m\u00f3vil utilicen los contenidos y\/o servicios del mismo de conformidad con la ley, la moral, el orden p\u00fablico, ni las presentes Condiciones Generales y, en su caso, las condiciones Particulares que resulten de aplicaci\u00f3n. Asimismo, no garantiza la veracidad y exactitud, exhaustividad y\/o autenticidad de los datos proporcionados por los Usuarios.<\/p>\n<p>INGARTEK no ser\u00e1 responsable, indirecta ni subsidiariamente, de los da\u00f1os y perjuicios de cualquier naturaleza derivados de la utilizaci\u00f3n de los Servicios y Contenidos de la aplicaci\u00f3n por parte de los Usuarios o que puedan derivarse de la falta de veracidad, exactitud y\/o autenticidad de los datos o informaciones proporcionadas por los Usuarios, o de la suplantaci\u00f3n de la identidad de un tercero efectuada por un Usuario en cualquier clase de actuaci\u00f3n a trav\u00e9s de la presente aplicaci\u00f3n m\u00f3vil. Por lo tanto, el uso de esta aplicaci\u00f3n no implica la obligaci\u00f3n por parte de INGARTEK de comprobar la veracidad, exactitud, adecuaci\u00f3n, idoneidad, exhaustividad y actualidad de la informaci\u00f3n suministrada a trav\u00e9s de la misma.<\/p>\n<p>INGARTEK no se responsabiliza de las decisiones tomadas a partir de la informaci\u00f3n suministrada a trav\u00e9s de la aplicaci\u00f3n ni de los da\u00f1os y perjuicios producidos en el Usuario o terceros con motivo de actuaciones que tengan como \u00fanico fundamento la informaci\u00f3n obtenida en la aplicaci\u00f3n.<\/p>\n<p>[vc_separator type=&#8217;transparent&#8217; position=&#8217;center&#8217; color=\u00bb thickness=\u00bb up=&#8217;5px&#8217; down=&#8217;5px&#8217;]<\/p>\n<h3>2.\u00a0\u00a0\u00a0\u00a0\u00a0 POLITICA PRIVACIDAD<\/h3>\n<p>[vc_separator type=&#8217;normal&#8217; position=&#8217;center&#8217; color=\u00bb thickness=\u00bb up=&#8217;5px&#8217; down=&#8217;5px&#8217;]<\/p>\n<p>INGARTEK desea poner en conocimiento de los usuarios y clientes de la\/s aplicaci\u00f3n\/es, la pol\u00edtica llevada a cabo respecto al tratamiento de todos los datos de car\u00e1cter personal que por la utilizaci\u00f3n de las funciones de la\/s aplicaci\u00f3n\/es se faciliten a la empresa.<\/p>\n<p>[vc_separator type=&#8217;transparent&#8217; position=&#8217;center&#8217; color=\u00bb thickness=\u00bb up=&#8217;5px&#8217; down=&#8217;5px&#8217;]<\/p>\n<h4>IDENTIFICACI\u00d3N DEL RESPONSABLE DE FICHERO<\/h4>\n<p>[vc_separator type=&#8217;transparent&#8217; position=&#8217;center&#8217; color=\u00bb thickness=\u00bb up=&#8217;5px&#8217; down=&#8217;5px&#8217;]<\/p>\n<p>INGARTEK CONSULTING, S.L. (en adelante INGARTEK), con domicilio social en Bilbao (48001 Vizcaya), C\/ PLAZA VENEZUELA N\u00ba1, 1\u00baDD y CIF n\u00famero B95552899 e inscrita en el Registro Mercantil de Vizcaya, al Tomo 5,17 Folio 43, hoja BI-53855, informa a los usuarios y clientes de la aplicaci\u00f3n de la existencia de un fichero automatizado de datos personales cuyo responsable es INGARTEK.<\/p>\n<p>[vc_separator type=&#8217;transparent&#8217; position=&#8217;center&#8217; color=\u00bb thickness=\u00bb up=&#8217;5px&#8217; down=&#8217;5px&#8217;]<\/p>\n<h4>FINALIDAD DEL FICHERO<\/h4>\n<p>[vc_separator type=&#8217;transparent&#8217; position=&#8217;center&#8217; color=\u00bb thickness=\u00bb up=&#8217;5px&#8217; down=&#8217;5px&#8217;]<\/p>\n<p>Todos los datos que se solicitan a los usuarios y clientes a trav\u00e9s de la aplicaci\u00f3n para dispositivos m\u00f3viles ser\u00e1n necesarios para prestar el servicio objeto del servicio en virtud del cual se ha procedido a la descarga e instalaci\u00f3n de la\/s aplicaci\u00f3n\/es en los correspondientes dispositivos.<\/p>\n<p>[vc_separator type=&#8217;transparent&#8217; position=&#8217;center&#8217; color=\u00bb thickness=\u00bb up=&#8217;5px&#8217; down=&#8217;5px&#8217;]<\/p>\n<h4>CONSENTIMIENTO<\/h4>\n<p>[vc_separator type=&#8217;transparent&#8217; position=&#8217;center&#8217; color=\u00bb thickness=\u00bb up=&#8217;5px&#8217; down=&#8217;5px&#8217;]<\/p>\n<p>La utilizaci\u00f3n de la aplicaci\u00f3n dar\u00e1 lugar al tratamiento de datos de car\u00e1cter personal que INGARTEK, en su caso, llevar\u00e1 a cabo de acuerdo con las normas y procedimientos internos establecidos al efecto, que son conocidos por los clientes y usuarios y autorizados por \u00e9stos.<\/p>\n<p>INGARTEK, al amparo de lo previsto en el art\u00edculo 12 de la Ley Org\u00e1nica 15\/1999, de 13 de diciembre, de Protecci\u00f3n de Datos de Car\u00e1cter Personal, podr\u00e1 subcontratar con otras empresas o profesionales la ejecuci\u00f3n material de todas o alguna de las prestaciones de servicios sin que en ning\u00fan caso tal comunicaci\u00f3n constituya una cesi\u00f3n de datos, garantizando a los clientes y usuarios de la aplicaci\u00f3n que los datos facilitados no se aplicar\u00e1n ni utilizar\u00e1n con un fin distinto al establecido.<\/p>\n<p>[vc_separator type=&#8217;transparent&#8217; position=&#8217;center&#8217; color=\u00bb thickness=\u00bb up=&#8217;5px&#8217; down=&#8217;5px&#8217;]<\/p>\n<h4>GARANT\u00cdA Y PROTECCI\u00d3N DE DATOS<\/h4>\n<p>[vc_separator type=&#8217;transparent&#8217; position=&#8217;center&#8217; color=\u00bb thickness=\u00bb up=&#8217;5px&#8217; down=&#8217;5px&#8217;]<\/p>\n<p>En el tratamiento de los datos de car\u00e1cter personal, INGARTEK se compromete a garantizar y proteger las libertades p\u00fablicas y los derechos fundamentales de las personas f\u00edsicas de los ficheros y, especialmente, su honor y su intimidad familiar y personal, oblig\u00e1ndose en este sentido, a efectuar el correspondiente tratamiento de datos de acuerdo con la normativa vigente en cada momento y a guardar el m\u00e1s absoluto secreto en relaci\u00f3n con la informaci\u00f3n entregada por los clientes y usuarios.<\/p>\n<p>Los datos de car\u00e1cter personal objeto de tratamiento no se utilizar\u00e1n para otras finalidades que no se encuentren aqu\u00ed recogidas o, en su caso, por otro documento o contrato que vinculase a ambas partes con condiciones particulares.<\/p>\n<p>INGARTEK, salvo consentimiento expreso por parte de los usuarios y clientes, no realizar\u00e1 cesiones ni comunicaciones de datos que no est\u00e9n previstos en el art. 11.2. LOPD.<\/p>\n<p>[vc_separator type=&#8217;transparent&#8217; position=&#8217;center&#8217; color=\u00bb thickness=\u00bb up=&#8217;5px&#8217; down=&#8217;5px&#8217;]<\/p>\n<h4>CALIDAD DE LOS DATOS<\/h4>\n<p>[vc_separator type=&#8217;transparent&#8217; position=&#8217;center&#8217; color=\u00bb thickness=\u00bb up=&#8217;5px&#8217; down=&#8217;5px&#8217;]<\/p>\n<h4>Los usuarios y clientes deber\u00e1n velar por el cumplimiento de todas las medidas t\u00e9cnicas y organizativas necesarias con la finalidad de garantizar la seguridad de los datos de car\u00e1cter personal, evitando su alteraci\u00f3n, p\u00e9rdida, tratamiento o acceso no autorizado. Los datos que se comuniquen a trav\u00e9s de la aplicaci\u00f3n tendr\u00e1n que ser exactos y puestos al d\u00eda siendo de exclusiva responsabilidad de los clientes y usuarios la actualizaci\u00f3n de estos datos<em>. <\/em><\/h4>\n<p>[vc_separator type=&#8217;transparent&#8217; position=&#8217;center&#8217; color=\u00bb thickness=\u00bb up=&#8217;5px&#8217; down=&#8217;5px&#8217;]<\/p>\n<h4>EJERCICIO DE LOS DERECHOS DE ACCESO, RECTIFICACI\u00d3N, CANCELACI\u00d3N Y OPOSICI\u00d3N<\/h4>\n<p>[vc_separator type=&#8217;transparent&#8217; position=&#8217;center&#8217; color=\u00bb thickness=\u00bb up=&#8217;5px&#8217; down=&#8217;5px&#8217;]<\/p>\n<p>INGARTEK informa de que los usuarios podr\u00e1n ejercitar los derechos de acceso, rectificaci\u00f3n, cancelaci\u00f3n y oposici\u00f3n mediante el env\u00edo de un correo electr\u00f3nico a <a href=\"mailto:info@ingartek.com\">info@ingartek.com<\/a><\/p>\n<p>[vc_separator type=&#8217;transparent&#8217; position=&#8217;center&#8217; color=\u00bb thickness=\u00bb up=&#8217;5px&#8217; down=&#8217;5px&#8217;]<\/p>\n<h4>MEDIDAS DE SEGURIDAD<\/h4>\n<p>[vc_separator type=&#8217;transparent&#8217; position=&#8217;center&#8217; color=\u00bb thickness=\u00bb up=&#8217;5px&#8217; down=&#8217;5px&#8217;]<\/p>\n<p>INGARTEK informa a los usuarios y clientes que, de conformidad con lo dispuesto en la LOPD y el Reglamento de Medidas de Seguridad, ha adoptado las medidas de \u00edndole t\u00e9cnica y organizativas necesarias para garantizar la seguridad de los datos de car\u00e1cter personal y evitar la alteraci\u00f3n, p\u00e9rdida, tratamiento o acceso no autorizado, habida cuenta del estado de la tecnolog\u00eda, la naturaleza de los datos almacenados y los riesgos a que est\u00e1n expuestos. Igualmente, INGARTEK garantiza al usuario el cumplimiento del deber de secreto profesional respecto de los datos personales de los usuarios y del deber de guardarlos.<\/p>\n<p>[vc_separator type=&#8217;transparent&#8217; position=&#8217;center&#8217; color=\u00bb thickness=\u00bb up=&#8217;5px&#8217; down=&#8217;5px&#8217;]<\/p>\n<h4>MODIFICACI\u00d3N DE LA POL\u00cdTICA DE PRIVACIDAD<\/h4>\n<p>[vc_separator type=&#8217;transparent&#8217; position=&#8217;center&#8217; color=\u00bb thickness=\u00bb up=&#8217;5px&#8217; down=&#8217;5px&#8217;]<\/p>\n<p>INGARTEK se reserva el derecho a modificar su Pol\u00edtica de Privacidad, de acuerdo a su propio criterio, o motivado por un cambio doctrinal de la Agencia Espa\u00f1ola de Protecci\u00f3n de Datos, legislativo o jurisprudencial.<\/p>\n<p>[vc_separator type=&#8217;transparent&#8217; position=&#8217;center&#8217; color=\u00bb thickness=\u00bb up=&#8217;5px&#8217; down=&#8217;5px&#8217;]<\/p>\n<h3>3.\u00a0\u00a0\u00a0\u00a0\u00a0 VARIOS<\/h3>\n<p>[vc_separator type=&#8217;normal&#8217; position=&#8217;center&#8217; color=\u00bb thickness=\u00bb up=&#8217;5px&#8217; down=&#8217;5px&#8217;]<\/p>\n<h4>MODIFICACIONES<\/h4>\n<p>[vc_separator type=&#8217;transparent&#8217; position=&#8217;center&#8217; color=\u00bb thickness=\u00bb up=&#8217;5px&#8217; down=&#8217;5px&#8217;]<\/p>\n<p>INGARTEK se reserva el derecho a efectuar las modificaciones que estime oportunas, pudiendo modificar, suprimir e incluir nuevos contenidos y\/o servicios, as\u00ed como la forma en que \u00e9stos aparezcan presentados y localizados.<\/p>\n<p>[vc_separator type=&#8217;transparent&#8217; position=&#8217;center&#8217; color=\u00bb thickness=\u00bb up=&#8217;5px&#8217; down=&#8217;5px&#8217;]<\/p>\n<h4>MENORES DE EDAD<\/h4>\n<p>[vc_separator type=&#8217;transparent&#8217; position=&#8217;center&#8217; color=\u00bb thickness=\u00bb up=&#8217;5px&#8217; down=&#8217;5px&#8217;]<\/p>\n<p>Con car\u00e1cter general, para hacer uso de los Servicios de la presente aplicaci\u00f3n m\u00f3vil los menores de edad deben haber obtenido previamente la autorizaci\u00f3n de sus padres, tutores o representantes legales, quienes ser\u00e1n responsables de todos los actos realizados a trav\u00e9s de la presente aplicaci\u00f3n m\u00f3vil por los menores a su cargo. En aquellos Servicios en los que expresamente se se\u00f1ale, el acceso quedar\u00e1 restringido \u00fanica y exclusivamente a mayores de 18 a\u00f1os.<\/p>\n<p>[vc_separator type=&#8217;transparent&#8217; position=&#8217;center&#8217; color=\u00bb thickness=\u00bb up=&#8217;5px&#8217; down=&#8217;5px&#8217;]<\/p>\n<h4>DURACI\u00d3N Y TERMINACI\u00d3N<\/h4>\n<p>[vc_separator type=&#8217;transparent&#8217; position=&#8217;center&#8217; color=\u00bb thickness=\u00bb up=&#8217;5px&#8217; down=&#8217;5px&#8217;]<\/p>\n<p>La prestaci\u00f3n de los servicios y\/o contenidos de la presente aplicaci\u00f3n m\u00f3vil tiene una duraci\u00f3n indefinida. Sin perjuicio de lo anterior, INGARTEK est\u00e1 facultada para dar por terminada, suspender o interrumpir unilateralmente, en cualquier momento y sin necesidad de preaviso, la prestaci\u00f3n del servicio y de la presente aplicaci\u00f3n m\u00f3vil y\/o de cualquiera de los servicios, sin perjuicio de lo que se hubiera dispuesto al respecto en las correspondientes condiciones particulares.<\/p>\n<p>[vc_separator type=&#8217;transparent&#8217; position=&#8217;center&#8217; color=\u00bb thickness=\u00bb up=&#8217;5px&#8217; down=&#8217;5px&#8217;]<\/p>\n<h4>LEY Y JURISDICCI\u00d3N<\/h4>\n<p>[vc_separator type=&#8217;transparent&#8217; position=&#8217;center&#8217; color=\u00bb thickness=\u00bb up=&#8217;5px&#8217; down=&#8217;5px&#8217;]<\/p>\n<p>Las cuestiones relativas a las Condiciones de Uso y Pol\u00edtica de Privacidad, as\u00ed como todas aquellas cuestiones que radican y tengan relaci\u00f3n en parte o en su totalidad con los servicios suministrados a trav\u00e9s de la aplicaci\u00f3n, se rigen en todos y cada uno de sus extremos por la ley espa\u00f1ola, renunciando expresamente las partes al fuero que les corresponda, y someti\u00e9ndose a los Juzgados y Tribunales de Bilbao.[\/vc_column_text][vc_empty_space][\/vc_column][\/vc_row]<\/p>\n<\/div>","protected":false},"excerpt":{"rendered":"<p>[vc_row css_animation=\u00bb\u00bb row_type=\u00bbrow\u00bb use_row_as_full_screen_section=\u00bbno\u00bb type=\u00bbfull_width\u00bb angled_section=\u00bbno\u00bb text_align=\u00bbleft\u00bb background_image_as_pattern=\u00bbwithout_pattern\u00bb][vc_column][vc_column_text][vc_separator type=&#8217;transparent&#8217; position=&#8217;center&#8217; color=\u00bb thickness=\u00bb up=&#8217;5px&#8217; down=&#8217;5px&#8217;] CONDICIONES DE USO Y POL\u00cdTICA DE PRIVACIDAD DE mSAE [vc_separator type=&#8217;transparent&#8217; position=&#8217;center&#8217; color=\u00bb thickness=\u00bb up=&#8217;5px&#8217; down=&#8217;5px&#8217;] 1.\u00a0 CONDICIONES GENERALES DE USO [vc_separator type=&#8217;normal&#8217; position=&#8217;center&#8217; color=\u00bb thickness=\u00bb&#8230;<\/p>\n","protected":false},"author":1,"featured_media":0,"parent":0,"menu_order":0,"comment_status":"closed","ping_status":"closed","template":"","meta":{"content-type":"","footnotes":""},"class_list":["post-26415","page","type-page","status-publish","hentry"],"_links":{"self":[{"href":"https:\/\/www.ingartek.com\/es\/wp-json\/wp\/v2\/pages\/26415","targetHints":{"allow":["GET"]}}],"collection":[{"href":"https:\/\/www.ingartek.com\/es\/wp-json\/wp\/v2\/pages"}],"about":[{"href":"https:\/\/www.ingartek.com\/es\/wp-json\/wp\/v2\/types\/page"}],"author":[{"embeddable":true,"href":"https:\/\/www.ingartek.com\/es\/wp-json\/wp\/v2\/users\/1"}],"replies":[{"embeddable":true,"href":"https:\/\/www.ingartek.com\/es\/wp-json\/wp\/v2\/comments?post=26415"}],"version-history":[{"count":0,"href":"https:\/\/www.ingartek.com\/es\/wp-json\/wp\/v2\/pages\/26415\/revisions"}],"wp:attachment":[{"href":"https:\/\/www.ingartek.com\/es\/wp-json\/wp\/v2\/media?parent=26415"}],"curies":[{"name":"wp","href":"https:\/\/api.w.org\/{rel}","templated":true}]}}