{"id":24667,"date":"2022-10-25T12:52:52","date_gmt":"2022-10-25T11:52:52","guid":{"rendered":"https:\/\/www.ingartek.com\/?page_id=24667"},"modified":"2024-09-26T15:15:36","modified_gmt":"2024-09-26T14:15:36","slug":"zonas-de-bajas-emisiones","status":"publish","type":"page","link":"https:\/\/www.ingartek.com\/es\/zonas-de-bajas-emisiones\/","title":{"rendered":"Zonas de bajas emisiones"},"content":{"rendered":"<div class=\"wpb-content-wrapper\"><p>[vc_row css_animation=\u00bb\u00bb row_type=\u00bbrow\u00bb use_row_as_full_screen_section=\u00bbno\u00bb type=\u00bbgrid\u00bb angled_section=\u00bbno\u00bb text_align=\u00bbleft\u00bb background_image_as_pattern=\u00bbwithout_pattern\u00bb z_index=\u00bb\u00bb padding_top=\u00bb30&#8243; padding_bottom=\u00bb30&#8243;][vc_column][vc_column_text]<\/p>\n<p style=\"text-align: center; font-size: 24px; line-height: 35px;\"><span style=\"color: #8b1f1c;\">En Ingartek hemos desarrollado una gu\u00eda para ayudar a ayuntamientos a saber qu\u00e9 deben tener en cuenta para <strong>implantar zonas de bajas emisiones<\/strong> en sus ciudades.<\/span><\/p>\n<p>[\/vc_column_text][\/vc_column][\/vc_row][vc_row css_animation=\u00bb\u00bb row_type=\u00bbrow\u00bb use_row_as_full_screen_section=\u00bbno\u00bb type=\u00bbgrid\u00bb angled_section=\u00bbno\u00bb text_align=\u00bbleft\u00bb background_image_as_pattern=\u00bbwithout_pattern\u00bb z_index=\u00bb\u00bb padding_top=\u00bb20&#8243; padding_bottom=\u00bb40&#8243;][vc_column width=\u00bb1\/2&#8243;][vc_column_text]Las zonas de bajas emisiones son el conjunto de v\u00edas p\u00fablicas debidamente delimitadas que presenten continuidad geogr\u00e1fica, en que se implanten medidas especiales de regulaci\u00f3n de acceso, circulaci\u00f3n y estacionamiento de veh\u00edculos, para la reducci\u00f3n de las emisiones contaminantes procedentes del tr\u00e1fico.<\/p>\n<p>Bas\u00e1ndonos en diversas fuentes de informaci\u00f3n de movilidad correspondientes a cada ciudad, elaboramos planes de ejecuci\u00f3n para determinar zonas de bajas emisiones.[\/vc_column_text][vc_empty_space height=\u00bb15px\u00bb][vc_column_text]<\/p>\n<h3><span style=\"color: #000000;\">Realizamos el diagn\u00f3stico de tu municipio:<\/span><\/h3>\n<p>[\/vc_column_text]<a  itemprop=\"url\" href=\"#contact-bajas-emisiones\" target=\"_self\" data-hover-background-color=\"#000000\" data-hover-color=\"#ffffff\" class=\"qbutton  large center default\" style=\"color: #ffffff; margin: 25px 0px; border-radius: Rounded cornerspx;-moz-border-radius: Rounded cornerspx;-webkit-border-radius: Rounded cornerspx; background-color:#8b1f1c;\">Contacta con nosotros<\/a>[\/vc_column][vc_column width=\u00bb1\/2&#8243; css=\u00bb.vc_custom_1626189276189{padding-top: 20px !important;}\u00bb]<div class=\"qode-advanced-image-gallery  qode-aig-slider-type qode-tiny-space  qode-image-behavior-lightbox \">\n\t<div class=\"qode-aig-slider qode-owl-slider\" data-number-of-items=\"1\" data-enable-loop=\"yes\" data-enable-autoplay=\"yes\" data-slider-speed=\"5000\" data-slider-speed-animation=\"600\" data-slider-padding=\"no\" data-enable-navigation=\"yes\" data-enable-pagination=\"no\">\n\t\t\t\t\t<div class=\"qode-aig-image\">\n\t\t\t\t\t\t\t\t\t<a itemprop=\"image\" class=\"qode-aig-lightbox qode-block-drag-link\" href=\"https:\/\/www.ingartek.com\/wp-content\/uploads\/2021\/07\/carril-bici-peatonal.jpg\" data-rel=\"prettyPhoto[image_gallery_pretty_photo-602]\" title=\"carril-bici-peatonal\">\n\t\t\t\t\t\t\t\t\t\t\t<img loading=\"lazy\" decoding=\"async\" width=\"800\" height=\"533\" src=\"https:\/\/www.ingartek.com\/wp-content\/uploads\/2021\/07\/carril-bici-peatonal.jpg\" class=\"attachment-large size-large\" alt=\"\" srcset=\"https:\/\/www.ingartek.com\/wp-content\/uploads\/2021\/07\/carril-bici-peatonal.jpg 800w, https:\/\/www.ingartek.com\/wp-content\/uploads\/2021\/07\/carril-bici-peatonal-300x200.jpg 300w, https:\/\/www.ingartek.com\/wp-content\/uploads\/2021\/07\/carril-bici-peatonal-768x512.jpg 768w, https:\/\/www.ingartek.com\/wp-content\/uploads\/2021\/07\/carril-bici-peatonal-700x466.jpg 700w\" sizes=\"auto, (max-width: 800px) 100vw, 800px\" title=\"\">\t\t\t\t\t<span class=\"aig-gallery-hover\">\n\t\t\t\t\t\t\t\t\t\t\t<\/span>\n\t\t\t\t\t\t\t\t\t<\/a>\n\t\t\t\t\t\t\t<\/div>\n\t\t\t\t\t\t\t\t<div class=\"qode-aig-image\">\n\t\t\t\t\t\t\t\t\t<a itemprop=\"image\" class=\"qode-aig-lightbox qode-block-drag-link\" href=\"https:\/\/www.ingartek.com\/wp-content\/uploads\/2021\/07\/limite-velocidad-30_r1_c1.jpg\" data-rel=\"prettyPhoto[image_gallery_pretty_photo-602]\" title=\"limite-velocidad-30_r1_c1\">\n\t\t\t\t\t\t\t\t\t\t\t<img loading=\"lazy\" decoding=\"async\" width=\"800\" height=\"533\" src=\"https:\/\/www.ingartek.com\/wp-content\/uploads\/2021\/07\/limite-velocidad-30_r1_c1.jpg\" class=\"attachment-large size-large\" alt=\"\" srcset=\"https:\/\/www.ingartek.com\/wp-content\/uploads\/2021\/07\/limite-velocidad-30_r1_c1.jpg 800w, https:\/\/www.ingartek.com\/wp-content\/uploads\/2021\/07\/limite-velocidad-30_r1_c1-300x200.jpg 300w, https:\/\/www.ingartek.com\/wp-content\/uploads\/2021\/07\/limite-velocidad-30_r1_c1-768x512.jpg 768w, https:\/\/www.ingartek.com\/wp-content\/uploads\/2021\/07\/limite-velocidad-30_r1_c1-700x466.jpg 700w\" sizes=\"auto, (max-width: 800px) 100vw, 800px\" title=\"\">\t\t\t\t\t<span class=\"aig-gallery-hover\">\n\t\t\t\t\t\t\t\t\t\t\t<\/span>\n\t\t\t\t\t\t\t\t\t<\/a>\n\t\t\t\t\t\t\t<\/div>\n\t\t\t\t\t\t\t\t<div class=\"qode-aig-image\">\n\t\t\t\t\t\t\t\t\t<a itemprop=\"image\" class=\"qode-aig-lightbox qode-block-drag-link\" href=\"https:\/\/www.ingartek.com\/wp-content\/uploads\/2021\/07\/peatones.jpg\" data-rel=\"prettyPhoto[image_gallery_pretty_photo-602]\" title=\"peatones\">\n\t\t\t\t\t\t\t\t\t\t\t<img loading=\"lazy\" decoding=\"async\" width=\"800\" height=\"533\" src=\"https:\/\/www.ingartek.com\/wp-content\/uploads\/2021\/07\/peatones.jpg\" class=\"attachment-large size-large\" alt=\"\" srcset=\"https:\/\/www.ingartek.com\/wp-content\/uploads\/2021\/07\/peatones.jpg 800w, https:\/\/www.ingartek.com\/wp-content\/uploads\/2021\/07\/peatones-300x200.jpg 300w, https:\/\/www.ingartek.com\/wp-content\/uploads\/2021\/07\/peatones-768x512.jpg 768w, https:\/\/www.ingartek.com\/wp-content\/uploads\/2021\/07\/peatones-700x466.jpg 700w\" sizes=\"auto, (max-width: 800px) 100vw, 800px\" title=\"\">\t\t\t\t\t<span class=\"aig-gallery-hover\">\n\t\t\t\t\t\t\t\t\t\t\t<\/span>\n\t\t\t\t\t\t\t\t\t<\/a>\n\t\t\t\t\t\t\t<\/div>\n\t\t\t\t\t\t\t\t<div class=\"qode-aig-image\">\n\t\t\t\t\t\t\t\t\t<a itemprop=\"image\" class=\"qode-aig-lightbox qode-block-drag-link\" href=\"https:\/\/www.ingartek.com\/wp-content\/uploads\/2021\/07\/peatones2.jpg\" data-rel=\"prettyPhoto[image_gallery_pretty_photo-602]\" title=\"peatones2\">\n\t\t\t\t\t\t\t\t\t\t\t<img loading=\"lazy\" decoding=\"async\" width=\"800\" height=\"533\" src=\"https:\/\/www.ingartek.com\/wp-content\/uploads\/2021\/07\/peatones2.jpg\" class=\"attachment-large size-large\" alt=\"\" srcset=\"https:\/\/www.ingartek.com\/wp-content\/uploads\/2021\/07\/peatones2.jpg 800w, https:\/\/www.ingartek.com\/wp-content\/uploads\/2021\/07\/peatones2-300x200.jpg 300w, https:\/\/www.ingartek.com\/wp-content\/uploads\/2021\/07\/peatones2-768x512.jpg 768w, https:\/\/www.ingartek.com\/wp-content\/uploads\/2021\/07\/peatones2-700x466.jpg 700w\" sizes=\"auto, (max-width: 800px) 100vw, 800px\" title=\"\">\t\t\t\t\t<span class=\"aig-gallery-hover\">\n\t\t\t\t\t\t\t\t\t\t\t<\/span>\n\t\t\t\t\t\t\t\t\t<\/a>\n\t\t\t\t\t\t\t<\/div>\n\t\t\t\t\t\t<\/div>\n<\/div>[\/vc_column][\/vc_row][vc_row css_animation=\u00bb\u00bb row_type=\u00bbrow\u00bb use_row_as_full_screen_section=\u00bbno\u00bb type=\u00bbgrid\u00bb angled_section=\u00bbno\u00bb text_align=\u00bbcenter\u00bb background_image_as_pattern=\u00bbwithout_pattern\u00bb row_negative_margin=\u00bbdisable_negative_margin\u00bb z_index=\u00bb\u00bb padding_top=\u00bb60&#8243; padding_bottom=\u00bb60&#8243; background_color=\u00bb#f4f4f4&#8243; css=\u00bb.vc_custom_1676296371600{margin-top: 0px !important;margin-right: 0px !important;margin-bottom: 0px !important;margin-left: 0px !important;}\u00bb][vc_column][vc_column_text]<\/p>\n<h2 style=\"text-align: center; font-size: 30px; line-height: 40px; text-transform: none;\"><span style=\"color: #8b1f1c;\">\u00bfQu\u00e9 sucede el d\u00eda despu\u00e9s<br \/>\nde implantar una ZBE?<\/span><\/h2>\n<p>[\/vc_column_text][vc_empty_space][vc_raw_html]JTNDYnV0dG9uJTIwdHlwZSUzRCUyMmJ1dHRvbiUyMiUyMGNsYXNzJTNEJTIycWJ1dHRvbiUyMCUyMGlwei1idXR0b24lMjIlMjBkYXRhLWhvc3QlM0QlMjJpbmdhcnRlay5pcHptYXJrZXRpbmcuY29tJTIyJTIwZGF0YS1wcm90b2NvbCUzRCUyMmh0dHBzJTIyJTIwZGF0YS10b2tlbiUzRCUyMmhlUVBUVWlLWU1FJTIyJTNFU3VzY3JpYmlyc2UlMjBwYXJhJTIwdmVyJTIwZWwlMjBXZWJpbmFyJTNDJTJGYnV0dG9uJTNFJTBBJTNDc2NyaXB0JTIwZGF0YS1jZmFzeW5jJTNEJTIyZmFsc2UlMjIlMjB0eXBlJTNEJTIydGV4dCUyRmphdmFzY3JpcHQlMjIlMjBzcmMlM0QlMjJodHRwcyUzQSUyRiUyRmFzc2V0cy5pcHptYXJrZXRpbmcuY29tJTJGYXNzZXRzJTJGc2lnbnVwX2Zvcm0lMkZ2MS5qcyUyMiUzRSUzQyUyRnNjcmlwdCUzRQ==[\/vc_raw_html][vc_empty_space][vc_raw_html]JTNDYnV0dG9uJTIwdHlwZSUzRCUyMmJ1dHRvbiUyMiUyMGNsYXNzJTNEJTIyaXB6LWJ1dHRvbiUyMiUyMGRhdGEtaG9zdCUzRCUyMmluZ2FydGVrLmlwem1hcmtldGluZy5jb20lMjIlMjBkYXRhLXByb3RvY29sJTNEJTIyaHR0cHMlMjIlMjBkYXRhLXRva2VuJTNEJTIyaGVRUFRVaUtZTUUlMjIlM0UlM0NpbWclMjBjbGFzcyUzRCUyMnZjX3NpbmdsZV9pbWFnZS1pbWclMjAlMjIlMjBzcmMlM0QlMjJodHRwcyUzQSUyRiUyRnd3dy5pbmdhcnRlay5jb20lMkZ3cC1jb250ZW50JTJGdXBsb2FkcyUyRjIwMjMlMkYwMiUyRndlYmluYXItaW5nYXJ0ZWstNjAweDM0MC5qcGclMjIlMjBhbHQlM0QlMjJ3ZWJpbmFyLWluZ2FydGVrJTIyJTIwdGl0bGUlM0QlMjJ3ZWJpbmFyLWluZ2FydGVrJTIyJTIwd2lkdGglM0QlMjI2MDAlMjIlMjBoZWlnaHQlM0QlMjIzNDAlMjIlM0UlM0MlMkZidXR0b24lM0UlMEElM0NzY3JpcHQlMjBkYXRhLWNmYXN5bmMlM0QlMjJmYWxzZSUyMiUyMHR5cGUlM0QlMjJ0ZXh0JTJGamF2YXNjcmlwdCUyMiUyMHNyYyUzRCUyMmh0dHBzJTNBJTJGJTJGYXNzZXRzLmlwem1hcmtldGluZy5jb20lMkZhc3NldHMlMkZzaWdudXBfZm9ybSUyRnYxLmpzJTIyJTNFJTNDJTJGc2NyaXB0JTNF[\/vc_raw_html][vc_empty_space][\/vc_column][\/vc_row][vc_row css_animation=\u00bb\u00bb row_type=\u00bbrow\u00bb use_row_as_full_screen_section=\u00bbno\u00bb type=\u00bbfull_width\u00bb angled_section=\u00bbno\u00bb text_align=\u00bbleft\u00bb background_image_as_pattern=\u00bbwithout_pattern\u00bb z_index=\u00bb\u00bb padding_top=\u00bb40&#8243; padding_bottom=\u00bb40&#8243; background_color=\u00bb#8b1f1c\u00bb css=\u00bb.vc_custom_1666699129964{background-color: #8b1f1c !important;}\u00bb side_padding=\u00bb0&#8243;][vc_column][vc_column_text]<\/p>\n<p style=\"text-align: center; font-size: 36px; line-height: 45px;\"><span style=\"color: #ffffff;\">\u00bfPor qu\u00e9 se deben implantar<br \/>\nzonas de bajas emisiones en las ciudades?<\/span><\/p>\n<p>[\/vc_column_text][\/vc_column][\/vc_row][vc_row css_animation=\u00bb\u00bb row_type=\u00bbrow\u00bb use_row_as_full_screen_section=\u00bbno\u00bb type=\u00bbgrid\u00bb angled_section=\u00bbno\u00bb text_align=\u00bbleft\u00bb background_image_as_pattern=\u00bbwithout_pattern\u00bb z_index=\u00bb\u00bb padding_top=\u00bb50&#8243; padding_bottom=\u00bb30&#8243;][vc_column][vc_column_text]El crecimiento de la poblaci\u00f3n va en aumento a nivel mundial, y la gesti\u00f3n del crecimiento urbano es clave para el <strong>desarrollo y la<\/strong><strong> movilidad urbana sostenible<\/strong>. Por eso, para el 2023 ser\u00e1 imprescindible que ciudades con m\u00e1s de 50.000 habitantes establezcan zonas de bajas emisiones.[\/vc_column_text][\/vc_column][\/vc_row][vc_row css_animation=\u00bb\u00bb row_type=\u00bbrow\u00bb use_row_as_full_screen_section=\u00bbno\u00bb type=\u00bbgrid\u00bb angled_section=\u00bbno\u00bb text_align=\u00bbleft\u00bb background_image_as_pattern=\u00bbwithout_pattern\u00bb z_index=\u00bb\u00bb padding_top=\u00bb10&#8243; padding_bottom=\u00bb40&#8243;][vc_column width=\u00bb1\/2&#8243;][vc_column_text]<span style=\"color: #8b1f1c;\"><strong>Razones para implantar zonas de bajas emisiones:<\/strong><\/span><\/p>\n<ul>\n<li>M\u00e1s de un 55% de la poblaci\u00f3n mundial reside ya en <strong>zonas urbanas<\/strong>. Para 2050 se alcanzar\u00e1 un 68% seg\u00fan datos de las naciones unidas.<\/li>\n<li>Hay 37 <strong>megaciudades<\/strong> con m\u00e1s de 10 millones de habitantes en el mundo y 56 con una poblaci\u00f3n de entre 5 y 10 millones.<\/li>\n<li>Sin embargo, el grueso del crecimiento se centra en 500 ciudades que ya superan el mill\u00f3n de habitantes.<\/li>\n<li>En <strong>Espa\u00f1a<\/strong> hay 30 <strong>\u00e1reas urbanas<\/strong> que superan los 200.000 habitantes y 150 \u00e1reas metropolitanas de m\u00e1s de 50.000 habitantes. M\u00e1s del 79% de la poblaci\u00f3n es ya urbana en Espa\u00f1a.<\/li>\n<li>La poblaci\u00f3n que reside dentro de las zonas de bajas emisiones puede pasar del 21,63% (dato actual) al 53,28% para 2023, contemplando 25.229.657 ciudadanos y ciudadanas a nivel nacional dentro de zonas de bajas emisiones.<\/li>\n<\/ul>\n<p>[\/vc_column_text][\/vc_column][vc_column width=\u00bb1\/2&#8243;]<div class=\"qode-advanced-image-gallery  qode-aig-slider-type qode-tiny-space  qode-image-behavior-lightbox \">\n\t<div class=\"qode-aig-slider qode-owl-slider\" data-number-of-items=\"1\" data-enable-loop=\"yes\" data-enable-autoplay=\"yes\" data-slider-speed=\"5000\" data-slider-speed-animation=\"600\" data-slider-padding=\"no\" data-enable-navigation=\"yes\" data-enable-pagination=\"no\">\n\t\t\t\t\t<div class=\"qode-aig-image\">\n\t\t\t\t\t\t\t\t\t<a itemprop=\"image\" class=\"qode-aig-lightbox qode-block-drag-link\" href=\"https:\/\/www.ingartek.com\/wp-content\/uploads\/2021\/07\/gente-metro.jpg\" data-rel=\"prettyPhoto[image_gallery_pretty_photo-126]\" title=\"gente-metro\">\n\t\t\t\t\t\t\t\t\t\t\t<img loading=\"lazy\" decoding=\"async\" width=\"800\" height=\"533\" src=\"https:\/\/www.ingartek.com\/wp-content\/uploads\/2021\/07\/gente-metro.jpg\" class=\"attachment-large size-large\" alt=\"\" srcset=\"https:\/\/www.ingartek.com\/wp-content\/uploads\/2021\/07\/gente-metro.jpg 800w, https:\/\/www.ingartek.com\/wp-content\/uploads\/2021\/07\/gente-metro-300x200.jpg 300w, https:\/\/www.ingartek.com\/wp-content\/uploads\/2021\/07\/gente-metro-768x512.jpg 768w, https:\/\/www.ingartek.com\/wp-content\/uploads\/2021\/07\/gente-metro-700x466.jpg 700w\" sizes=\"auto, (max-width: 800px) 100vw, 800px\" title=\"\">\t\t\t\t\t<span class=\"aig-gallery-hover\">\n\t\t\t\t\t\t\t\t\t\t\t<\/span>\n\t\t\t\t\t\t\t\t\t<\/a>\n\t\t\t\t\t\t\t<\/div>\n\t\t\t\t\t\t\t\t<div class=\"qode-aig-image\">\n\t\t\t\t\t\t\t\t\t<a itemprop=\"image\" class=\"qode-aig-lightbox qode-block-drag-link\" href=\"https:\/\/www.ingartek.com\/wp-content\/uploads\/2021\/07\/trafico1.jpg\" data-rel=\"prettyPhoto[image_gallery_pretty_photo-126]\" title=\"trafico1\">\n\t\t\t\t\t\t\t\t\t\t\t<img loading=\"lazy\" decoding=\"async\" width=\"800\" height=\"533\" src=\"https:\/\/www.ingartek.com\/wp-content\/uploads\/2021\/07\/trafico1.jpg\" class=\"attachment-large size-large\" alt=\"\" srcset=\"https:\/\/www.ingartek.com\/wp-content\/uploads\/2021\/07\/trafico1.jpg 800w, https:\/\/www.ingartek.com\/wp-content\/uploads\/2021\/07\/trafico1-300x200.jpg 300w, https:\/\/www.ingartek.com\/wp-content\/uploads\/2021\/07\/trafico1-768x512.jpg 768w, https:\/\/www.ingartek.com\/wp-content\/uploads\/2021\/07\/trafico1-700x466.jpg 700w\" sizes=\"auto, (max-width: 800px) 100vw, 800px\" title=\"\">\t\t\t\t\t<span class=\"aig-gallery-hover\">\n\t\t\t\t\t\t\t\t\t\t\t<\/span>\n\t\t\t\t\t\t\t\t\t<\/a>\n\t\t\t\t\t\t\t<\/div>\n\t\t\t\t\t\t\t\t<div class=\"qode-aig-image\">\n\t\t\t\t\t\t\t\t\t<a itemprop=\"image\" class=\"qode-aig-lightbox qode-block-drag-link\" href=\"https:\/\/www.ingartek.com\/wp-content\/uploads\/2021\/07\/trafico2.jpg\" data-rel=\"prettyPhoto[image_gallery_pretty_photo-126]\" title=\"trafico2\">\n\t\t\t\t\t\t\t\t\t\t\t<img loading=\"lazy\" decoding=\"async\" width=\"800\" height=\"533\" src=\"https:\/\/www.ingartek.com\/wp-content\/uploads\/2021\/07\/trafico2.jpg\" class=\"attachment-large size-large\" alt=\"\" srcset=\"https:\/\/www.ingartek.com\/wp-content\/uploads\/2021\/07\/trafico2.jpg 800w, https:\/\/www.ingartek.com\/wp-content\/uploads\/2021\/07\/trafico2-300x200.jpg 300w, https:\/\/www.ingartek.com\/wp-content\/uploads\/2021\/07\/trafico2-768x512.jpg 768w, https:\/\/www.ingartek.com\/wp-content\/uploads\/2021\/07\/trafico2-700x466.jpg 700w\" sizes=\"auto, (max-width: 800px) 100vw, 800px\" title=\"\">\t\t\t\t\t<span class=\"aig-gallery-hover\">\n\t\t\t\t\t\t\t\t\t\t\t<\/span>\n\t\t\t\t\t\t\t\t\t<\/a>\n\t\t\t\t\t\t\t<\/div>\n\t\t\t\t\t\t<\/div>\n<\/div>[\/vc_column][\/vc_row][vc_row css_animation=\u00bb\u00bb row_type=\u00bbrow\u00bb use_row_as_full_screen_section=\u00bbno\u00bb type=\u00bbgrid\u00bb angled_section=\u00bbno\u00bb text_align=\u00bbleft\u00bb background_image_as_pattern=\u00bbwithout_pattern\u00bb z_index=\u00bb\u00bb padding_top=\u00bb0&#8243; padding_bottom=\u00bb60&#8243; css=\u00bb.vc_custom_1669893603724{margin-top: 0px !important;margin-right: 0px !important;margin-bottom: 50px !important;margin-left: 0px !important;padding-top: 0px !important;padding-right: 0px !important;padding-bottom: 0px !important;padding-left: 0px !important;}\u00bb][vc_column width=\u00bb1\/4&#8243;]<div class=\"q_counter_holder  center boxed_counter\" style=\"\" data-digit=\"55%\"><span class=\"counter  random\" style=\"\">55%<\/span><span class=\"separator small\" style=\"\"><\/span><p class=\"counter_text\" style=\"\">de la poblaci\u00f3n mundial reside ya en zonas urbanas<\/p><\/div>[\/vc_column][vc_column width=\u00bb1\/4&#8243;]<div class=\"q_counter_holder  center boxed_counter\" style=\"\" data-digit=\"37\"><span class=\"counter  random\" style=\"\">37<\/span><span class=\"separator small\" style=\"\"><\/span><p class=\"counter_text\" style=\"\">megaciudades con m\u00e1s de 10 millones de habitantes<\/p><\/div>[\/vc_column][vc_column width=\u00bb1\/4&#8243;]<div class=\"q_counter_holder  center boxed_counter\" style=\"\" data-digit=\"500\"><span class=\"counter  random\" style=\"\">500<\/span><span class=\"separator small\" style=\"\"><\/span><p class=\"counter_text\" style=\"\">ciudades que ya superan el mill\u00f3n de habitantes<\/p><\/div>[\/vc_column][vc_column width=\u00bb1\/4&#8243;]<div class=\"q_counter_holder  center boxed_counter\" style=\"\" data-digit=\"79%\"><span class=\"counter  random\" style=\"\">79%<\/span><span class=\"separator small\" style=\"\"><\/span><p class=\"counter_text\" style=\"\">de la poblaci\u00f3n<br \/>\nes ya urbana<br \/>\nen Espa\u00f1a<\/p><\/div>[\/vc_column][\/vc_row][vc_row css_animation=\u00bb\u00bb row_type=\u00bbrow\u00bb use_row_as_full_screen_section=\u00bbno\u00bb type=\u00bbfull_width\u00bb angled_section=\u00bbno\u00bb text_align=\u00bbleft\u00bb background_image_as_pattern=\u00bbwithout_pattern\u00bb z_index=\u00bb\u00bb background_image=\u00bb22143&#8243; padding_top=\u00bb70&#8243; padding_bottom=\u00bb70&#8243; css=\u00bb.vc_custom_1702826039513{margin-top: 0px !important;background-image: url(https:\/\/www.ingartek.com\/wp-content\/uploads\/2021\/07\/fondo-bidegorri.jpg?id=22143) !important;}\u00bb el_id=\u00bbcontact-bajas-emisiones\u00bb side_padding=\u00bb2%\u00bb][vc_column][vc_row_inner row_type=\u00bbrow\u00bb type=\u00bbgrid\u00bb text_align=\u00bbleft\u00bb css_animation=\u00bb\u00bb][vc_column_inner][vc_column_text]<\/p>\n<h2 style=\"text-align: center; font-size: 40px; color: #8b1f1c; text-transform: none; font-weight: bold;\"><span style=\"color: #ffffff;\">Realizamos el diagn\u00f3stico de tu municipio<\/span><\/h2>\n<p style=\"text-align: center; font-size: 24px; line-height: 35px; color: #ffffff;\">La necesidad de apostar por la movilidad sostenible es cada vez m\u00e1s palpable. No esperes m\u00e1s y contacta con nosotros para que te ayudemos a gestionar y a planificar las zonas de bajas emisiones de tu ciudad. Te daremos todas las claves para que establezcas zonas de bajas emisiones en tu ciudad de manera eficiente.<\/p>\n<p>[\/vc_column_text][\/vc_column_inner][\/vc_row_inner][\/vc_column][\/vc_row][vc_row css_animation=\u00bb\u00bb row_type=\u00bbrow\u00bb use_row_as_full_screen_section=\u00bbno\u00bb type=\u00bbfull_width\u00bb angled_section=\u00bbno\u00bb text_align=\u00bbleft\u00bb background_image_as_pattern=\u00bbwithout_pattern\u00bb css=\u00bb.vc_custom_1727360013057{background-color: #eeeeee !important;}\u00bb z_index=\u00bb\u00bb][vc_column][vc_row_inner row_type=\u00bbrow\u00bb type=\u00bbgrid\u00bb text_align=\u00bbcenter\u00bb css_animation=\u00bb\u00bb][vc_column_inner width=\u00bb1\/6&#8243;][\/vc_column_inner][vc_column_inner width=\u00bb2\/3&#8243;][vc_empty_space][vc_raw_js]JTNDc2NyaXB0JTIwY2hhcnNldCUzRCUyMnV0Zi04JTIyJTIwdHlwZSUzRCUyMnRleHQlMkZqYXZhc2NyaXB0JTIyJTIwc3JjJTNEJTIyJTJGJTJGanMuaHNmb3Jtcy5uZXQlMkZmb3JtcyUyRmVtYmVkJTJGdjIuanMlMjIlM0UlM0MlMkZzY3JpcHQlM0UlMEElM0NzY3JpcHQlM0UlMEElMjAlMjBoYnNwdC5mb3Jtcy5jcmVhdGUlMjglN0IlMEElMjAlMjAlMjAlMjByZWdpb24lM0ElMjAlMjJuYTElMjIlMkMlMEElMjAlMjAlMjAlMjBwb3J0YWxJZCUzQSUyMCUyMjQ3ODc5ODklMjIlMkMlMEElMjAlMjAlMjAlMjBmb3JtSWQlM0ElMjAlMjIzMGZkMmJiNC02YTIxLTRmN2ItODU5Ny1iZTJmN2Q5MGU5YjklMjIlMEElMjAlMjAlN0QlMjklM0IlMEElM0MlMkZzY3JpcHQlM0U=[\/vc_raw_js][vc_empty_space][\/vc_column_inner][vc_column_inner width=\u00bb1\/6&#8243;][\/vc_column_inner][\/vc_row_inner][\/vc_column][\/vc_row]<\/p>\n<\/div>","protected":false},"excerpt":{"rendered":"<p>[vc_row css_animation=\u00bb\u00bb row_type=\u00bbrow\u00bb use_row_as_full_screen_section=\u00bbno\u00bb type=\u00bbgrid\u00bb angled_section=\u00bbno\u00bb text_align=\u00bbleft\u00bb background_image_as_pattern=\u00bbwithout_pattern\u00bb z_index=\u00bb\u00bb padding_top=\u00bb30&#8243; padding_bottom=\u00bb30&#8243;][vc_column][vc_column_text] En Ingartek hemos desarrollado una gu\u00eda para ayudar a ayuntamientos a saber qu\u00e9 deben tener en cuenta para implantar zonas de bajas emisiones en sus ciudades. [\/vc_column_text][\/vc_column][\/vc_row][vc_row css_animation=\u00bb\u00bb row_type=\u00bbrow\u00bb&#8230;<\/p>\n","protected":false},"author":2,"featured_media":0,"parent":0,"menu_order":0,"comment_status":"closed","ping_status":"closed","template":"full_width.php","meta":{"content-type":"","footnotes":""},"class_list":["post-24667","page","type-page","status-publish","hentry"],"_links":{"self":[{"href":"https:\/\/www.ingartek.com\/es\/wp-json\/wp\/v2\/pages\/24667","targetHints":{"allow":["GET"]}}],"collection":[{"href":"https:\/\/www.ingartek.com\/es\/wp-json\/wp\/v2\/pages"}],"about":[{"href":"https:\/\/www.ingartek.com\/es\/wp-json\/wp\/v2\/types\/page"}],"author":[{"embeddable":true,"href":"https:\/\/www.ingartek.com\/es\/wp-json\/wp\/v2\/users\/2"}],"replies":[{"embeddable":true,"href":"https:\/\/www.ingartek.com\/es\/wp-json\/wp\/v2\/comments?post=24667"}],"version-history":[{"count":0,"href":"https:\/\/www.ingartek.com\/es\/wp-json\/wp\/v2\/pages\/24667\/revisions"}],"wp:attachment":[{"href":"https:\/\/www.ingartek.com\/es\/wp-json\/wp\/v2\/media?parent=24667"}],"curies":[{"name":"wp","href":"https:\/\/api.w.org\/{rel}","templated":true}]}}