{"id":19626,"date":"2019-03-26T15:34:57","date_gmt":"2019-03-26T13:34:57","guid":{"rendered":"https:\/\/www.ingartek.com\/?page_id=19626"},"modified":"2025-02-10T15:26:43","modified_gmt":"2025-02-10T14:26:43","slug":"beretrack","status":"publish","type":"page","link":"https:\/\/www.ingartek.com\/es\/id\/beretrack\/","title":{"rendered":"BERETRACK"},"content":{"rendered":"<div class=\"wpb-content-wrapper\"><p>[vc_row css_animation=\u00bb\u00bb row_type=\u00bbrow\u00bb use_row_as_full_screen_section=\u00bbno\u00bb type=\u00bbfull_width\u00bb angled_section=\u00bbno\u00bb text_align=\u00bbleft\u00bb background_image_as_pattern=\u00bbwithout_pattern\u00bb][vc_column][vc_empty_space height=\u00bb15px\u00bb][vc_column_text]El objetivo principal del proyecto Beretrack es el desarrollo de una <strong>plataforma<\/strong> que permita el <strong>seguimiento, monitorizaci\u00f3n y an\u00e1lisis de las trayectorias de los transportes especiales en tr\u00e1nsito y en tiempo real<\/strong>, herramienta que levante adem\u00e1s acta de las incidencias ocurridas durante el trayecto o asociadas al propio transporte.<\/p>\n<p>Consiste, por un lado, en desarrollar una herramienta que permita un grado m\u00e1ximo de <strong>auditabilidad del transporte especial<\/strong> gracias al uso de innovadores t\u00e9cnicas de <strong>Data Analytics<\/strong>, principalmente en el proceso de map-matching, y que mejore las garant\u00edas de seguridad de carga para los grandes fabricantes industriales.<\/p>\n<p>Por otro lado, se pretende recoger informaci\u00f3n que permita un <strong>postprocesado inteligente de la informaci\u00f3n<\/strong> para tomar decisiones basadas en datos, en \u00e1mbitos como la planificaci\u00f3n y la tarificaci\u00f3n:<\/p>\n<ul>\n<li>Predecir la demanda<\/li>\n<li>Componer matrices Origen\/Destino<\/li>\n<li>Medir el impacto sobre las infraestructuras viarias de los transportes especiales individualmente considerados.<\/li>\n<\/ul>\n<p>Este proyecto se lleva a cabo con el impulso del programa de apoyo a la I+D empresarial Hazitek (expediente ZL-2018\/00127). Este programa, cofinanciado por el Gobierno Vasco y el Fondo Europeo de Desarrollo Regional (FEDER), consiste en \u201csubvenciones no reintegrables para el apoyo a la realizaci\u00f3n de Proyectos de Investigaci\u00f3n Industrial o Desarrollo Experimental, tanto de car\u00e1cter competitivo como de car\u00e1cter estrat\u00e9gico, en el sector empresarial de la Comunidad Aut\u00f3noma de Euskadi, y en los \u00e1mbitos de especializaci\u00f3n enmarcados en el Plan de Ciencia, Tecnolog\u00eda e Innovaci\u00f3n, Euskadi 2020\u201d.<\/p>\n<p>&nbsp;<\/p>\n<p><em>BERETRACK es un proyecto cofinanciado por el GOBIERNO VASCO y la UNI\u00d3N EUROPEA a trav\u00e9s del fondo europeo de desarrollo regional 2014-2020 (FEDER)<\/em><\/p>\n<p>[\/vc_column_text][vc_empty_space][\/vc_column][\/vc_row][vc_row css_animation=\u00bb\u00bb row_type=\u00bbrow\u00bb use_row_as_full_screen_section=\u00bbno\u00bb type=\u00bbfull_width\u00bb angled_section=\u00bbno\u00bb text_align=\u00bbleft\u00bb background_image_as_pattern=\u00bbwithout_pattern\u00bb][vc_column width=\u00bb1\/4&#8243;][vc_single_image image=\u00bb17856&#8243; qode_css_animation=\u00bb\u00bb][\/vc_column][vc_column width=\u00bb1\/4&#8243;][vc_single_image image=\u00bb19746&#8243; qode_css_animation=\u00bb\u00bb][\/vc_column][vc_column width=\u00bb1\/4&#8243;][\/vc_column][vc_column width=\u00bb1\/4&#8243;][\/vc_column][\/vc_row][vc_row css_animation=\u00bb\u00bb row_type=\u00bbrow\u00bb use_row_as_full_screen_section=\u00bbno\u00bb type=\u00bbfull_width\u00bb angled_section=\u00bbno\u00bb text_align=\u00bbleft\u00bb background_image_as_pattern=\u00bbwithout_pattern\u00bb][vc_column][vc_empty_space][\/vc_column][\/vc_row]<\/p>\n<\/div>","protected":false},"excerpt":{"rendered":"<p>[vc_row css_animation=\u00bb\u00bb row_type=\u00bbrow\u00bb use_row_as_full_screen_section=\u00bbno\u00bb type=\u00bbfull_width\u00bb angled_section=\u00bbno\u00bb text_align=\u00bbleft\u00bb background_image_as_pattern=\u00bbwithout_pattern\u00bb][vc_column][vc_empty_space height=\u00bb15px\u00bb][vc_column_text]El objetivo principal del proyecto Beretrack es el desarrollo de una plataforma que permita el seguimiento, monitorizaci\u00f3n y an\u00e1lisis de las trayectorias de los transportes especiales en tr\u00e1nsito y en tiempo real,&#8230;<\/p>\n","protected":false},"author":2,"featured_media":0,"parent":18065,"menu_order":0,"comment_status":"closed","ping_status":"closed","template":"","meta":{"content-type":"","footnotes":""},"class_list":["post-19626","page","type-page","status-publish","hentry"],"_links":{"self":[{"href":"https:\/\/www.ingartek.com\/es\/wp-json\/wp\/v2\/pages\/19626","targetHints":{"allow":["GET"]}}],"collection":[{"href":"https:\/\/www.ingartek.com\/es\/wp-json\/wp\/v2\/pages"}],"about":[{"href":"https:\/\/www.ingartek.com\/es\/wp-json\/wp\/v2\/types\/page"}],"author":[{"embeddable":true,"href":"https:\/\/www.ingartek.com\/es\/wp-json\/wp\/v2\/users\/2"}],"replies":[{"embeddable":true,"href":"https:\/\/www.ingartek.com\/es\/wp-json\/wp\/v2\/comments?post=19626"}],"version-history":[{"count":0,"href":"https:\/\/www.ingartek.com\/es\/wp-json\/wp\/v2\/pages\/19626\/revisions"}],"up":[{"embeddable":true,"href":"https:\/\/www.ingartek.com\/es\/wp-json\/wp\/v2\/pages\/18065"}],"wp:attachment":[{"href":"https:\/\/www.ingartek.com\/es\/wp-json\/wp\/v2\/media?parent=19626"}],"curies":[{"name":"wp","href":"https:\/\/api.w.org\/{rel}","templated":true}]}}