{"id":18093,"date":"2018-10-04T09:52:20","date_gmt":"2018-10-04T07:52:20","guid":{"rendered":"https:\/\/www.ingartek.com\/?page_id=18093"},"modified":"2025-02-10T15:26:43","modified_gmt":"2025-02-10T14:26:43","slug":"c-roads-spain","status":"publish","type":"page","link":"https:\/\/www.ingartek.com\/es\/id\/c-roads-spain\/","title":{"rendered":"C-ROADS SPAIN"},"content":{"rendered":"<div class=\"wpb-content-wrapper\"><p>[vc_row css_animation=\u00bb\u00bb row_type=\u00bbrow\u00bb use_row_as_full_screen_section=\u00bbno\u00bb type=\u00bbfull_width\u00bb angled_section=\u00bbno\u00bb text_align=\u00bbleft\u00bb background_image_as_pattern=\u00bbwithout_pattern\u00bb][vc_column][vc_row_inner row_type=\u00bbrow\u00bb type=\u00bbfull_width\u00bb text_align=\u00bbleft\u00bb css_animation=\u00bb\u00bb][vc_column_inner width=\u00bb1\/4&#8243;][vc_empty_space height=\u00bb15px\u00bb][vc_single_image image=\u00bb18368&#8243; img_size=\u00bb\u00bb qode_css_animation=\u00bb\u00bb][vc_empty_space height=\u00bb15px\u00bb][\/vc_column_inner][\/vc_row_inner][vc_column_text]El proyecto<b> C-Roads Spain<\/b> (Cooperative Roads) en el que participa <b>Ingartek <\/b>est\u00e1 compuesto por 5 pilotos, cada uno de ellos con su particular conjunto de tecnolog\u00edas y servicios C-ITS y con la participaci\u00f3n de diferentes socios. Esta heterogeneidad tiene como objetivo cubrir un amplio espectro de casos, con el fin de evaluar el impacto de la <b>movilidad <\/b>conectada en muchos escenarios representativos.[\/vc_column_text]<div class=\"q_list circle\">\n\t<a href=\"https:\/\/www.c-roads.es\/\" target=\"_blank\" rel=\"noopener nofollow\">C-ROADS<\/a> (Cooperative Roads) promueve la <b>interoperabilidad<\/b> y continuidad de los servicios C-ITS en los distintos pa\u00edses de la Uni\u00f3n Europea. Dentro del despliegue de proyectos piloto que se est\u00e1 realizando en Espa\u00f1a, Ingartek participa en el <a href=\"https:\/\/www.c-roads.es\/newpage2\" target=\"_blank\" rel=\"noopener nofollow\">Piloto 4<\/a>, correspondiente a la zona del Cant\u00e1brico, concretamente en estos dos puntos:<\/p>\n<ul>\n<li>A8 en Asturias, PK 374 a PK 394.<\/li>\n<li>A8\/AP8 en el Pa\u00eds Vasco, PK 100 a PK139<\/li>\n<\/ul>\n<p><\/div>[vc_column_text]<\/p>\n<h3>Los objetivos concretos de este proyecto son los siguientes:<\/h3>\n<p>[\/vc_column_text]<div class=\"q_list circle\">\n\t<\/p>\n<ul>\n<li>Promover el despliegue de C-ITS en Espa\u00f1a a trav\u00e9s de 7 pilotos, donde se implementar\u00e1n los servicios \u201c<a href=\"https:\/\/www.c-roads.es\/newpage2\" rel=\"nofollow noopener\" target=\"_blank\">Day 1<\/a>\u201d y \u201c<a href=\"https:\/\/www.c-roads.es\/newpage2\" rel=\"nofollow noopener\" target=\"_blank\">Day 1,5<\/a>\u201d.<\/li>\n<li>Proporcionar un marco coordinado de actividades para las entidades espa\u00f1olas, en l\u00ednea con las iniciativas europeas existentes.<\/li>\n<li>Participar en la <a href=\"https:\/\/www.c-roads.eu\/platform\/about\/about.html\" rel=\"nofollow noopener\" target=\"_blank\">Plataforma C-Roads<\/a>, con contribuciones a cada uno de los grupos de trabajo y presencia en el Steering Committee.<\/li>\n<li>Garantizar la interoperabilidad y continuidad de C-ITS, promoviendo la cooperaci\u00f3n con otros Estados Miembros.<\/li>\n<li>Estudiar la complementariedad de comunicaciones h\u00edbridas (G5 y comunicaciones celulares) para C-ITS.<\/li>\n<li>Analizar la convergencia de tecnolog\u00edas relacionadas con veh\u00edculo conectado y aut\u00f3nomo.<\/li>\n<li>Asegurar la escalabilidad y replicabilidad de resultados para futuros despliegues de C-ITS en Espa\u00f1a.<\/li>\n<li>Involucrar m\u00faltiples entidades espa\u00f1olas de toda la cadena de valor: operadores de carreteras, operadores de telecomunicaci\u00f3n, fabricantes de veh\u00edculos, proveedores de componentes, proveedores de servicios, gestores de flotas y proveedores de tecnolog\u00edas ITS.<\/li>\n<\/ul>\n<p><\/div>[vc_column_text]Web del proyecto:<a href=\"https:\/\/www.c-roads.es\/\" target=\"_blank\" rel=\"noopener nofollow\"> https:\/\/www.c-roads.es\/<\/a>[\/vc_column_text][vc_empty_space][\/vc_column][\/vc_row]<\/p>\n<\/div>","protected":false},"excerpt":{"rendered":"<p>[vc_row css_animation=\u00bb\u00bb row_type=\u00bbrow\u00bb use_row_as_full_screen_section=\u00bbno\u00bb type=\u00bbfull_width\u00bb angled_section=\u00bbno\u00bb text_align=\u00bbleft\u00bb background_image_as_pattern=\u00bbwithout_pattern\u00bb][vc_column][vc_row_inner row_type=\u00bbrow\u00bb type=\u00bbfull_width\u00bb text_align=\u00bbleft\u00bb css_animation=\u00bb\u00bb][vc_column_inner width=\u00bb1\/4&#8243;][vc_empty_space height=\u00bb15px\u00bb][vc_single_image image=\u00bb18368&#8243; img_size=\u00bb\u00bb qode_css_animation=\u00bb\u00bb][vc_empty_space height=\u00bb15px\u00bb][\/vc_column_inner][\/vc_row_inner][vc_column_text]El proyecto C-Roads Spain (Cooperative Roads) en el que participa Ingartek est\u00e1 compuesto por 5 pilotos, cada uno de ellos con su particular&#8230;<\/p>\n","protected":false},"author":2,"featured_media":0,"parent":18065,"menu_order":0,"comment_status":"closed","ping_status":"closed","template":"","meta":{"content-type":"","footnotes":""},"class_list":["post-18093","page","type-page","status-publish","hentry"],"_links":{"self":[{"href":"https:\/\/www.ingartek.com\/es\/wp-json\/wp\/v2\/pages\/18093","targetHints":{"allow":["GET"]}}],"collection":[{"href":"https:\/\/www.ingartek.com\/es\/wp-json\/wp\/v2\/pages"}],"about":[{"href":"https:\/\/www.ingartek.com\/es\/wp-json\/wp\/v2\/types\/page"}],"author":[{"embeddable":true,"href":"https:\/\/www.ingartek.com\/es\/wp-json\/wp\/v2\/users\/2"}],"replies":[{"embeddable":true,"href":"https:\/\/www.ingartek.com\/es\/wp-json\/wp\/v2\/comments?post=18093"}],"version-history":[{"count":0,"href":"https:\/\/www.ingartek.com\/es\/wp-json\/wp\/v2\/pages\/18093\/revisions"}],"up":[{"embeddable":true,"href":"https:\/\/www.ingartek.com\/es\/wp-json\/wp\/v2\/pages\/18065"}],"wp:attachment":[{"href":"https:\/\/www.ingartek.com\/es\/wp-json\/wp\/v2\/media?parent=18093"}],"curies":[{"name":"wp","href":"https:\/\/api.w.org\/{rel}","templated":true}]}}