{"id":18092,"date":"2018-10-04T10:19:24","date_gmt":"2018-10-04T08:19:24","guid":{"rendered":"https:\/\/www.ingartek.com\/?page_id=18092"},"modified":"2025-02-10T15:26:44","modified_gmt":"2025-02-10T14:26:44","slug":"ubiqo","status":"publish","type":"page","link":"https:\/\/www.ingartek.com\/es\/id\/ubiqo\/","title":{"rendered":"UBIQO"},"content":{"rendered":"<div class=\"wpb-content-wrapper\"><p>[vc_row css_animation=\u00bb\u00bb row_type=\u00bbrow\u00bb use_row_as_full_screen_section=\u00bbno\u00bb type=\u00bbfull_width\u00bb angled_section=\u00bbno\u00bb text_align=\u00bbleft\u00bb background_image_as_pattern=\u00bbwithout_pattern\u00bb][vc_column][vc_empty_space height=\u00bb15px\u00bb][vc_row_inner row_type=\u00bbrow\u00bb type=\u00bbfull_width\u00bb text_align=\u00bbleft\u00bb css_animation=\u00bb\u00bb][vc_column_inner width=\u00bb1\/4&#8243;][vc_single_image image=\u00bb19594&#8243; img_size=\u00bb\u00bb qode_css_animation=\u00bb\u00bb][vc_empty_space height=\u00bb15px\u00bb][\/vc_column_inner][vc_column_inner width=\u00bb1\/4&#8243;][vc_single_image image=\u00bb18359&#8243; img_size=\u00bb\u00bb qode_css_animation=\u00bb\u00bb][vc_empty_space height=\u00bb15px\u00bb][\/vc_column_inner][vc_column_inner width=\u00bb1\/4&#8243;][\/vc_column_inner][vc_column_inner width=\u00bb1\/4&#8243;][\/vc_column_inner][\/vc_row_inner][vc_column_text]A trav\u00e9s del proyecto <b>Ubiqo<\/b>, Ingartek, IDS Ingenier\u00eda y Vicomtech trabajamos para optimizar las <b>infraestructuras portuarias<\/b> mediante el uso de tecnolog\u00eda RFID, reconocimiento facial y aplicativos m\u00f3viles.<\/p>\n<p><a href=\"http:\/\/www.ubiqo.net\/\" target=\"_blank\" rel=\"noopener nofollow\"><strong>Ubiqo<\/strong><\/a> es un proyecto orientado a favorecer la <b>seguridad de las personas<\/b> que trabajan en los puertos mediante un dispositivo que permite la <b>geolocalizaci\u00f3n y la monitorizaci\u00f3n biom\u00e9trica<\/b>. As\u00ed, se busca tanto la vigilancia de la salud de las personas en tiempo real como la creaci\u00f3n de un hist\u00f3rico de datos que permita la implementaci\u00f3n de medidas orientadas a mejorar el bienestar en el trabajo.<\/p>\n<p>Ubiqo nace de la mano del <a href=\"http:\/\/www.neptune-project.eu\/\" target=\"_blank\" rel=\"noopener nofollow\">Plan Neptune<\/a>, cuyo objetivo es incentivar el crecimiento sostenible de los sectores marino y mar\u00edtimo en Europa mediante proyectos innovadores liderados por PYMES del sector. El proyecto quiere incentivar la <b>innovaci\u00f3n <\/b>para crear nuevas cadenas de <b>valor industrial <\/b>que beneficien a todo el sector y tengan un peso espec\u00edfico a nivel local.<\/p>\n<p>En el plan Neptune participan siete cl\u00fasteres tecnol\u00f3gicos, dos centros de soporte empresarial, una escuela de ingenier\u00eda y una empresa consultora de siete pa\u00edses europeos.<\/p>\n<p>El plan tiene una duraci\u00f3n de 30 meses. Ha sido financiado por la Uni\u00f3n Europea, bajo el paraguas del programa de investigaci\u00f3n e innovaci\u00f3n H2020. Adem\u00e1s, se desarrolla en el marco del Plan \u201cBlue Growth\u201d, que quiere potenciar el crecimiento sostenible en la <b>industria del mar<\/b>.[\/vc_column_text][vc_empty_space][\/vc_column][\/vc_row]<\/p>\n<\/div>","protected":false},"excerpt":{"rendered":"<p>[vc_row css_animation=\u00bb\u00bb row_type=\u00bbrow\u00bb use_row_as_full_screen_section=\u00bbno\u00bb type=\u00bbfull_width\u00bb angled_section=\u00bbno\u00bb text_align=\u00bbleft\u00bb background_image_as_pattern=\u00bbwithout_pattern\u00bb][vc_column][vc_empty_space height=\u00bb15px\u00bb][vc_row_inner row_type=\u00bbrow\u00bb type=\u00bbfull_width\u00bb text_align=\u00bbleft\u00bb css_animation=\u00bb\u00bb][vc_column_inner width=\u00bb1\/4&#8243;][vc_single_image image=\u00bb19594&#8243; img_size=\u00bb\u00bb qode_css_animation=\u00bb\u00bb][vc_empty_space height=\u00bb15px\u00bb][\/vc_column_inner][vc_column_inner width=\u00bb1\/4&#8243;][vc_single_image image=\u00bb18359&#8243; img_size=\u00bb\u00bb qode_css_animation=\u00bb\u00bb][vc_empty_space height=\u00bb15px\u00bb][\/vc_column_inner][vc_column_inner width=\u00bb1\/4&#8243;][\/vc_column_inner][vc_column_inner width=\u00bb1\/4&#8243;][\/vc_column_inner][\/vc_row_inner][vc_column_text]A trav\u00e9s del proyecto Ubiqo, Ingartek, IDS Ingenier\u00eda y Vicomtech trabajamos para optimizar las infraestructuras portuarias&#8230;<\/p>\n","protected":false},"author":2,"featured_media":0,"parent":18065,"menu_order":0,"comment_status":"closed","ping_status":"closed","template":"","meta":{"content-type":"","footnotes":""},"class_list":["post-18092","page","type-page","status-publish","hentry"],"_links":{"self":[{"href":"https:\/\/www.ingartek.com\/es\/wp-json\/wp\/v2\/pages\/18092","targetHints":{"allow":["GET"]}}],"collection":[{"href":"https:\/\/www.ingartek.com\/es\/wp-json\/wp\/v2\/pages"}],"about":[{"href":"https:\/\/www.ingartek.com\/es\/wp-json\/wp\/v2\/types\/page"}],"author":[{"embeddable":true,"href":"https:\/\/www.ingartek.com\/es\/wp-json\/wp\/v2\/users\/2"}],"replies":[{"embeddable":true,"href":"https:\/\/www.ingartek.com\/es\/wp-json\/wp\/v2\/comments?post=18092"}],"version-history":[{"count":0,"href":"https:\/\/www.ingartek.com\/es\/wp-json\/wp\/v2\/pages\/18092\/revisions"}],"up":[{"embeddable":true,"href":"https:\/\/www.ingartek.com\/es\/wp-json\/wp\/v2\/pages\/18065"}],"wp:attachment":[{"href":"https:\/\/www.ingartek.com\/es\/wp-json\/wp\/v2\/media?parent=18092"}],"curies":[{"name":"wp","href":"https:\/\/api.w.org\/{rel}","templated":true}]}}