{"id":18091,"date":"2018-10-04T09:57:01","date_gmt":"2018-10-04T07:57:01","guid":{"rendered":"https:\/\/www.ingartek.com\/?page_id=18091"},"modified":"2025-02-10T15:26:43","modified_gmt":"2025-02-10T14:26:43","slug":"citytools","status":"publish","type":"page","link":"https:\/\/www.ingartek.com\/es\/id\/citytools\/","title":{"rendered":"CITYTOOLS"},"content":{"rendered":"<div class=\"wpb-content-wrapper\"><p>[vc_row css_animation=\u00bb\u00bb row_type=\u00bbrow\u00bb use_row_as_full_screen_section=\u00bbno\u00bb type=\u00bbfull_width\u00bb angled_section=\u00bbno\u00bb text_align=\u00bbleft\u00bb background_image_as_pattern=\u00bbwithout_pattern\u00bb][vc_column][vc_row_inner row_type=\u00bbrow\u00bb type=\u00bbfull_width\u00bb text_align=\u00bbleft\u00bb css_animation=\u00bb\u00bb][vc_column_inner width=\u00bb1\/4&#8243;][vc_empty_space height=\u00bb15px\u00bb][vc_single_image image=\u00bb19607&#8243; img_size=\u00bb\u00bb qode_css_animation=\u00bb\u00bb][vc_empty_space height=\u00bb15px\u00bb][\/vc_column_inner][\/vc_row_inner][vc_column_text]El objetivo principal del proyecto CityTOOLS en el que participa <b>Ingartek <\/b>es la investigaci\u00f3n, el dise\u00f1o, el desarrollo y la evaluaci\u00f3n de un prototipo de plataforma tecnol\u00f3gica de gesti\u00f3n, informaci\u00f3n y comunicaci\u00f3n robusta, abierta, transversal y altamente escalable.<\/p>\n<p>Se pretende que esta <a href=\"http:\/\/www.citytools.be\/en\/\" target=\"_blank\" rel=\"noopener nofollow\">plataforma<\/a> cumpla con los est\u00e1ndares y normativas internacionales, europeas, y nacionales. Adem\u00e1s, se quiere conseguir que permita hacer realidad el concepto <b>Smart City<\/b> en cualquier modelo de ciudad y territorio de todo el mundo. Para ello, deber\u00e1 tener como base el desarrollo y el despliegue de servicios y aplicaciones avanzados en el \u00e1mbito del transporte, la movilidad urbana y la planificaci\u00f3n territorial, constituyendo as\u00ed la base del futuro <b>Centro de Control para Ciudades Inteligentes<\/b>.<\/p>\n<p>La nueva Plataforma tecnol\u00f3gica CityTOOLS integrar\u00e1 un conjunto de resultados de investigaci\u00f3n, conocimientos, actitudes y componentes cient\u00edfico-tecnol\u00f3gicos y\/o de innovaci\u00f3n. El objetivo ser\u00e1 asegurar la viabilidad de su futura extensi\u00f3n, la compatibilidad e interoperabilidad con nuevos y futuros servicios inteligentes en los \u00e1mbitos de medioambiente, energ\u00eda, salud, seguridad, turismo, gobernanza, etc., La posici\u00f3n de liderazgo de la <b>industria TIC vasca<\/b> en un sector estrat\u00e9gico emergente como es el de las Smart Cities.<\/p>\n<p>Este proyecto se lleva a cabo con el impulso del programa de apoyo a la I+D empresarial Hazitek (expediente ZE-2016\/00005). Este programa, cofinanciado por el Gobierno Vasco y el Fondo Europeo de Desarrollo Regional (FEDER), consiste en \u201csubvenciones no reintegrables para el apoyo a la realizaci\u00f3n de Proyectos de Investigaci\u00f3n Industrial o Desarrollo Experimental, tanto de car\u00e1cter competitivo como de car\u00e1cter estrat\u00e9gico, en el sector empresarial de la Comunidad Aut\u00f3noma de Euskadi, y en los \u00e1mbitos de especializaci\u00f3n enmarcados en el Plan de Ciencia, Tecnolog\u00eda e Innovaci\u00f3n, Euskadi 2020\u201d.<\/p>\n<p>&nbsp;<\/p>\n<p><em>CITYTOOL es un proyecto cofinanciado por el GOBIERNO VASCO y la UNI\u00d3N EUROPEA a trav\u00e9s del fondo europeo de desarrollo regional 2014-2020 (FEDER)<\/em>[\/vc_column_text][vc_empty_space][\/vc_column][\/vc_row][vc_row css_animation=\u00bb\u00bb row_type=\u00bbrow\u00bb use_row_as_full_screen_section=\u00bbno\u00bb type=\u00bbfull_width\u00bb angled_section=\u00bbno\u00bb text_align=\u00bbleft\u00bb background_image_as_pattern=\u00bbwithout_pattern\u00bb][vc_column width=\u00bb1\/4&#8243;][vc_single_image image=\u00bb17856&#8243; qode_css_animation=\u00bb\u00bb][\/vc_column][vc_column width=\u00bb1\/4&#8243;][vc_single_image image=\u00bb19746&#8243; qode_css_animation=\u00bb\u00bb][\/vc_column][vc_column width=\u00bb1\/4&#8243;][\/vc_column][vc_column width=\u00bb1\/4&#8243;][\/vc_column][\/vc_row]<\/p>\n<\/div>","protected":false},"excerpt":{"rendered":"<p>[vc_row css_animation=\u00bb\u00bb row_type=\u00bbrow\u00bb use_row_as_full_screen_section=\u00bbno\u00bb type=\u00bbfull_width\u00bb angled_section=\u00bbno\u00bb text_align=\u00bbleft\u00bb background_image_as_pattern=\u00bbwithout_pattern\u00bb][vc_column][vc_row_inner row_type=\u00bbrow\u00bb type=\u00bbfull_width\u00bb text_align=\u00bbleft\u00bb css_animation=\u00bb\u00bb][vc_column_inner width=\u00bb1\/4&#8243;][vc_empty_space height=\u00bb15px\u00bb][vc_single_image image=\u00bb19607&#8243; img_size=\u00bb\u00bb qode_css_animation=\u00bb\u00bb][vc_empty_space height=\u00bb15px\u00bb][\/vc_column_inner][\/vc_row_inner][vc_column_text]El objetivo principal del proyecto CityTOOLS en el que participa Ingartek es la investigaci\u00f3n, el dise\u00f1o, el desarrollo y la evaluaci\u00f3n de un&#8230;<\/p>\n","protected":false},"author":2,"featured_media":0,"parent":18065,"menu_order":0,"comment_status":"closed","ping_status":"closed","template":"","meta":{"content-type":"","footnotes":""},"class_list":["post-18091","page","type-page","status-publish","hentry"],"_links":{"self":[{"href":"https:\/\/www.ingartek.com\/es\/wp-json\/wp\/v2\/pages\/18091","targetHints":{"allow":["GET"]}}],"collection":[{"href":"https:\/\/www.ingartek.com\/es\/wp-json\/wp\/v2\/pages"}],"about":[{"href":"https:\/\/www.ingartek.com\/es\/wp-json\/wp\/v2\/types\/page"}],"author":[{"embeddable":true,"href":"https:\/\/www.ingartek.com\/es\/wp-json\/wp\/v2\/users\/2"}],"replies":[{"embeddable":true,"href":"https:\/\/www.ingartek.com\/es\/wp-json\/wp\/v2\/comments?post=18091"}],"version-history":[{"count":0,"href":"https:\/\/www.ingartek.com\/es\/wp-json\/wp\/v2\/pages\/18091\/revisions"}],"up":[{"embeddable":true,"href":"https:\/\/www.ingartek.com\/es\/wp-json\/wp\/v2\/pages\/18065"}],"wp:attachment":[{"href":"https:\/\/www.ingartek.com\/es\/wp-json\/wp\/v2\/media?parent=18091"}],"curies":[{"name":"wp","href":"https:\/\/api.w.org\/{rel}","templated":true}]}}