{"id":18065,"date":"2018-10-03T15:16:57","date_gmt":"2018-10-03T13:16:57","guid":{"rendered":"https:\/\/www.ingartek.com\/?page_id=18065"},"modified":"2026-01-15T11:07:41","modified_gmt":"2026-01-15T10:07:41","slug":"id","status":"publish","type":"page","link":"https:\/\/www.ingartek.com\/es\/id\/","title":{"rendered":"Investigaci\u00f3n y desarrollo: I+D"},"content":{"rendered":"<div class=\"wpb-content-wrapper\"><p>[vc_row css_animation=\u00bb\u00bb row_type=\u00bbrow\u00bb use_row_as_full_screen_section=\u00bbno\u00bb type=\u00bbgrid\u00bb angled_section=\u00bbno\u00bb text_align=\u00bbleft\u00bb background_image_as_pattern=\u00bbwithout_pattern\u00bb z_index=\u00bb\u00bb][vc_column][vc_empty_space height=\u00bb35px\u00bb][qode_elements_holder number_of_columns=\u00bbtwo_columns\u00bb columns_proportion=\u00bb25_75&#8243;][qode_elements_holder_item vertical_alignment=\u00bbmiddle\u00bb horizontal_alignment=\u00bbcenter\u00bb advanced_animations=\u00bbno\u00bb][vc_single_image image=\u00bb33519&#8243; img_size=\u00bb240&#215;120&#8243; onclick=\u00bbcustom_link\u00bb css=\u00bb\u00bb qode_css_animation=\u00bb\u00bb link=\u00bbhttps:\/\/www.ingartek.com\/es\/id\/bikelytics\/\u00bb][\/qode_elements_holder_item][qode_elements_holder_item horizontal_alignment=\u00bbleft\u00bb advanced_animations=\u00bbno\u00bb][vc_column_text css=\u00bb\u00bb]<span style=\"font-weight: 400;\">Ingartek ha participado en el proyecto de I+D <\/span><b>BIKELYTICS<\/b><span style=\"font-weight: 400;\">, una iniciativa orientada a mejorar la gesti\u00f3n de la movilidad urbana mediante el uso de t\u00e9cnicas avanzadas de an\u00e1lisis de datos y aprendizaje autom\u00e1tico.<\/span>[\/vc_column_text][vc_empty_space height=\u00bb15px\u00bb]<a  itemprop=\"url\" href=\"https:\/\/www.ingartek.com\/es\/id\/bikelytics\/\" target=\"_self\"  class=\"qbutton  default\" style=\"\">Ver proyecto<\/a>[\/qode_elements_holder_item][\/qode_elements_holder][vc_separator type=\u00bbnormal\u00bb color=\u00bb#ececec\u00bb up=\u00bb30&#8243; down=\u00bb20&#8243;][qode_elements_holder number_of_columns=\u00bbtwo_columns\u00bb columns_proportion=\u00bb25_75&#8243;][qode_elements_holder_item vertical_alignment=\u00bbmiddle\u00bb horizontal_alignment=\u00bbcenter\u00bb advanced_animations=\u00bbno\u00bb][vc_single_image image=\u00bb32547&#8243; img_size=\u00bb240&#215;120&#8243; onclick=\u00bbcustom_link\u00bb css=\u00bb\u00bb qode_css_animation=\u00bb\u00bb link=\u00bbhttps:\/\/www.ingartek.com\/es\/id\/neverflat\/\u00bb][\/qode_elements_holder_item][qode_elements_holder_item horizontal_alignment=\u00bbleft\u00bb advanced_animations=\u00bbno\u00bb][vc_column_text css=\u00bb\u00bb]El proyecto <a href=\"https:\/\/cordis.europa.eu\/project\/id\/101192973\" rel=\"nofollow noopener\" target=\"_blank\"><b>NEVERFLAT<\/b><\/a> en el que participa <b>Ingartek<\/b> tiene como objetivo desarrollar y demostrar en entornos reales una infraestructura de carga innovadora, eficiente, accesible y de bajo costo para veh\u00edculos el\u00e9ctricos (VE), con capacidad de carga bidireccional.[\/vc_column_text][vc_empty_space height=\u00bb15px\u00bb]<a itemprop=\"url\" href=\"https:\/\/www.ingartek.com\/es\/id\/neverflat\/\" target=\"_self\" class=\"qbutton  default\" style=\"\">Ver proyecto<\/a>[\/qode_elements_holder_item][\/qode_elements_holder][vc_separator type=\u00bbnormal\u00bb color=\u00bb#ececec\u00bb up=\u00bb30&#8243; down=\u00bb20&#8243;][qode_elements_holder number_of_columns=\u00bbtwo_columns\u00bb columns_proportion=\u00bb25_75&#8243;][qode_elements_holder_item vertical_alignment=\u00bbmiddle\u00bb horizontal_alignment=\u00bbcenter\u00bb advanced_animations=\u00bbno\u00bb][vc_single_image image=\u00bb32554&#8243; img_size=\u00bb\u00bb onclick=\u00bbcustom_link\u00bb css=\u00bb\u00bb qode_css_animation=\u00bb\u00bb link=\u00bbhttps:\/\/www.ingartek.com\/es\/id\/scale\/\u00bb][\/qode_elements_holder_item][qode_elements_holder_item horizontal_alignment=\u00bbleft\u00bb advanced_animations=\u00bbno\u00bb][vc_column_text css=\u00bb\u00bb]El proyecto <strong>SCALE<\/strong> tiene como objetivo ampliar el despliegue de servicios maduros de <strong>Sistemas de transporte inteligente cooperativos<\/strong> (C-ITS) y apoyar el desarrollo t\u00e9cnico y las evaluaciones de impacto para el despliegue a gran escala de nuevos casos de uso de C-ITS en 10 sitios representativos de Pilotos y Operaciones en Europa.[\/vc_column_text][vc_empty_space height=\u00bb15px\u00bb]<a itemprop=\"url\" href=\"https:\/\/www.ingartek.com\/es\/id\/scale\/\" target=\"_self\" class=\"qbutton  default\" style=\"\">Ver proyecto<\/a>[\/qode_elements_holder_item][\/qode_elements_holder][vc_separator type=\u00bbnormal\u00bb color=\u00bb#ececec\u00bb up=\u00bb30&#8243; down=\u00bb20&#8243;][qode_elements_holder number_of_columns=\u00bbtwo_columns\u00bb columns_proportion=\u00bb25_75&#8243;][qode_elements_holder_item vertical_alignment=\u00bbmiddle\u00bb horizontal_alignment=\u00bbcenter\u00bb advanced_animations=\u00bbno\u00bb][vc_single_image image=\u00bb32550&#8243; img_size=\u00bb\u00bb onclick=\u00bbcustom_link\u00bb css=\u00bb\u00bb qode_css_animation=\u00bb\u00bb link=\u00bbhttps:\/\/www.ingartek.com\/es\/id\/idriving\/\u00bb][\/qode_elements_holder_item][qode_elements_holder_item horizontal_alignment=\u00bbleft\u00bb advanced_animations=\u00bbno\u00bb][vc_column_text css=\u00bb\u00bb]El proyecto <a href=\"https:\/\/idriving-project.eu\/\" rel=\"nofollow noopener\" target=\"_blank\"><b>iDriving<\/b><\/a>\u00a0 se centra en mejorar la seguridad vial en las carreteras urbanas y secundarias de Europa a trav\u00e9s de soluciones innovadoras basadas en datos. Al integrar tecnolog\u00edas de vanguardia como la IA, los gemelos digitales y el monitoreo en tiempo real, <b>iDriving<\/b> tiene como objetivo mejorar la gesti\u00f3n del tr\u00e1fico, detectar peligros en las carreteras y optimizar el mantenimiento de infraestructuras.[\/vc_column_text][vc_empty_space height=\u00bb15px\u00bb]<a itemprop=\"url\" href=\"https:\/\/www.ingartek.com\/es\/id\/idriving\/\" target=\"_self\" class=\"qbutton  default\" style=\"\">Ver proyecto<\/a>[\/qode_elements_holder_item][\/qode_elements_holder][vc_separator type=\u00bbnormal\u00bb color=\u00bb#ececec\u00bb up=\u00bb30&#8243; down=\u00bb20&#8243;][qode_elements_holder number_of_columns=\u00bbtwo_columns\u00bb columns_proportion=\u00bb25_75&#8243;][qode_elements_holder_item vertical_alignment=\u00bbmiddle\u00bb horizontal_alignment=\u00bbcenter\u00bb advanced_animations=\u00bbno\u00bb][vc_single_image image=\u00bb32541&#8243; img_size=\u00bb220&#215;77&#8243; onclick=\u00bbcustom_link\u00bb css=\u00bb\u00bb qode_css_animation=\u00bb\u00bb link=\u00bbhttps:\/\/www.ingartek.com\/es\/id\/ds4mob-models\/\u00bb][\/qode_elements_holder_item][qode_elements_holder_item horizontal_alignment=\u00bbleft\u00bb advanced_animations=\u00bbno\u00bb][vc_column_text css=\u00bb\u00bb]El proyecto <strong>DS4MOBMODELS<\/strong>, tiene como objetivo crear un <strong>espacio avanzado de datos de movilidad<\/strong>, integrando datos de transporte, tr\u00e1fico y viajes de diversas regiones, incluyendo Espa\u00f1a, la Euroregi\u00f3n Nouvelle-Aquitaine-Euskadi-Navarra y la regi\u00f3n de Centro de Portugal.[\/vc_column_text][vc_empty_space height=\u00bb15px\u00bb]<a itemprop=\"url\" href=\"https:\/\/www.ingartek.com\/es\/id\/ds4mob-models\/\" target=\"_self\" class=\"qbutton  default\" style=\"\">Ver proyecto<\/a>[\/qode_elements_holder_item][\/qode_elements_holder][vc_separator type=\u00bbnormal\u00bb color=\u00bb#ececec\u00bb up=\u00bb30&#8243; down=\u00bb20&#8243;][qode_elements_holder number_of_columns=\u00bbtwo_columns\u00bb columns_proportion=\u00bb25_75&#8243;][qode_elements_holder_item vertical_alignment=\u00bbmiddle\u00bb horizontal_alignment=\u00bbcenter\u00bb advanced_animations=\u00bbno\u00bb][vc_single_image image=\u00bb18368&#8243; img_size=\u00bb220&#215;77&#8243; onclick=\u00bbcustom_link\u00bb qode_css_animation=\u00bb\u00bb link=\u00bb\/es\/id\/c-roads-spain\/\u00bb][\/qode_elements_holder_item][qode_elements_holder_item horizontal_alignment=\u00bbleft\u00bb advanced_animations=\u00bbno\u00bb][vc_column_text]<strong>C-ROADS<\/strong> (Cooperative Roads) promueve la <b>interoperabilidad<\/b> y <strong>continuidad<\/strong> de los servicios C-ITS en los distintos pa\u00edses de la Uni\u00f3n Europea. Dentro del despliegue de <strong>proyectos piloto<\/strong> que se est\u00e1 realizando en Espa\u00f1a, <strong>Ingartek<\/strong> participa en el Piloto 4, correspondiente a la zona del Cant\u00e1brico.[\/vc_column_text][vc_empty_space height=\u00bb15px\u00bb]<a  itemprop=\"url\" href=\"\/es\/id\/c-roads-spain\/\" target=\"_self\"  class=\"qbutton  default\" style=\"\">Ver proyecto<\/a>[\/qode_elements_holder_item][\/qode_elements_holder][vc_separator type=\u00bbnormal\u00bb color=\u00bb#ececec\u00bb up=\u00bb30&#8243; down=\u00bb20&#8243;][qode_elements_holder number_of_columns=\u00bbtwo_columns\u00bb columns_proportion=\u00bb25_75&#8243;][qode_elements_holder_item vertical_alignment=\u00bbmiddle\u00bb horizontal_alignment=\u00bbcenter\u00bb advanced_animations=\u00bbno\u00bb][vc_single_image image=\u00bb19594&#8243; img_size=\u00bb220&#215;77&#8243; onclick=\u00bbcustom_link\u00bb qode_css_animation=\u00bb\u00bb link=\u00bb\/es\/id\/ubiqo\/\u00bb][\/qode_elements_holder_item][qode_elements_holder_item horizontal_alignment=\u00bbleft\u00bb advanced_animations=\u00bbno\u00bb][vc_column_text]A trav\u00e9s del proyecto <b>Ubiqo<\/b>, Ingartek e IDS Ingenier\u00eda trabajamos para optimizar las <b>infraestructuras portuarias<\/b>. Es un proyecto orientado a favorecer la <b>seguridad de las personas<\/b> que trabajan en los puertos mediante un dispositivo que permite la <b>geolocalizaci\u00f3n y la monitorizaci\u00f3n biom\u00e9trica<\/b>.[\/vc_column_text][vc_empty_space height=\u00bb15px\u00bb]<a  itemprop=\"url\" href=\"\/es\/id\/ubiqo\/\" target=\"_self\"  class=\"qbutton  default\" style=\"\">Ver proyecto<\/a>[\/qode_elements_holder_item][\/qode_elements_holder][vc_separator type=\u00bbnormal\u00bb color=\u00bb#ececec\u00bb up=\u00bb30&#8243; down=\u00bb20&#8243;][qode_elements_holder number_of_columns=\u00bbtwo_columns\u00bb columns_proportion=\u00bb25_75&#8243;][qode_elements_holder_item vertical_alignment=\u00bbmiddle\u00bb horizontal_alignment=\u00bbcenter\u00bb advanced_animations=\u00bbno\u00bb][vc_single_image image=\u00bb19686&#8243; img_size=\u00bb220&#215;77&#8243; onclick=\u00bbcustom_link\u00bb qode_css_animation=\u00bb\u00bb link=\u00bb\/es\/id\/citytools\/\u00bb][\/qode_elements_holder_item][qode_elements_holder_item horizontal_alignment=\u00bbleft\u00bb advanced_animations=\u00bbno\u00bb][vc_column_text]El objetivo principal del <strong>proyecto CityTOOLS<\/strong> en el que participa <b>Ingartek <\/b>es la investigaci\u00f3n, el dise\u00f1o, el desarrollo y la evaluaci\u00f3n de un prototipo de plataforma tecnol\u00f3gica de gesti\u00f3n, informaci\u00f3n y comunicaci\u00f3n robusta, abierta, transversal y altamente escalable.[\/vc_column_text][vc_empty_space height=\u00bb15px\u00bb]<a  itemprop=\"url\" href=\"\/es\/id\/citytools\/\" target=\"_self\"  class=\"qbutton  default\" style=\"\">Ver proyecto<\/a>[\/qode_elements_holder_item][\/qode_elements_holder][vc_separator type=\u00bbnormal\u00bb color=\u00bb#ececec\u00bb up=\u00bb30&#8243; down=\u00bb20&#8243;][qode_elements_holder number_of_columns=\u00bbtwo_columns\u00bb columns_proportion=\u00bb25_75&#8243;][qode_elements_holder_item vertical_alignment=\u00bbmiddle\u00bb horizontal_alignment=\u00bbcenter\u00bb advanced_animations=\u00bbno\u00bb][vc_single_image image=\u00bb19721&#8243; img_size=\u00bb220&#215;77&#8243; onclick=\u00bbcustom_link\u00bb qode_css_animation=\u00bb\u00bb link=\u00bb\/es\/id\/beretrack\/\u00bb][\/qode_elements_holder_item][qode_elements_holder_item horizontal_alignment=\u00bbleft\u00bb advanced_animations=\u00bbno\u00bb][vc_column_text]El objetivo principal del proyecto <strong>Beretrack<\/strong> es el desarrollo de una plataforma que permita el seguimiento, monitorizaci\u00f3n y an\u00e1lisis de las t<strong>rayectorias de los transportes especiales en tr\u00e1nsito y en tiempo real<\/strong>, herramienta que levante adem\u00e1s acta de las incidencias ocurridas durante el trayecto o asociadas al propio transporte.[\/vc_column_text][vc_empty_space height=\u00bb15px\u00bb]<a  itemprop=\"url\" href=\"\/es\/id\/beretrack\/\" target=\"_self\"  class=\"qbutton  default\" style=\"\">Ver proyecto<\/a>[\/qode_elements_holder_item][\/qode_elements_holder][vc_empty_space height=\u00bb60px\u00bb][\/vc_column][\/vc_row]<\/p>\n<\/div>","protected":false},"excerpt":{"rendered":"<p>[vc_row css_animation=\u00bb\u00bb row_type=\u00bbrow\u00bb use_row_as_full_screen_section=\u00bbno\u00bb type=\u00bbgrid\u00bb angled_section=\u00bbno\u00bb text_align=\u00bbleft\u00bb background_image_as_pattern=\u00bbwithout_pattern\u00bb z_index=\u00bb\u00bb][vc_column][vc_empty_space height=\u00bb35px\u00bb][qode_elements_holder number_of_columns=\u00bbtwo_columns\u00bb columns_proportion=\u00bb25_75&#8243;][qode_elements_holder_item vertical_alignment=\u00bbmiddle\u00bb horizontal_alignment=\u00bbcenter\u00bb advanced_animations=\u00bbno\u00bb][vc_single_image image=\u00bb33519&#8243; img_size=\u00bb240&#215;120&#8243; onclick=\u00bbcustom_link\u00bb css=\u00bb\u00bb qode_css_animation=\u00bb\u00bb link=\u00bbhttps:\/\/www.ingartek.com\/es\/id\/bikelytics\/\u00bb][\/qode_elements_holder_item][qode_elements_holder_item horizontal_alignment=\u00bbleft\u00bb advanced_animations=\u00bbno\u00bb][vc_column_text css=\u00bb\u00bb]Ingartek ha participado en el proyecto de I+D BIKELYTICS, una iniciativa orientada a mejorar la gesti\u00f3n de&#8230;<\/p>\n","protected":false},"author":2,"featured_media":0,"parent":0,"menu_order":0,"comment_status":"closed","ping_status":"closed","template":"","meta":{"content-type":"","footnotes":""},"class_list":["post-18065","page","type-page","status-publish","hentry"],"_links":{"self":[{"href":"https:\/\/www.ingartek.com\/es\/wp-json\/wp\/v2\/pages\/18065","targetHints":{"allow":["GET"]}}],"collection":[{"href":"https:\/\/www.ingartek.com\/es\/wp-json\/wp\/v2\/pages"}],"about":[{"href":"https:\/\/www.ingartek.com\/es\/wp-json\/wp\/v2\/types\/page"}],"author":[{"embeddable":true,"href":"https:\/\/www.ingartek.com\/es\/wp-json\/wp\/v2\/users\/2"}],"replies":[{"embeddable":true,"href":"https:\/\/www.ingartek.com\/es\/wp-json\/wp\/v2\/comments?post=18065"}],"version-history":[{"count":0,"href":"https:\/\/www.ingartek.com\/es\/wp-json\/wp\/v2\/pages\/18065\/revisions"}],"wp:attachment":[{"href":"https:\/\/www.ingartek.com\/es\/wp-json\/wp\/v2\/media?parent=18065"}],"curies":[{"name":"wp","href":"https:\/\/api.w.org\/{rel}","templated":true}]}}