{"id":17337,"date":"2018-07-16T09:22:15","date_gmt":"2018-07-16T07:22:15","guid":{"rendered":"https:\/\/www.ingartek.com\/?page_id=17337"},"modified":"2025-09-02T13:56:25","modified_gmt":"2025-09-02T12:56:25","slug":"productos","status":"publish","type":"page","link":"https:\/\/www.ingartek.com\/es\/productos\/","title":{"rendered":"Productos"},"content":{"rendered":"<div class=\"wpb-content-wrapper\"><p>[vc_row css_animation=\u00bb\u00bb row_type=\u00bbrow\u00bb use_row_as_full_screen_section=\u00bbno\u00bb type=\u00bbgrid\u00bb angled_section=\u00bbno\u00bb text_align=\u00bbcenter\u00bb background_image_as_pattern=\u00bbwithout_pattern\u00bb z_index=\u00bb\u00bb][vc_column][vc_column_text css=\u00bb\u00bb]<\/p>\n<p style=\"text-align: center; font-size: 1.1em;\"><span style=\"color: #323232;\">En <strong>Ingartek<\/strong> queremos crear valor en la <em><strong>optimizaci\u00f3n de la gesti\u00f3n del transporte<\/strong><\/em>, la circulaci\u00f3n, la movilidad y la accesibilidad urbana. En base a ello, ofrecemos <em><strong>soluciones personalizadas<\/strong><\/em> basadas en datos obtenidos mediante diferentes productos o herramientas. Los productos se adaptan a las necesidades de cada cliente y proyecto, ofreciendo siempre la mejor soluci\u00f3n.<br \/>\n<\/span><\/p>\n<p>[\/vc_column_text][vc_separator type=\u00bbtransparent\u00bb down=\u00bb40&#8243;][\/vc_column][\/vc_row][vc_row css_animation=\u00bb\u00bb row_type=\u00bbrow\u00bb use_row_as_full_screen_section=\u00bbno\u00bb type=\u00bbgrid\u00bb angled_section=\u00bbno\u00bb text_align=\u00bbcenter\u00bb background_image_as_pattern=\u00bbwithout_pattern\u00bb z_index=\u00bb\u00bb][vc_column width=\u00bb1\/2&#8243;][vc_row_inner row_type=\u00bbrow\u00bb type=\u00bbfull_width\u00bb text_align=\u00bbcenter\u00bb css_animation=\u00bb\u00bb css=\u00bb.vc_custom_1528578397399{margin-top: 5px !important;margin-right: 5px !important;margin-bottom: 5px !important;margin-left: 5px !important;background-color: #ffffff !important;}\u00bb][vc_column_inner][vc_single_image image=\u00bb17877&#8243; img_size=\u00bb250x\u00bb alignment=\u00bbcenter\u00bb onclick=\u00bbcustom_link\u00bb qode_css_animation=\u00bb\u00bb link=\u00bb\/es\/productos\/zendesk-adapt-gestion-de-la-atencion-de-usuarios-de-transporte\/\u00bb][vc_separator type=\u00bbtransparent\u00bb up=\u00bb5&#8243; down=\u00bb5&#8243;][vc_column_text]<\/p>\n<h2 style=\"text-align: center;\">Zendesk Adapt<\/h2>\n<p>[\/vc_column_text][vc_separator type=\u00bbnormal\u00bb color=\u00bb#eaeaea\u00bb thickness=\u00bb2&#8243; up=\u00bb8&#8243; down=\u00bb20&#8243;][vc_column_text]<\/p>\n<p style=\"text-align: center;\">Facilitamos la gesti\u00f3n de la <strong>atenci\u00f3n de usuarios<\/strong> de transporte mediante herramientas que faciliten la integraci\u00f3n de plataformas y la trazabilidad de las operaciones.<\/p>\n<p>[\/vc_column_text][vc_separator type=\u00bbtransparent\u00bb down=\u00bb15&#8243;]<a  itemprop=\"url\" href=\"\/es\/productos\/zendesk-adapt-gestion-de-la-atencion-de-usuarios-de-transporte\/\" target=\"_self\"  class=\"qbutton  medium center default\" style=\"\">m\u00e1s informaci\u00f3n<\/a>[vc_separator type=\u00bbtransparent\u00bb down=\u00bb30&#8243;][\/vc_column_inner][\/vc_row_inner][vc_empty_space height=\u00bb40px\u00bb][\/vc_column][vc_column width=\u00bb1\/2&#8243;][vc_row_inner row_type=\u00bbrow\u00bb type=\u00bbfull_width\u00bb text_align=\u00bbcenter\u00bb css_animation=\u00bb\u00bb css=\u00bb.vc_custom_1528578578949{margin-top: 5px !important;margin-right: 5px !important;margin-bottom: 5px !important;margin-left: 5px !important;background-color: #ffffff !important;}\u00bb][vc_column_inner][vc_single_image image=\u00bb17929&#8243; img_size=\u00bb250x\u00bb alignment=\u00bbcenter\u00bb onclick=\u00bbcustom_link\u00bb qode_css_animation=\u00bb\u00bb link=\u00bb\/es\/productos\/gtfsuite-sistema-de-generacion-de-rutas-para-el-planificador-de-google\/\u00bb][vc_separator type=\u00bbtransparent\u00bb up=\u00bb5&#8243; down=\u00bb5&#8243;][vc_column_text]<\/p>\n<h2 style=\"text-align: center;\">GTFSuite<\/h2>\n<p>[\/vc_column_text][vc_separator type=\u00bbnormal\u00bb color=\u00bb#eaeaea\u00bb thickness=\u00bb2&#8243; up=\u00bb8&#8243; down=\u00bb20&#8243;][vc_column_text]<\/p>\n<p style=\"text-align: center;\">Sistema de <strong>generaci\u00f3n de rutas<\/strong> para el planificador de Google. Creaci\u00f3n de rutas de servicio de transporte en los est\u00e1ndares de Google para que dichos servicios aparezcan en su planificador de viajes.<\/p>\n<p>[\/vc_column_text][vc_separator type=\u00bbtransparent\u00bb down=\u00bb15&#8243;]<a  itemprop=\"url\" href=\"\/es\/productos\/gtfsuite-sistema-de-generacion-de-rutas-para-el-planificador-de-google\/\" target=\"_self\"  class=\"qbutton  medium center default\" style=\"\">m\u00e1s informaci\u00f3n<\/a>[vc_separator type=\u00bbtransparent\u00bb down=\u00bb30&#8243;][vc_empty_space height=\u00bb40px\u00bb][\/vc_column_inner][\/vc_row_inner][\/vc_column][\/vc_row][vc_row css_animation=\u00bb\u00bb row_type=\u00bbrow\u00bb use_row_as_full_screen_section=\u00bbno\u00bb type=\u00bbgrid\u00bb angled_section=\u00bbno\u00bb text_align=\u00bbcenter\u00bb background_image_as_pattern=\u00bbwithout_pattern\u00bb z_index=\u00bb\u00bb][vc_column width=\u00bb1\/2&#8243;][vc_row_inner row_type=\u00bbrow\u00bb type=\u00bbfull_width\u00bb text_align=\u00bbcenter\u00bb css_animation=\u00bb\u00bb css=\u00bb.vc_custom_1528578636291{margin-top: 5px !important;margin-right: 5px !important;margin-bottom: 5px !important;margin-left: 5px !important;background-color: #ffffff !important;}\u00bb][vc_column_inner][vc_single_image image=\u00bb17873&#8243; img_size=\u00bb250x\u00bb alignment=\u00bbcenter\u00bb onclick=\u00bbcustom_link\u00bb qode_css_animation=\u00bb\u00bb link=\u00bb\/es\/productos\/estimat-estimaciones-sobre-matrices-origen-destino\/\u00bb][vc_separator type=\u00bbtransparent\u00bb up=\u00bb5&#8243; down=\u00bb5&#8243;][vc_column_text]<\/p>\n<h2 style=\"text-align: center;\">EstiMat<\/h2>\n<p>[\/vc_column_text][vc_separator type=\u00bbnormal\u00bb color=\u00bb#eaeaea\u00bb thickness=\u00bb2&#8243; up=\u00bb8&#8243; down=\u00bb20&#8243;][vc_column_text]<\/p>\n<p style=\"text-align: center;\"><strong>Estimaci\u00f3n de matrices origen\/destino<\/strong>. Procesamos grandes vol\u00famenes de datos, Big Data, de la informaci\u00f3n generada por los usuarios de transporte para obtener de forma autom\u00e1tica matrices Origen\/Destino que permitan entender c\u00f3mo y por qu\u00e9 se mueven las personas.<\/p>\n<p>[\/vc_column_text][vc_separator type=\u00bbtransparent\u00bb down=\u00bb15&#8243;]<a  itemprop=\"url\" href=\"\/es\/productos\/estimat-estimaciones-sobre-matrices-origen-destino\/\" target=\"_self\"  class=\"qbutton  medium center default\" style=\"\">m\u00e1s informaci\u00f3n<\/a>[vc_separator type=\u00bbtransparent\u00bb down=\u00bb30&#8243;][vc_empty_space height=\u00bb40px\u00bb][\/vc_column_inner][\/vc_row_inner][\/vc_column][vc_column width=\u00bb1\/2&#8243;][\/vc_column][\/vc_row]<\/p>\n<\/div>","protected":false},"excerpt":{"rendered":"<p>[vc_row css_animation=\u00bb\u00bb row_type=\u00bbrow\u00bb use_row_as_full_screen_section=\u00bbno\u00bb type=\u00bbgrid\u00bb angled_section=\u00bbno\u00bb text_align=\u00bbcenter\u00bb background_image_as_pattern=\u00bbwithout_pattern\u00bb z_index=\u00bb\u00bb][vc_column][vc_column_text css=\u00bb\u00bb] En Ingartek queremos crear valor en la optimizaci\u00f3n de la gesti\u00f3n del transporte, la circulaci\u00f3n, la movilidad y la accesibilidad urbana. En base a ello, ofrecemos soluciones personalizadas basadas en&#8230;<\/p>\n","protected":false},"author":2,"featured_media":0,"parent":0,"menu_order":0,"comment_status":"closed","ping_status":"closed","template":"","meta":{"content-type":"","footnotes":""},"class_list":["post-17337","page","type-page","status-publish","hentry"],"_links":{"self":[{"href":"https:\/\/www.ingartek.com\/es\/wp-json\/wp\/v2\/pages\/17337","targetHints":{"allow":["GET"]}}],"collection":[{"href":"https:\/\/www.ingartek.com\/es\/wp-json\/wp\/v2\/pages"}],"about":[{"href":"https:\/\/www.ingartek.com\/es\/wp-json\/wp\/v2\/types\/page"}],"author":[{"embeddable":true,"href":"https:\/\/www.ingartek.com\/es\/wp-json\/wp\/v2\/users\/2"}],"replies":[{"embeddable":true,"href":"https:\/\/www.ingartek.com\/es\/wp-json\/wp\/v2\/comments?post=17337"}],"version-history":[{"count":0,"href":"https:\/\/www.ingartek.com\/es\/wp-json\/wp\/v2\/pages\/17337\/revisions"}],"wp:attachment":[{"href":"https:\/\/www.ingartek.com\/es\/wp-json\/wp\/v2\/media?parent=17337"}],"curies":[{"name":"wp","href":"https:\/\/api.w.org\/{rel}","templated":true}]}}