{"id":17272,"date":"2018-07-11T15:05:50","date_gmt":"2018-07-11T13:05:50","guid":{"rendered":"https:\/\/www.ingartek.com\/?page_id=17272"},"modified":"2023-06-13T14:52:07","modified_gmt":"2023-06-13T13:52:07","slug":"politica-de-cookies","status":"publish","type":"page","link":"https:\/\/www.ingartek.com\/es\/politica-de-cookies\/","title":{"rendered":"Pol\u00edtica de cookies"},"content":{"rendered":"<div class=\"wpb-content-wrapper\"><p>[vc_row css_animation=\u00bb\u00bb row_type=\u00bbrow\u00bb use_row_as_full_screen_section=\u00bbno\u00bb type=\u00bbgrid\u00bb angled_section=\u00bbno\u00bb text_align=\u00bbleft\u00bb background_image_as_pattern=\u00bbwithout_pattern\u00bb z_index=\u00bb\u00bb][vc_column][vc_empty_space][vc_column_text]En nuestra web utilizamos cookies para mejorar tu experiencia de usuario. Si navegas por nuestro sitio web, estar\u00e1s aceptando el uso de las cookies en las condiciones establecidas en la presente Pol\u00edtica de Cookies. Esta pol\u00edtica puede ser actualizada, por lo que te invitamos a revisarla de forma regular.<\/p>\n<p>&nbsp;<\/p>\n<h2>\u00bfQu\u00e9 es una Cookie?<\/h2>\n<p>Una Cookie es un peque\u00f1o fichero de texto que un sitio web coloca en su PC, tel\u00e9fono o cualquier otro dispositivo, con informaci\u00f3n sobre su navegaci\u00f3n en dicho sitio. Las Cookies son necesarias para facilitar la navegaci\u00f3n y hacerla m\u00e1s amigable.<\/p>\n<p>Si bien en la presente pol\u00edtica se utiliza el termino general de \u201cCookie\u201d, pues es el principal m\u00e9todo de almacenamiento de informaci\u00f3n que utiliza este sitio web, tambi\u00e9n es utilizado el espacio de \u201cAlmacenamiento local\u201d del navegador para los mismos prop\u00f3sitos que las Cookies. En este sentido, toda la informaci\u00f3n incluida en esta secci\u00f3n es aplicable igualmente a este \u201cAlmacenamiento local\u201d.<\/p>\n<p>&nbsp;<\/p>\n<h2>\u00bfPara qu\u00e9 se utilizan las Cookies en este sitio web?<\/h2>\n<p>Las Cookies son una parte esencial de c\u00f3mo funciona nuestro sitio web. El objetivo principal de nuestras Cookies es mejorar su experiencia en la navegaci\u00f3n. Por ejemplo, son utilizadas para recordar sus preferencias durante la navegaci\u00f3n y en futuras visitas.<\/p>\n<p>La informaci\u00f3n recogida en las Cookies nos permite, adem\u00e1s, mejorar la web mediante estimaciones sobre n\u00fameros y patrones de uso, la adaptaci\u00f3n del sitio web a los intereses individuales de los usuarios, la aceleraci\u00f3n de las b\u00fasquedas, etc.<\/p>\n<p>&nbsp;<\/p>\n<h2>\u00bfQui\u00e9n utiliza la informaci\u00f3n almacenada en las Cookies?<\/h2>\n<p>La informaci\u00f3n almacenada en las Cookies de nuestro sitio web es utilizada exclusivamente por nosotros, a excepci\u00f3n de aquellas identificadas m\u00e1s adelante como \u201cCookies de terceros\u201d, que son utilizadas y gestionadas por entidades externas para proporcionarnos servicios solicitados por nosotros para mejorar nuestros servicios y la experiencia del usuario al navegar en nuestro sitio web.<\/p>\n<p>&nbsp;<\/p>\n<h2>\u00bfC\u00f3mo puedo evitar el uso de Cookies en este sitio web?<\/h2>\n<p>Si usted prefiere evitar el uso de Cookies en esta p\u00e1gina teniendo en cuenta las limitaciones anteriores debe, en primer lugar, deshabilitar en su navegador el uso de Cookies y, en segundo lugar, eliminar las Cookies guardadas en su navegador asociadas a este sitio web.<\/p>\n<p>Esta posibilidad de evitar el uso de Cookies puede ser llevada a cabo por usted en cualquier momento.<\/p>\n<p>&nbsp;<\/p>\n<h2>\u00bfC\u00f3mo modifico la Pol\u00edtica de Cookies?<\/h2>\n<p>Puede cambiar sus preferencias en relaci\u00f3n a las cookies anal\u00edticas mediante las opciones habilitar\/deshabilitar. El Usuario puede permitir o bloquear las cookies, as\u00ed como borrar sus datos de navegaci\u00f3n (incluidas las cookies) desde el navegador que utiliza. Para ello, puede visitar las siguientes p\u00e1ginas dependiendo del navegador utilizado:<\/p>\n<p>Cookies Firefox: <a href=\"https:\/\/support.mozilla.org\/es\/kb\/habilitar-y-deshabilitar-cookies-sitios-web-rastrear-preferencias\" target=\"_blank\" rel=\"nofollow noopener\">\u00abHabilitar y deshabilitar cookies en Firefox\u00bb<\/a><\/p>\n<p>Cookies Chrome: <a href=\"https:\/\/support.google.com\/chrome\/answer\/95647?co=GENIE.Platform%3DDesktop&amp;hl=es\" target=\"_blank\" rel=\"noopener nofollow\">\u00abBorrar, habilitar y administrar cookies en Chrome\u00bb<\/a><\/p>\n<p>Cookies IExplorer: <a href=\"https:\/\/support.microsoft.com\/es-es\/help\/17442\/windows-internet-explorer-delete-manage-cookies\" target=\"_blank\" rel=\"nofollow noopener\">\u00abEliminar y administrar cookies en IE\u00bb<\/a><\/p>\n<p>Cookies Safari:<a href=\"https:\/\/support.apple.com\/es-es\/guide\/safari\/sfri11471\/mac\" target=\"_blank\" rel=\"nofollow noopener\">\u00abSafari para Mac: Gestionar cookies y datos de sitios web con Safari\u00bb<\/a><\/p>\n<p>Cookies Opera: <a href=\"http:\/\/help.opera.com\/Windows\/11.50\/es-ES\/cookies.html\" target=\"_blank\" rel=\"nofollow noopener\">\u00abGestionar cookies en el navegador Opera\u00bb<\/a><\/p>\n<p>&nbsp;<\/p>\n<h2>\u00bfQu\u00e9 Cookies concretas utiliza este sitio web y para qu\u00e9 finalidades?<\/h2>\n<p>&nbsp;<\/p>\n<h3>Cookies t\u00e9cnicas o funcionales<\/h3>\n<p>Algunas cookies aseguran que ciertas partes de la web funcionen correctamente y que tus preferencias de usuario sigan record\u00e1ndose. Al colocar cookies funcionales, te facilitamos la visita a nuestra web. De esta manera, no necesitas introducir repetidamente la misma informaci\u00f3n cuando visitas nuestra web. Podemos colocar estas cookies sin tu consentimiento.<\/p>\n<p>&nbsp;<\/p>\n<h3>Cookies de estad\u00edsticas<\/h3>\n<p>Usamos cookies de estad\u00edsticas para optimizar la experiencia en la web para nuestros usuarios. Con estas cookies estad\u00edsticas obtenemos conocimientos del uso de nuestra web. Te pedimos tu permiso para colocar cookies de estad\u00edsticas.<\/p>\n<p>&nbsp;<\/p>\n<h3>Cookies de marketing\/seguimiento<\/h3>\n<p>Las cookies de marketing\/seguimiento son cookies, o cualquier otra forma de almacenamiento local, usadas para crear perfiles de usuario para mostrar publicidad o para hacer el seguimiento del usuario en esta web o en varias webs con fines de marketing similares.<\/p>\n<p>&nbsp;<\/p>\n<p><strong>A continuaci\u00f3n, se incluye un cuadro con las Cookies, que podemos activar o desactivar las utilizadas por este sitio web, junto con la descripci\u00f3n y ejemplo de uso de las mismas:<\/strong><\/p>\n<p>&nbsp;<\/p>\n<table>\n<tbody>\n<tr>\n<td style=\"border: 1px solid #eaeaea; text-align: left;\"><strong>Nombre de cookies<\/strong><\/td>\n<td style=\"border: 1px solid #eaeaea; text-align: left;\"><strong>Tipo de cookie<\/strong><\/td>\n<td style=\"border: 1px solid #eaeaea; text-align: left;\"><strong>Caducidad<\/strong><\/td>\n<td style=\"border: 1px solid #eaeaea; text-align: left;\"><strong>Finalidad y tipo de informaci\u00f3n que recoge<\/strong><\/td>\n<\/tr>\n<tr>\n<td style=\"border: 1px solid #eaeaea; text-align: left;\"><em><strong>Google analytics:<\/strong><\/em><\/p>\n<p>_ga<\/p>\n<p>_gid<\/p>\n<p>_gat_gtag_UA*<\/td>\n<td style=\"border: 1px solid #eaeaea; text-align: left;\">Estad\u00edsticas.<\/td>\n<td style=\"border: 1px solid #eaeaea; text-align: left;\">_ga: 2 a\u00f1os<\/p>\n<p>_gid: 1 d\u00eda<\/p>\n<p>_gat_gtag_UA*: 1 minuto<\/td>\n<td style=\"border: 1px solid #eaeaea; text-align: left;\">Usamos Google Analytics para estad\u00edsticas del sitio web.<br \/>\nFunci\u00f3n: Contar y rastrear p\u00e1ginas vistas. <span dir=\"ltr\" role=\"presentation\">Almacenar un ID de usuario \u00fanico<\/span>.<br \/>\nPara m\u00e1s informaci\u00f3n: <a href=\"https:\/\/policies.google.com\/privacy\" target=\"_blank\" rel=\"noopener nofollow\">lee la pol\u00edtica de privacidad d Google Analytics.<\/a><\/td>\n<\/tr>\n<tr>\n<td style=\"border: 1px solid #eaeaea; text-align: left;\"><strong><em>Google reCAPTCHA:<\/em><\/strong><br \/>\nrc::a, rc::b, rc::c<\/td>\n<td style=\"border: 1px solid #eaeaea; text-align: left;\">Marketing \/ Seguimiento<\/td>\n<td style=\"border: 1px solid #eaeaea; text-align: left;\">rc::a \/ duraci\u00f3n sesi\u00f3n<\/p>\n<p>rc::b \/ duraci\u00f3n sesi\u00f3n<\/p>\n<p>rc::c \/ duraci\u00f3n persistente<\/td>\n<td style=\"border: 1px solid #eaeaea; text-align: left;\">Usamos Google reCAPTCHA para prevenci\u00f3n de spam.<br \/>\nFunci\u00f3n: Filtrar solicitudes de bots.<br \/>\nPara m\u00e1s informaci\u00f3n, <a href=\"https:\/\/policies.google.com\/privacy\" target=\"_blank\" rel=\"noopener nofollow\">lee la pol\u00edtica de privacidad de Google reCAPTCHA.<\/a><\/td>\n<\/tr>\n<tr>\n<td style=\"border: 1px solid #eaeaea; text-align: left;\"><em><strong>Vimeo:<\/strong><\/em><br \/>\n_utmt_player, vuid<\/td>\n<td style=\"border: 1px solid #eaeaea; text-align: left;\">Estad\u00edsticas<\/td>\n<td style=\"border: 1px solid #eaeaea; text-align: left;\">_utmt_player: 10 minutos.<\/p>\n<p>vuid: 2 a\u00f1os.<\/td>\n<td style=\"border: 1px solid #eaeaea; text-align: left;\">Usamos Vimeo para mostrar video. Almacenar y realizar un seguimiento del alcance de la audiencia.<br \/>\nPara m\u00e1s informaci\u00f3n, lee la <a href=\"https:\/\/vimeo.com\/privacy\" target=\"_blank\" rel=\"noopener nofollow\">pol\u00edtica de privacidad de Vimeo<\/a>.<\/td>\n<\/tr>\n<tr>\n<td style=\"border: 1px solid #eaeaea; text-align: left;\"><em><strong>WPML:<\/strong><\/em><br \/>\nwp-wpml_current_language<\/td>\n<td style=\"border: 1px solid #eaeaea; text-align: left;\">Funcional<\/td>\n<td style=\"border: 1px solid #eaeaea; text-align: left;\">1 d\u00eda<\/td>\n<td style=\"border: 1px solid #eaeaea; text-align: left;\">Estos datos no se comparten con terceros. Guardar configuraciones de lenguaje<\/td>\n<\/tr>\n<\/tbody>\n<\/table>\n<p>[\/vc_column_text][vc_empty_space height=\u00bb60px\u00bb][\/vc_column][\/vc_row]<\/p>\n<\/div>","protected":false},"excerpt":{"rendered":"<p>[vc_row css_animation=\u00bb\u00bb row_type=\u00bbrow\u00bb use_row_as_full_screen_section=\u00bbno\u00bb type=\u00bbgrid\u00bb angled_section=\u00bbno\u00bb text_align=\u00bbleft\u00bb background_image_as_pattern=\u00bbwithout_pattern\u00bb z_index=\u00bb\u00bb][vc_column][vc_empty_space][vc_column_text]En nuestra web utilizamos cookies para mejorar tu experiencia de usuario. Si navegas por nuestro sitio web, estar\u00e1s aceptando el uso de las cookies en las condiciones establecidas en la presente Pol\u00edtica&#8230;<\/p>\n","protected":false},"author":2,"featured_media":0,"parent":0,"menu_order":0,"comment_status":"closed","ping_status":"closed","template":"full_width.php","meta":{"content-type":"","footnotes":""},"class_list":["post-17272","page","type-page","status-publish","hentry"],"_links":{"self":[{"href":"https:\/\/www.ingartek.com\/es\/wp-json\/wp\/v2\/pages\/17272","targetHints":{"allow":["GET"]}}],"collection":[{"href":"https:\/\/www.ingartek.com\/es\/wp-json\/wp\/v2\/pages"}],"about":[{"href":"https:\/\/www.ingartek.com\/es\/wp-json\/wp\/v2\/types\/page"}],"author":[{"embeddable":true,"href":"https:\/\/www.ingartek.com\/es\/wp-json\/wp\/v2\/users\/2"}],"replies":[{"embeddable":true,"href":"https:\/\/www.ingartek.com\/es\/wp-json\/wp\/v2\/comments?post=17272"}],"version-history":[{"count":0,"href":"https:\/\/www.ingartek.com\/es\/wp-json\/wp\/v2\/pages\/17272\/revisions"}],"wp:attachment":[{"href":"https:\/\/www.ingartek.com\/es\/wp-json\/wp\/v2\/media?parent=17272"}],"curies":[{"name":"wp","href":"https:\/\/api.w.org\/{rel}","templated":true}]}}