{"id":16331,"date":"2018-06-04T11:55:37","date_gmt":"2018-06-04T09:55:37","guid":{"rendered":"https:\/\/www.ingartek.com\/?page_id=16331"},"modified":"2025-01-02T10:46:50","modified_gmt":"2025-01-02T09:46:50","slug":"estimat-estimaciones-sobre-matrices-origen-destino","status":"publish","type":"page","link":"https:\/\/www.ingartek.com\/es\/productos\/estimat-estimaciones-sobre-matrices-origen-destino\/","title":{"rendered":"EstiMat"},"content":{"rendered":"<div class=\"wpb-content-wrapper\"><p>[vc_row css_animation=\u00bb\u00bb row_type=\u00bbrow\u00bb use_row_as_full_screen_section=\u00bbno\u00bb type=\u00bbgrid\u00bb angled_section=\u00bbno\u00bb text_align=\u00bbleft\u00bb background_image_as_pattern=\u00bbwithout_pattern\u00bb z_index=\u00bb\u00bb padding_top=\u00bb30&#8243;][vc_column css=\u00bb.vc_custom_1727360666881{padding-right: 50px !important;}\u00bb][vc_column_text]EstiMat permite realizar <strong>estimaciones sobre matrices origen-destino<\/strong>. Mediante esta herramienta procesamos grandes vol\u00famenes de datos, Big Data, de la informaci\u00f3n generada por los usuarios de transporte para obtener de forma autom\u00e1tica matrices Origen\/Destino que permitan entender c\u00f3mo y por qu\u00e9 se mueven las personas.[\/vc_column_text][vc_empty_space height=\u00bb15px\u00bb][vc_column_text]<\/p>\n<h2><span style=\"letter-spacing: 1px;\">Descripci\u00f3n:<\/span><\/h2>\n<p>[\/vc_column_text][vc_column_text]EstiMat ofrece un completo conocimiento de la red y el servicio, lo que ayuda a mejorar las planificaciones futuras y a optimizar la red asegurando as\u00ed un servicio de alta calidad. Partiendo de bases de datos mon\u00e9ticos, informaci\u00f3n SAE y Big Data de las ciudades, EstiMat nos proporciona patrones para la elaboraci\u00f3n de <strong>estimaciones sobre matrices origen-destino<\/strong>. Esta herramienta ofrece toda la informaci\u00f3n exportable durante las 24 horas y trabaja con un software en la nube.[\/vc_column_text][vc_empty_space][vc_row_inner row_type=\u00bbrow\u00bb type=\u00bbfull_width\u00bb text_align=\u00bbleft\u00bb css_animation=\u00bb\u00bb][vc_column_inner width=\u00bb1\/2&#8243;][vc_single_image image=\u00bb19910&#8243; img_size=\u00bbfull\u00bb qode_css_animation=\u00bb\u00bb][vc_empty_space][\/vc_column_inner][vc_column_inner width=\u00bb1\/2&#8243;][vc_column_text]<\/p>\n<h2><span style=\"letter-spacing: 1px;\">Con EstiMat conseguir\u00e1s:<\/span><\/h2>\n<p>[\/vc_column_text][vc_empty_space]<div class=\"q_icon_list\"><p style=\"color:#333333;\">+20 Millones de registros procesados.<\/p><\/div><div class=\"q_icon_list\"><p style=\"color:#333333;\">90% reducci\u00f3n de los tiempos de obtenci\u00f3n de una Matriz O\/D.<\/p><\/div><div class=\"q_icon_list\"><p style=\"color:#333333;\">Mejora de la fiabilidad de los datos obtenidos.<\/p><\/div>[vc_empty_space][\/vc_column_inner][\/vc_row_inner][vc_row_inner row_type=\u00bbrow\u00bb type=\u00bbfull_width\u00bb text_align=\u00bbleft\u00bb css_animation=\u00bb\u00bb css=\u00bb.vc_custom_1647514415925{margin-bottom: 40px !important;border-top-width: 1px !important;border-right-width: 1px !important;border-bottom-width: 1px !important;border-left-width: 1px !important;padding-top: 30px !important;padding-bottom: 30px !important;border-left-color: #eeeeee !important;border-left-style: solid !important;border-right-color: #eeeeee !important;border-right-style: solid !important;border-top-color: #eeeeee !important;border-top-style: solid !important;border-bottom-color: #eeeeee !important;border-bottom-style: solid !important;}\u00bb][vc_column_inner][vc_widget_sidebar sidebar_id=\u00bbContent Bottom\u00bb][\/vc_column_inner][\/vc_row_inner][\/vc_column][\/vc_row][vc_row css_animation=\u00bb\u00bb row_type=\u00bbrow\u00bb use_row_as_full_screen_section=\u00bbno\u00bb type=\u00bbgrid\u00bb angled_section=\u00bbno\u00bb text_align=\u00bbleft\u00bb background_image_as_pattern=\u00bbwithout_pattern\u00bb z_index=\u00bb\u00bb][vc_column][vc_empty_space][vc_column_text]<\/p>\n<h2>Proyectos relacionados<\/h2>\n<p>[\/vc_column_text][vc_separator type=\u00bbnormal\u00bb color=\u00bb#eeeeee\u00bb thickness=\u00bb2&#8243; up=\u00bb15&#8243; down=\u00bb30&#8243;]<div class='projects_holder_outer v4 portfolio_with_space portfolio_standard'>\n        <div class='projects_holder portfolio_main_holder clearfix v4 standard portfolio_full_image portfolio_one_by_one'>\n        \n        <article class='mix portfolio_category_162 default' style=''>\n    \n    \n    \n    \n            <div class=\"item_holder thin_plus_only\">\n\n                    <div class=\"text_holder\">\n        <div class=\"text_holder_outer\">\n            <div class=\"text_holder_inner\">\n                            <span class=\"thin_plus_only_icon\">+<\/span>\n                        <\/div>\n        <\/div>\n    <\/div>\n\n                                    <a itemprop=\"url\" class=\"portfolio_link_class\" title=\"Datos de telefon\u00eda m\u00f3vil para el Ayuntamiento de Irun\" href=\"https:\/\/www.ingartek.com\/es\/proyecto\/datos-de-telefonia-movil-para-el-ayuntamiento-de-irun\/\"><\/a>\n                \n                <div style=\"\" class=\"portfolio_shader\"><\/div>\n                <div class=\"image_holder\">\n                    \n<span class='image'><img loading=\"lazy\" decoding=\"async\" width=\"449\" height=\"300\" src=\"https:\/\/www.ingartek.com\/wp-content\/uploads\/2021\/09\/project-2020-052.jpg\" class=\"attachment-full size-full wp-post-image\" alt=\"Datos de telefon\u00eda m\u00f3vil para el Ayuntamiento de Irun\" srcset=\"https:\/\/www.ingartek.com\/wp-content\/uploads\/2021\/09\/project-2020-052.jpg 449w, https:\/\/www.ingartek.com\/wp-content\/uploads\/2021\/09\/project-2020-052-300x200.jpg 300w\" sizes=\"auto, (max-width: 449px) 100vw, 449px\" title=\"\"><\/span>                <\/div>\n            <\/div>\n\n                <div class='portfolio_description text_align_center' >\n\n        \n    <h3 itemprop=\"name\" class=\"portfolio_title entry_title\"><a itemprop=\"url\" href=\"https:\/\/www.ingartek.com\/es\/proyecto\/datos-de-telefonia-movil-para-el-ayuntamiento-de-irun\/\" target=\"_self\"> Datos de telefon\u00eda m\u00f3vil para el Ayuntamiento de Irun<\/a><\/h3>\n\n\n        \n        \n    <\/div>\n\n        \n<\/article>\n<article class='mix portfolio_category_162 default' style=''>\n    \n    \n    \n    \n            <div class=\"item_holder thin_plus_only\">\n\n                    <div class=\"text_holder\">\n        <div class=\"text_holder_outer\">\n            <div class=\"text_holder_inner\">\n                            <span class=\"thin_plus_only_icon\">+<\/span>\n                        <\/div>\n        <\/div>\n    <\/div>\n\n                                    <a itemprop=\"url\" class=\"portfolio_link_class\" title=\"Datos de telefon\u00eda m\u00f3vil para el Ayuntamiento de Donostia\" href=\"https:\/\/www.ingartek.com\/es\/proyecto\/datos-de-telefonia-movil-para-el-ayuntamiento-de-donostia\/\"><\/a>\n                \n                <div style=\"\" class=\"portfolio_shader\"><\/div>\n                <div class=\"image_holder\">\n                    \n<span class='image'><img loading=\"lazy\" decoding=\"async\" width=\"449\" height=\"300\" src=\"https:\/\/www.ingartek.com\/wp-content\/uploads\/2021\/09\/project-2019-048.jpg\" class=\"attachment-full size-full wp-post-image\" alt=\"Datos de telefon\u00eda m\u00f3vil para el Ayuntamiento de Donostia\" srcset=\"https:\/\/www.ingartek.com\/wp-content\/uploads\/2021\/09\/project-2019-048.jpg 449w, https:\/\/www.ingartek.com\/wp-content\/uploads\/2021\/09\/project-2019-048-300x200.jpg 300w\" sizes=\"auto, (max-width: 449px) 100vw, 449px\" title=\"\"><\/span>                <\/div>\n            <\/div>\n\n                <div class='portfolio_description text_align_center' >\n\n        \n    <h3 itemprop=\"name\" class=\"portfolio_title entry_title\"><a itemprop=\"url\" href=\"https:\/\/www.ingartek.com\/es\/proyecto\/datos-de-telefonia-movil-para-el-ayuntamiento-de-donostia\/\" target=\"_self\"> Datos de telefon\u00eda m\u00f3vil para el Ayuntamiento de Donostia<\/a><\/h3>\n\n\n        \n        \n    <\/div>\n\n        \n<\/article>\n        <div class='filler'><\/div>\n            <div class='filler'><\/div>\n            <div class='filler'><\/div>\n            <div class='filler'><\/div>\n        <\/div>\n\n    \n    <\/div>[vc_empty_space][\/vc_column][\/vc_row][vc_row css_animation=\u00bb\u00bb row_type=\u00bbrow\u00bb use_row_as_full_screen_section=\u00bbno\u00bb type=\u00bbfull_width\u00bb angled_section=\u00bbno\u00bb text_align=\u00bbleft\u00bb background_image_as_pattern=\u00bbwithout_pattern\u00bb z_index=\u00bb\u00bb background_color=\u00bb#eaeaea\u00bb][vc_column][vc_row_inner row_type=\u00bbrow\u00bb type=\u00bbgrid\u00bb text_align=\u00bbleft\u00bb css_animation=\u00bb\u00bb][vc_column_inner][vc_empty_space][vc_column_text]<\/p>\n<h2>Blog del conocimiento<\/h2>\n<p>[\/vc_column_text][vc_separator type=\u00bbnormal\u00bb color=\u00bb#ffffff\u00bb thickness=\u00bb2&#8243; up=\u00bb15&#8243; down=\u00bb30&#8243;]<div class='q_masonry_blog'><div class=\"q_masonry_blog_grid_sizer\"><\/div><div class=\"q_masonry_blog_grid_gutter\"><\/div><article class=\"post-20214 post type-post status-publish format-standard has-post-thumbnail hentry category-blog-del-conocimiento category-asistencia-tecnica-y-desarrollo-tecnologico category-producto-estimat tag-asistencia-tecnica-y-desarrollo-tecnologico tag-big-data tag-datos tag-datos-moviles tag-estudios-de-movilidad tag-movilidad tag-orange tag-redes-de-transporte tag-tecnologia-big-data tag-telefonia-movil\"><div class=\"q_masonry_blog_post_image\"><a itemprop=\"url\" href=\"https:\/\/www.ingartek.com\/es\/los-dispositivos-moviles-como-captadores-de-datos\/\" target=\"_self\"><img decoding=\"async\" itemprop=\"image\" src=\"https:\/\/www.ingartek.com\/wp-content\/uploads\/2019\/07\/ingartek-consulting-post.jpg\" alt=\"Ingartek Consulting - Inteligencia en Movimiento\" title=\"\"><\/a><\/div><div class=\"q_masonry_blog_post_text\"><h3 itemprop=\"name\" class=\"q_masonry_blog_title entry_title\"><a itemprop=\"url\" href=\"https:\/\/www.ingartek.com\/es\/los-dispositivos-moviles-como-captadores-de-datos\/\">Los dispositivos m\u00f3viles como captadores de datos<\/a><\/h3><p itemprop=\"description\" class=\"q_masonry_blog_excerpt\">Los dispositivos m\u00f3viles se han convertido en los nuevos captadores de datos.\u00a0 Todos conocemos que nuestros dispositivos m\u00f3viles van deja...<\/p><div class=\"q_masonry_blog_post_info\"><\/div><\/div><\/article><\/div>[\/vc_column_inner][\/vc_row_inner][\/vc_column][\/vc_row]<\/p>\n<\/div>","protected":false},"excerpt":{"rendered":"<p>[vc_row css_animation=\u00bb\u00bb row_type=\u00bbrow\u00bb use_row_as_full_screen_section=\u00bbno\u00bb type=\u00bbgrid\u00bb angled_section=\u00bbno\u00bb text_align=\u00bbleft\u00bb background_image_as_pattern=\u00bbwithout_pattern\u00bb z_index=\u00bb\u00bb padding_top=\u00bb30&#8243;][vc_column css=\u00bb.vc_custom_1727360666881{padding-right: 50px !important;}\u00bb][vc_column_text]EstiMat permite realizar estimaciones sobre matrices origen-destino. Mediante esta herramienta procesamos grandes vol\u00famenes de datos, Big Data, de la informaci\u00f3n generada por los usuarios de transporte para obtener&#8230;<\/p>\n","protected":false},"author":2,"featured_media":0,"parent":17337,"menu_order":0,"comment_status":"closed","ping_status":"closed","template":"full_width.php","meta":{"content-type":"","footnotes":""},"class_list":["post-16331","page","type-page","status-publish","hentry"],"_links":{"self":[{"href":"https:\/\/www.ingartek.com\/es\/wp-json\/wp\/v2\/pages\/16331","targetHints":{"allow":["GET"]}}],"collection":[{"href":"https:\/\/www.ingartek.com\/es\/wp-json\/wp\/v2\/pages"}],"about":[{"href":"https:\/\/www.ingartek.com\/es\/wp-json\/wp\/v2\/types\/page"}],"author":[{"embeddable":true,"href":"https:\/\/www.ingartek.com\/es\/wp-json\/wp\/v2\/users\/2"}],"replies":[{"embeddable":true,"href":"https:\/\/www.ingartek.com\/es\/wp-json\/wp\/v2\/comments?post=16331"}],"version-history":[{"count":0,"href":"https:\/\/www.ingartek.com\/es\/wp-json\/wp\/v2\/pages\/16331\/revisions"}],"up":[{"embeddable":true,"href":"https:\/\/www.ingartek.com\/es\/wp-json\/wp\/v2\/pages\/17337"}],"wp:attachment":[{"href":"https:\/\/www.ingartek.com\/es\/wp-json\/wp\/v2\/media?parent=16331"}],"curies":[{"name":"wp","href":"https:\/\/api.w.org\/{rel}","templated":true}]}}