{"id":16330,"date":"2018-06-04T11:55:24","date_gmt":"2018-06-04T09:55:24","guid":{"rendered":"https:\/\/www.ingartek.com\/?page_id=16330"},"modified":"2025-01-02T10:46:44","modified_gmt":"2025-01-02T09:46:44","slug":"gtfsuite-sistema-de-generacion-de-rutas-para-el-planificador-de-google","status":"publish","type":"page","link":"https:\/\/www.ingartek.com\/es\/productos\/gtfsuite-sistema-de-generacion-de-rutas-para-el-planificador-de-google\/","title":{"rendered":"GTFSuite"},"content":{"rendered":"<div class=\"wpb-content-wrapper\"><p>[vc_row css_animation=\u00bb\u00bb row_type=\u00bbrow\u00bb use_row_as_full_screen_section=\u00bbno\u00bb type=\u00bbgrid\u00bb angled_section=\u00bbno\u00bb text_align=\u00bbleft\u00bb background_image_as_pattern=\u00bbwithout_pattern\u00bb z_index=\u00bb\u00bb padding_top=\u00bb30&#8243;][vc_column css=\u00bb.vc_custom_1727360602778{padding-right: 50px !important;}\u00bb][vc_column_text]GTFsuite es un <em><strong>sistema de generaci\u00f3n de rutas para el planificador de Google<\/strong><\/em>. Permite la creaci\u00f3n de rutas de servicio de transporte en los est\u00e1ndares de Google para que dichos servicios aparezcan en su planificador de viajes.[\/vc_column_text][vc_empty_space height=\u00bb15px\u00bb][vc_column_text]<\/p>\n<h2><span style=\"letter-spacing: 1px;\">Descripci\u00f3n:<\/span><\/h2>\n<p>[\/vc_column_text][vc_column_text]Esta herramienta permite transmitir <strong>informaci\u00f3n actualizada de los servicios<\/strong> en tiempo real y en cualquier plataforma (buscadores, alertas, Apps, webs\u2026). Ingartek ofrece un servicio integral de la actualizaci\u00f3n y el lanzamiento de los datos. Mediante GTFSuite podr\u00e1s informar a los ciudadanos y los usuarios de tus servicios de forma directa, ahorrando tiempo en actualizaciones y teniendo mayor visibilidad en buscadores.[\/vc_column_text][vc_empty_space][vc_row_inner row_type=\u00bbrow\u00bb type=\u00bbfull_width\u00bb text_align=\u00bbleft\u00bb css_animation=\u00bb\u00bb][vc_column_inner width=\u00bb1\/2&#8243;][vc_single_image image=\u00bb19864&#8243; img_size=\u00bbfull\u00bb qode_css_animation=\u00bb\u00bb][\/vc_column_inner][vc_column_inner width=\u00bb1\/2&#8243;][vc_column_text]<\/p>\n<h2><span style=\"letter-spacing: 1px;\">Con GTFsuite conseguir\u00e1s:<\/span><\/h2>\n<p>[\/vc_column_text][vc_empty_space]<div class=\"q_icon_list\"><p style=\"color:#333333;\">Visibilidad. Tus l\u00edneas publicadas y actualizadas de manera sencilla y barata.<\/p><\/div><div class=\"q_icon_list\"><p style=\"color:#333333;\">Control. Informaci\u00f3n fiable y controlada por ti.<\/p><\/div><div class=\"q_icon_list\"><p style=\"color:#333333;\">Satisfacci\u00f3n de los usuarios.<\/p><\/div>[vc_empty_space][\/vc_column_inner][\/vc_row_inner][vc_empty_space][vc_row_inner row_type=\u00bbrow\u00bb type=\u00bbfull_width\u00bb text_align=\u00bbleft\u00bb css_animation=\u00bb\u00bb css=\u00bb.vc_custom_1647514445972{margin-bottom: 40px !important;border-top-width: 1px !important;border-right-width: 1px !important;border-bottom-width: 1px !important;border-left-width: 1px !important;padding-top: 30px !important;padding-bottom: 30px !important;border-left-color: #eeeeee !important;border-left-style: solid !important;border-right-color: #eeeeee !important;border-right-style: solid !important;border-top-color: #eeeeee !important;border-top-style: solid !important;border-bottom-color: #eeeeee !important;border-bottom-style: solid !important;}\u00bb][vc_column_inner][vc_widget_sidebar sidebar_id=\u00bbContent Bottom\u00bb][\/vc_column_inner][\/vc_row_inner][\/vc_column][\/vc_row][vc_row css_animation=\u00bb\u00bb row_type=\u00bbrow\u00bb use_row_as_full_screen_section=\u00bbno\u00bb type=\u00bbgrid\u00bb angled_section=\u00bbno\u00bb text_align=\u00bbleft\u00bb background_image_as_pattern=\u00bbwithout_pattern\u00bb z_index=\u00bb\u00bb][vc_column][vc_empty_space][vc_column_text]<\/p>\n<h2>Proyectos relacionados<\/h2>\n<p>[\/vc_column_text][vc_separator type=\u00bbnormal\u00bb color=\u00bb#eeeeee\u00bb thickness=\u00bb2&#8243; up=\u00bb15&#8243; down=\u00bb30&#8243;]<div class='projects_holder_outer v4 portfolio_with_space portfolio_standard'>\n        <div class='projects_holder portfolio_main_holder clearfix v4 standard portfolio_full_image portfolio_one_by_one'>\n        \n        <article class='mix portfolio_category_162 default' style=''>\n    \n    \n    \n    \n            <div class=\"item_holder thin_plus_only\">\n\n                    <div class=\"text_holder\">\n        <div class=\"text_holder_outer\">\n            <div class=\"text_holder_inner\">\n                            <span class=\"thin_plus_only_icon\">+<\/span>\n                        <\/div>\n        <\/div>\n    <\/div>\n\n                                    <a itemprop=\"url\" class=\"portfolio_link_class\" title=\"Mantenimiento GTFSuite de Lurraldebus\" href=\"https:\/\/www.ingartek.com\/es\/proyecto\/mantenimiento-gtfsuite-de-lurraldebus\/\"><\/a>\n                \n                <div style=\"\" class=\"portfolio_shader\"><\/div>\n                <div class=\"image_holder\">\n                    \n<span class='image'><img loading=\"lazy\" decoding=\"async\" width=\"500\" height=\"334\" src=\"https:\/\/www.ingartek.com\/wp-content\/uploads\/2019\/02\/Mantenimiento-GTFSuite-de-Lurraldebus.jpg\" class=\"attachment-full size-full wp-post-image\" alt=\"Mantenimiento GTFSuite de Lurraldebus\" srcset=\"https:\/\/www.ingartek.com\/wp-content\/uploads\/2019\/02\/Mantenimiento-GTFSuite-de-Lurraldebus.jpg 500w, https:\/\/www.ingartek.com\/wp-content\/uploads\/2019\/02\/Mantenimiento-GTFSuite-de-Lurraldebus-300x200.jpg 300w\" sizes=\"auto, (max-width: 500px) 100vw, 500px\" title=\"\"><\/span>                <\/div>\n            <\/div>\n\n                <div class='portfolio_description text_align_center' >\n\n        \n    <h3 itemprop=\"name\" class=\"portfolio_title entry_title\"><a itemprop=\"url\" href=\"https:\/\/www.ingartek.com\/es\/proyecto\/mantenimiento-gtfsuite-de-lurraldebus\/\"  target=\"_self\"> Mantenimiento GTFSuite de Lurraldebus<\/a><\/h3>\n\n\n        \n        \n    <\/div>\n\n        \n<\/article>\n<article class='mix portfolio_category_162 default' style=''>\n    \n    \n    \n    \n            <div class=\"item_holder thin_plus_only\">\n\n                    <div class=\"text_holder\">\n        <div class=\"text_holder_outer\">\n            <div class=\"text_holder_inner\">\n                            <span class=\"thin_plus_only_icon\">+<\/span>\n                        <\/div>\n        <\/div>\n    <\/div>\n\n                                    <a itemprop=\"url\" class=\"portfolio_link_class\" title=\"Elaboraci\u00f3n de GTFS para Bizkaibus\" href=\"https:\/\/www.ingartek.com\/es\/proyecto\/elaboracion-de-gtfs-para-bizkaibus\/\"><\/a>\n                \n                <div style=\"\" class=\"portfolio_shader\"><\/div>\n                <div class=\"image_holder\">\n                    \n<span class='image'><img loading=\"lazy\" decoding=\"async\" width=\"400\" height=\"267\" src=\"https:\/\/www.ingartek.com\/wp-content\/uploads\/2018\/06\/elaboracion-de-gtfs-para-bizkaibus.jpg\" class=\"attachment-full size-full wp-post-image\" alt=\"Elaboraci\u00f3n de GTFS para Bizkaibus\" srcset=\"https:\/\/www.ingartek.com\/wp-content\/uploads\/2018\/06\/elaboracion-de-gtfs-para-bizkaibus.jpg 400w, https:\/\/www.ingartek.com\/wp-content\/uploads\/2018\/06\/elaboracion-de-gtfs-para-bizkaibus-300x200.jpg 300w\" sizes=\"auto, (max-width: 400px) 100vw, 400px\" title=\"\"><\/span>                <\/div>\n            <\/div>\n\n                <div class='portfolio_description text_align_center' >\n\n        \n    <h3 itemprop=\"name\" class=\"portfolio_title entry_title\"><a itemprop=\"url\" href=\"https:\/\/www.ingartek.com\/es\/proyecto\/elaboracion-de-gtfs-para-bizkaibus\/\"  target=\"_self\"> Elaboraci\u00f3n de GTFS para Bizkaibus<\/a><\/h3>\n\n\n        \n        \n    <\/div>\n\n        \n<\/article>\n        <div class='filler'><\/div>\n            <div class='filler'><\/div>\n            <div class='filler'><\/div>\n            <div class='filler'><\/div>\n        <\/div>\n\n    \n    <\/div>[vc_empty_space][\/vc_column][\/vc_row][vc_row css_animation=\u00bb\u00bb row_type=\u00bbrow\u00bb use_row_as_full_screen_section=\u00bbno\u00bb type=\u00bbfull_width\u00bb angled_section=\u00bbno\u00bb text_align=\u00bbleft\u00bb background_image_as_pattern=\u00bbwithout_pattern\u00bb z_index=\u00bb\u00bb background_color=\u00bb#eaeaea\u00bb][vc_column][vc_row_inner row_type=\u00bbrow\u00bb type=\u00bbgrid\u00bb text_align=\u00bbleft\u00bb css_animation=\u00bb\u00bb][vc_column_inner][vc_empty_space][vc_column_text]<\/p>\n<h2>Blog del conocimiento<\/h2>\n<p>[\/vc_column_text][vc_separator type=\u00bbnormal\u00bb color=\u00bb#ffffff\u00bb thickness=\u00bb2&#8243; up=\u00bb15&#8243; down=\u00bb30&#8243;]<div class='q_masonry_blog'><div class=\"q_masonry_blog_grid_sizer\"><\/div><div class=\"q_masonry_blog_grid_gutter\"><\/div><article class=\"post-3877 post type-post status-publish format-standard hentry category-blog-del-conocimiento category-asistencia-tecnica-y-desarrollo-tecnologico category-producto-gtfsuite tag-asistencia-tecnica-y-desarrollo-tecnologico\"><div class=\"q_masonry_blog_post_image\"><\/div><div class=\"q_masonry_blog_post_text\"><h3 itemprop=\"name\" class=\"q_masonry_blog_title entry_title\"><a itemprop=\"url\" href=\"https:\/\/www.ingartek.com\/es\/los-gtfs-desde-un-punto-de-vista-tecnologico\/\">Los GTFS desde un punto de vista tecnol\u00f3gico<\/a><\/h3><p itemprop=\"description\" class=\"q_masonry_blog_excerpt\">GTFS viene de las siglas en ingl\u00e9s General Transit Feed Specification, o en castellano Especificaci\u00f3n General de Feeds de Transporte P\u00fabl...<\/p><div class=\"q_masonry_blog_post_info\"><\/div><\/div><\/article><\/div>[\/vc_column_inner][\/vc_row_inner][\/vc_column][\/vc_row]<\/p>\n<\/div>","protected":false},"excerpt":{"rendered":"<p>[vc_row css_animation=\u00bb\u00bb row_type=\u00bbrow\u00bb use_row_as_full_screen_section=\u00bbno\u00bb type=\u00bbgrid\u00bb angled_section=\u00bbno\u00bb text_align=\u00bbleft\u00bb background_image_as_pattern=\u00bbwithout_pattern\u00bb z_index=\u00bb\u00bb padding_top=\u00bb30&#8243;][vc_column css=\u00bb.vc_custom_1727360602778{padding-right: 50px !important;}\u00bb][vc_column_text]GTFsuite es un sistema de generaci\u00f3n de rutas para el planificador de Google. Permite la creaci\u00f3n de rutas de servicio de transporte en los est\u00e1ndares de Google para&#8230;<\/p>\n","protected":false},"author":2,"featured_media":0,"parent":17337,"menu_order":0,"comment_status":"closed","ping_status":"closed","template":"full_width.php","meta":{"content-type":"","footnotes":""},"class_list":["post-16330","page","type-page","status-publish","hentry"],"_links":{"self":[{"href":"https:\/\/www.ingartek.com\/es\/wp-json\/wp\/v2\/pages\/16330","targetHints":{"allow":["GET"]}}],"collection":[{"href":"https:\/\/www.ingartek.com\/es\/wp-json\/wp\/v2\/pages"}],"about":[{"href":"https:\/\/www.ingartek.com\/es\/wp-json\/wp\/v2\/types\/page"}],"author":[{"embeddable":true,"href":"https:\/\/www.ingartek.com\/es\/wp-json\/wp\/v2\/users\/2"}],"replies":[{"embeddable":true,"href":"https:\/\/www.ingartek.com\/es\/wp-json\/wp\/v2\/comments?post=16330"}],"version-history":[{"count":0,"href":"https:\/\/www.ingartek.com\/es\/wp-json\/wp\/v2\/pages\/16330\/revisions"}],"up":[{"embeddable":true,"href":"https:\/\/www.ingartek.com\/es\/wp-json\/wp\/v2\/pages\/17337"}],"wp:attachment":[{"href":"https:\/\/www.ingartek.com\/es\/wp-json\/wp\/v2\/media?parent=16330"}],"curies":[{"name":"wp","href":"https:\/\/api.w.org\/{rel}","templated":true}]}}