{"id":16329,"date":"2018-06-04T11:54:36","date_gmt":"2018-06-04T09:54:36","guid":{"rendered":"https:\/\/www.ingartek.com\/?page_id=16329"},"modified":"2025-01-02T10:46:35","modified_gmt":"2025-01-02T09:46:35","slug":"zendesk-adapt-gestion-de-la-atencion-de-usuarios-de-transporte","status":"publish","type":"page","link":"https:\/\/www.ingartek.com\/es\/productos\/zendesk-adapt-gestion-de-la-atencion-de-usuarios-de-transporte\/","title":{"rendered":"Zendesk Adapt"},"content":{"rendered":"<div class=\"wpb-content-wrapper\"><p>[vc_row css_animation=\u00bb\u00bb row_type=\u00bbrow\u00bb use_row_as_full_screen_section=\u00bbno\u00bb type=\u00bbgrid\u00bb angled_section=\u00bbno\u00bb text_align=\u00bbleft\u00bb background_image_as_pattern=\u00bbwithout_pattern\u00bb z_index=\u00bb\u00bb padding_top=\u00bb30&#8243;][vc_column css=\u00bb.vc_custom_1727360588828{padding-right: 40px !important;}\u00bb][vc_column_text]Con Zendesk Adapt facilitamos la <em><strong>gesti\u00f3n de la atenci\u00f3n de usuarios de transporte<\/strong><\/em> mediante herramientas que faciliten la integraci\u00f3n de plataformas y la trazabilidad de las operaciones.[\/vc_column_text][vc_empty_space height=\u00bb15px\u00bb][vc_column_text]<\/p>\n<h2><span style=\"letter-spacing: 1px;\">Descripci\u00f3n:<\/span><\/h2>\n<p>[\/vc_column_text][vc_column_text]Zendesk Adapt es una herramienta de comunicaci\u00f3n que lanza toda la informaci\u00f3n necesaria mediante un sistema multicanal que <strong>permite reducir el tiempo de respuesta hacia los clientes<\/strong>. Se integra con otros sistemas IT ofreciendo productividad y eficiencia mediante informes y m\u00e9tricas. Con Zendesk Adapt podr\u00e1s reforzar tu relaci\u00f3n con los clientes y proveedores, optimizando los recursos internos de servicio a cliente. Es una herramienta flexible y personalizable a las necesidades de cada operador o administraci\u00f3n.[\/vc_column_text][vc_empty_space][vc_row_inner row_type=\u00bbrow\u00bb type=\u00bbfull_width\u00bb text_align=\u00bbleft\u00bb css_animation=\u00bb\u00bb][vc_column_inner width=\u00bb1\/2&#8243;][vc_single_image image=\u00bb19900&#8243; img_size=\u00bbfull\u00bb qode_css_animation=\u00bb\u00bb][vc_empty_space][\/vc_column_inner][vc_column_inner width=\u00bb1\/2&#8243;][vc_column_text]<\/p>\n<h2><span style=\"letter-spacing: 1px;\">Con Zendesk Adapt conseguir\u00e1s:<\/span><\/h2>\n<p>[\/vc_column_text][vc_empty_space]<div class=\"q_icon_list\"><p style=\"color:#333333;\">Mejora de la satisfacci\u00f3n de las personas usuarias de transporte p\u00fablico<\/p><\/div><div class=\"q_icon_list\"><p style=\"color:#333333;\">70% de disminuci\u00f3n del tiempo de respuesta a las reclamaciones recibidas.<\/p><\/div><div class=\"q_icon_list\"><p style=\"color:#333333;\">Trazabilidad completa de todas las operaciones realizadas.<\/p><\/div>[vc_empty_space][\/vc_column_inner][\/vc_row_inner][vc_row_inner row_type=\u00bbrow\u00bb type=\u00bbfull_width\u00bb text_align=\u00bbleft\u00bb css_animation=\u00bb\u00bb css=\u00bb.vc_custom_1647516145462{margin-bottom: 30px !important;border-top-width: 1px !important;border-right-width: 1px !important;border-bottom-width: 1px !important;border-left-width: 1px !important;padding-top: 30px !important;padding-bottom: 30px !important;border-left-color: #eeeeee !important;border-left-style: solid !important;border-right-color: #eeeeee !important;border-right-style: solid !important;border-top-color: #eeeeee !important;border-top-style: solid !important;border-bottom-color: #eeeeee !important;border-bottom-style: solid !important;}\u00bb][vc_column_inner][vc_widget_sidebar sidebar_id=\u00bbContent Bottom\u00bb][\/vc_column_inner][\/vc_row_inner][\/vc_column][\/vc_row][vc_row css_animation=\u00bb\u00bb row_type=\u00bbrow\u00bb use_row_as_full_screen_section=\u00bbno\u00bb type=\u00bbgrid\u00bb angled_section=\u00bbno\u00bb text_align=\u00bbleft\u00bb background_image_as_pattern=\u00bbwithout_pattern\u00bb z_index=\u00bb\u00bb][vc_column][vc_empty_space][vc_column_text]<\/p>\n<h2>Proyectos relacionados<\/h2>\n<p>[\/vc_column_text][vc_separator type=\u00bbnormal\u00bb color=\u00bb#dddddd\u00bb thickness=\u00bb2&#8243; up=\u00bb15&#8243; down=\u00bb30&#8243;]<div class='projects_holder_outer v4 portfolio_with_space portfolio_standard'>\n        <div class='projects_holder portfolio_main_holder clearfix v4 standard portfolio_full_image portfolio_one_by_one'>\n        \n        <article class='mix portfolio_category_162 default' style=''>\n    \n    \n    \n    \n            <div class=\"item_holder thin_plus_only\">\n\n                    <div class=\"text_holder\">\n        <div class=\"text_holder_outer\">\n            <div class=\"text_holder_inner\">\n                            <span class=\"thin_plus_only_icon\">+<\/span>\n                        <\/div>\n        <\/div>\n    <\/div>\n\n                                    <a itemprop=\"url\" class=\"portfolio_link_class\" title=\"Zendesk corporativo para el grupo pesa\" href=\"https:\/\/www.ingartek.com\/es\/proyecto\/zendesk-corporativo-para-el-grupo-pesa-garazi\/\"><\/a>\n                \n                <div style=\"\" class=\"portfolio_shader\"><\/div>\n                <div class=\"image_holder\">\n                    \n<span class='image'><img loading=\"lazy\" decoding=\"async\" width=\"449\" height=\"300\" src=\"https:\/\/www.ingartek.com\/wp-content\/uploads\/2021\/09\/project-2017-064.jpg\" class=\"attachment-full size-full wp-post-image\" alt=\"Zendesk corporativo para el grupo pesa (Garazi)\" srcset=\"https:\/\/www.ingartek.com\/wp-content\/uploads\/2021\/09\/project-2017-064.jpg 449w, https:\/\/www.ingartek.com\/wp-content\/uploads\/2021\/09\/project-2017-064-300x200.jpg 300w\" sizes=\"auto, (max-width: 449px) 100vw, 449px\" title=\"\"><\/span>                <\/div>\n            <\/div>\n\n                <div class='portfolio_description text_align_center' >\n\n        \n    <h3 itemprop=\"name\" class=\"portfolio_title entry_title\"><a itemprop=\"url\" href=\"https:\/\/www.ingartek.com\/es\/proyecto\/zendesk-corporativo-para-el-grupo-pesa-garazi\/\" style=\"color: #000000\" target=\"_self\"> Zendesk corporativo para el grupo pesa<\/a><\/h3>\n\n\n        \n        \n    <\/div>\n\n        \n<\/article>\n<article class='mix portfolio_category_159 default' style=''>\n    \n    \n    \n    \n            <div class=\"item_holder thin_plus_only\">\n\n                    <div class=\"text_holder\">\n        <div class=\"text_holder_outer\">\n            <div class=\"text_holder_inner\">\n                            <span class=\"thin_plus_only_icon\">+<\/span>\n                        <\/div>\n        <\/div>\n    <\/div>\n\n                                    <a itemprop=\"url\" class=\"portfolio_link_class\" title=\"Auditor\u00eda de los datos del SAE\" href=\"https:\/\/www.ingartek.com\/es\/proyecto\/auditoria-de-los-datos-del-sae\/\"><\/a>\n                \n                <div style=\"\" class=\"portfolio_shader\"><\/div>\n                <div class=\"image_holder\">\n                    \n<span class='image'><img loading=\"lazy\" decoding=\"async\" width=\"600\" height=\"400\" src=\"https:\/\/www.ingartek.com\/wp-content\/uploads\/2019\/02\/proyecto-auditoria-datos-SAES.jpg\" class=\"attachment-full size-full wp-post-image\" alt=\"Auditor\u00eda de los datos del SAE\" srcset=\"https:\/\/www.ingartek.com\/wp-content\/uploads\/2019\/02\/proyecto-auditoria-datos-SAES.jpg 600w, https:\/\/www.ingartek.com\/wp-content\/uploads\/2019\/02\/proyecto-auditoria-datos-SAES-300x200.jpg 300w\" sizes=\"auto, (max-width: 600px) 100vw, 600px\" title=\"\"><\/span>                <\/div>\n            <\/div>\n\n                <div class='portfolio_description text_align_center' >\n\n        \n    <h3 itemprop=\"name\" class=\"portfolio_title entry_title\"><a itemprop=\"url\" href=\"https:\/\/www.ingartek.com\/es\/proyecto\/auditoria-de-los-datos-del-sae\/\" style=\"color: #000000\" target=\"_self\"> Auditor\u00eda de los datos del SAE<\/a><\/h3>\n\n\n        \n        \n    <\/div>\n\n        \n<\/article>\n<article class='mix portfolio_category_162 default' style=''>\n    \n    \n    \n    \n            <div class=\"item_holder thin_plus_only\">\n\n                    <div class=\"text_holder\">\n        <div class=\"text_holder_outer\">\n            <div class=\"text_holder_inner\">\n                            <span class=\"thin_plus_only_icon\">+<\/span>\n                        <\/div>\n        <\/div>\n    <\/div>\n\n                                    <a itemprop=\"url\" class=\"portfolio_link_class\" title=\"Zendesk para la gesti\u00f3n integrada en las OAC&#8217;s integrales del sistema de transporte p\u00fablico de Bizkaia\" href=\"https:\/\/www.ingartek.com\/es\/proyecto\/zendesk-para-la-gestion-integrada-en-las-oacs-integrales-del-sistema-de-transporte-publico-de-bizkaia\/\"><\/a>\n                \n                <div style=\"\" class=\"portfolio_shader\"><\/div>\n                <div class=\"image_holder\">\n                    \n<span class='image'><img loading=\"lazy\" decoding=\"async\" width=\"400\" height=\"267\" src=\"https:\/\/www.ingartek.com\/wp-content\/uploads\/2019\/02\/Zendesk-para-gestion-integrada-OACs.jpg\" class=\"attachment-full size-full wp-post-image\" alt=\"Zendesk para la gestio\u0301n integrada en las OAC&#039;s\" srcset=\"https:\/\/www.ingartek.com\/wp-content\/uploads\/2019\/02\/Zendesk-para-gestion-integrada-OACs.jpg 400w, https:\/\/www.ingartek.com\/wp-content\/uploads\/2019\/02\/Zendesk-para-gestion-integrada-OACs-300x200.jpg 300w\" sizes=\"auto, (max-width: 400px) 100vw, 400px\" title=\"\"><\/span>                <\/div>\n            <\/div>\n\n                <div class='portfolio_description text_align_center' >\n\n        \n    <h3 itemprop=\"name\" class=\"portfolio_title entry_title\"><a itemprop=\"url\" href=\"https:\/\/www.ingartek.com\/es\/proyecto\/zendesk-para-la-gestion-integrada-en-las-oacs-integrales-del-sistema-de-transporte-publico-de-bizkaia\/\" style=\"color: #000000\" target=\"_self\"> Zendesk para la gesti\u00f3n integrada en las OAC&#8217;s integrales del sistema de transporte p\u00fablico de Bizkaia<\/a><\/h3>\n\n\n        \n        \n    <\/div>\n\n        \n<\/article>\n<article class='mix portfolio_category_162 default' style=''>\n    \n    \n    \n    \n            <div class=\"item_holder thin_plus_only\">\n\n                    <div class=\"text_holder\">\n        <div class=\"text_holder_outer\">\n            <div class=\"text_holder_inner\">\n                            <span class=\"thin_plus_only_icon\">+<\/span>\n                        <\/div>\n        <\/div>\n    <\/div>\n\n                                    <a itemprop=\"url\" class=\"portfolio_link_class\" title=\"Implantaci\u00f3n de Zendesk en los operadores de Lurraldebus\" href=\"https:\/\/www.ingartek.com\/es\/proyecto\/implantacion-de-zendesk-en-los-operadores-de-lurraldebus\/\"><\/a>\n                \n                <div style=\"\" class=\"portfolio_shader\"><\/div>\n                <div class=\"image_holder\">\n                    \n<span class='image'><img loading=\"lazy\" decoding=\"async\" width=\"600\" height=\"400\" src=\"https:\/\/www.ingartek.com\/wp-content\/uploads\/2018\/10\/implantacion-de-zendesk-en-los-operadores-de-lurraldebus.jpg\" class=\"attachment-full size-full wp-post-image\" alt=\"Implantaci\u00f3n de Zendesk en los operadores de Lurraldebus\" srcset=\"https:\/\/www.ingartek.com\/wp-content\/uploads\/2018\/10\/implantacion-de-zendesk-en-los-operadores-de-lurraldebus.jpg 600w, https:\/\/www.ingartek.com\/wp-content\/uploads\/2018\/10\/implantacion-de-zendesk-en-los-operadores-de-lurraldebus-300x200.jpg 300w\" sizes=\"auto, (max-width: 600px) 100vw, 600px\" title=\"\"><\/span>                <\/div>\n            <\/div>\n\n                <div class='portfolio_description text_align_center' >\n\n        \n    <h3 itemprop=\"name\" class=\"portfolio_title entry_title\"><a itemprop=\"url\" href=\"https:\/\/www.ingartek.com\/es\/proyecto\/implantacion-de-zendesk-en-los-operadores-de-lurraldebus\/\" style=\"color: #000000\" target=\"_self\"> Implantaci\u00f3n de Zendesk en los operadores de Lurraldebus<\/a><\/h3>\n\n\n        \n        \n    <\/div>\n\n        \n<\/article>\n        <div class='filler'><\/div>\n            <div class='filler'><\/div>\n            <div class='filler'><\/div>\n            <div class='filler'><\/div>\n        <\/div>\n\n    \n    <\/div>[vc_empty_space][\/vc_column][\/vc_row][vc_row css_animation=\u00bb\u00bb row_type=\u00bbrow\u00bb use_row_as_full_screen_section=\u00bbno\u00bb type=\u00bbfull_width\u00bb angled_section=\u00bbno\u00bb text_align=\u00bbleft\u00bb background_image_as_pattern=\u00bbwithout_pattern\u00bb z_index=\u00bb\u00bb background_color=\u00bb#eaeaea\u00bb][vc_column][vc_row_inner row_type=\u00bbrow\u00bb type=\u00bbgrid\u00bb text_align=\u00bbleft\u00bb css_animation=\u00bb\u00bb][vc_column_inner][vc_empty_space][vc_column_text]<\/p>\n<h2>Blog del conocimiento<\/h2>\n<p>[\/vc_column_text][vc_separator type=\u00bbnormal\u00bb color=\u00bb#ffffff\u00bb thickness=\u00bb2&#8243; up=\u00bb15&#8243; down=\u00bb30&#8243;]<div class='q_masonry_blog'><div class=\"q_masonry_blog_grid_sizer\"><\/div><div class=\"q_masonry_blog_grid_gutter\"><\/div><article class=\"post-33233 post type-post status-publish format-standard hentry category-noticias category-producto-zendesk-adapt tag-ventajas-de-zendesk tag-zendesk-adapt\"><div class=\"q_masonry_blog_post_image\"><\/div><div class=\"q_masonry_blog_post_text\"><h3 itemprop=\"name\" class=\"q_masonry_blog_title entry_title\"><a itemprop=\"url\" href=\"https:\/\/www.ingartek.com\/es\/webinar-zendesk-como-mejorar-la-atencion-al-usuario-con-soluciones-digitales\/\">Webinar: Zendesk: c\u00f3mo mejorar la atenci\u00f3n al usuario con soluciones digitales<\/a><\/h3><p itemprop=\"description\" class=\"q_masonry_blog_excerpt\">En este webinar compartido entre Ingartek y Zendesk, exploramos c\u00f3mo mejorar la atenci\u00f3n al usuario a trav\u00e9s de herra...<\/p><div class=\"q_masonry_blog_post_info\"><\/div><\/div><\/article><article class=\"post-20365 post type-post status-publish format-standard has-post-thumbnail hentry category-blog-del-conocimiento category-asistencia-tecnica-y-desarrollo-tecnologico category-producto-zendesk-adapt tag-asistencia-tecnica-y-desarrollo-tecnologico tag-atencion-al-cliente tag-cliente tag-gestion tag-helpdesk tag-sistemas-de-gestion-inteligentes tag-transporte tag-transporte-de-personas tag-transporte-publico tag-usuario tag-usuarios tag-zendesk\"><div class=\"q_masonry_blog_post_image\"><a itemprop=\"url\" href=\"https:\/\/www.ingartek.com\/es\/la-atencion-al-cliente-en-el-transporte-elemento-diferenciador\/\" target=\"_self\"><img decoding=\"async\" itemprop=\"image\" src=\"https:\/\/www.ingartek.com\/wp-content\/uploads\/2019\/07\/ingartek-consulting-post.jpg\" alt=\"Ingartek Consulting - Inteligencia en Movimiento\" title=\"\"><\/a><\/div><div class=\"q_masonry_blog_post_text\"><h3 itemprop=\"name\" class=\"q_masonry_blog_title entry_title\"><a itemprop=\"url\" href=\"https:\/\/www.ingartek.com\/es\/la-atencion-al-cliente-en-el-transporte-elemento-diferenciador\/\">La atenci\u00f3n al cliente en el transporte: Elemento diferenciador<\/a><\/h3><p itemprop=\"description\" class=\"q_masonry_blog_excerpt\">El \u201cbuen\u201d posicionamiento en los mercados de las distintas organizaciones, marcas, compa\u00f1\u00edas, instituciones&#8230;...<\/p><div class=\"q_masonry_blog_post_info\"><\/div><\/div><\/article><\/div>[\/vc_column_inner][\/vc_row_inner][\/vc_column][\/vc_row]<\/p>\n<\/div>","protected":false},"excerpt":{"rendered":"<p>[vc_row css_animation=\u00bb\u00bb row_type=\u00bbrow\u00bb use_row_as_full_screen_section=\u00bbno\u00bb type=\u00bbgrid\u00bb angled_section=\u00bbno\u00bb text_align=\u00bbleft\u00bb background_image_as_pattern=\u00bbwithout_pattern\u00bb z_index=\u00bb\u00bb padding_top=\u00bb30&#8243;][vc_column css=\u00bb.vc_custom_1727360588828{padding-right: 40px !important;}\u00bb][vc_column_text]Con Zendesk Adapt facilitamos la gesti\u00f3n de la atenci\u00f3n de usuarios de transporte mediante herramientas que faciliten la integraci\u00f3n de plataformas y la trazabilidad de las operaciones.[\/vc_column_text][vc_empty_space height=\u00bb15px\u00bb][vc_column_text]&#8230;<\/p>\n","protected":false},"author":2,"featured_media":0,"parent":17337,"menu_order":0,"comment_status":"closed","ping_status":"closed","template":"full_width.php","meta":{"content-type":"","footnotes":""},"class_list":["post-16329","page","type-page","status-publish","hentry"],"_links":{"self":[{"href":"https:\/\/www.ingartek.com\/es\/wp-json\/wp\/v2\/pages\/16329","targetHints":{"allow":["GET"]}}],"collection":[{"href":"https:\/\/www.ingartek.com\/es\/wp-json\/wp\/v2\/pages"}],"about":[{"href":"https:\/\/www.ingartek.com\/es\/wp-json\/wp\/v2\/types\/page"}],"author":[{"embeddable":true,"href":"https:\/\/www.ingartek.com\/es\/wp-json\/wp\/v2\/users\/2"}],"replies":[{"embeddable":true,"href":"https:\/\/www.ingartek.com\/es\/wp-json\/wp\/v2\/comments?post=16329"}],"version-history":[{"count":0,"href":"https:\/\/www.ingartek.com\/es\/wp-json\/wp\/v2\/pages\/16329\/revisions"}],"up":[{"embeddable":true,"href":"https:\/\/www.ingartek.com\/es\/wp-json\/wp\/v2\/pages\/17337"}],"wp:attachment":[{"href":"https:\/\/www.ingartek.com\/es\/wp-json\/wp\/v2\/media?parent=16329"}],"curies":[{"name":"wp","href":"https:\/\/api.w.org\/{rel}","templated":true}]}}