{"id":16277,"date":"2018-06-01T12:53:00","date_gmt":"2018-06-01T10:53:00","guid":{"rendered":"https:\/\/www.ingartek.com\/?page_id=16277"},"modified":"2026-01-29T15:24:50","modified_gmt":"2026-01-29T14:24:50","slug":"servicios","status":"publish","type":"page","link":"https:\/\/www.ingartek.com\/es\/servicios\/","title":{"rendered":"Servicios"},"content":{"rendered":"<div class=\"wpb-content-wrapper\"><p>[vc_row css_animation=\u00bb\u00bb row_type=\u00bbrow\u00bb use_row_as_full_screen_section=\u00bbno\u00bb type=\u00bbgrid\u00bb angled_section=\u00bbno\u00bb text_align=\u00bbleft\u00bb background_image_as_pattern=\u00bbwithout_pattern\u00bb z_index=\u00bb\u00bb][vc_column][vc_empty_space height=\u00bb30px\u00bb][vc_column_text css=\u00bb\u00bb]<\/p>\n<p style=\"text-align: center; font-size: 1em;\">En Ingartek ofrecemos <strong>servicios de consultor\u00eda de movilidad y transporte para ciudades<\/strong>, dirigidos a su ciudadan\u00eda y a sus administraciones p\u00fablicas, para que la ciudadan\u00eda est\u00e9 satisfecha con la movilidad, con el transporte y con la accesibilidad a los espacios urbanos. Queremos que el transporte y la movilidad sea eficaz en tiempo y coste, y que sea sostenible.<\/p>\n<p>[\/vc_column_text][vc_empty_space height=\u00bb40px\u00bb][\/vc_column][\/vc_row][vc_row css_animation=\u00bb\u00bb row_type=\u00bbrow\u00bb use_row_as_full_screen_section=\u00bbno\u00bb type=\u00bbgrid\u00bb angled_section=\u00bbno\u00bb text_align=\u00bbleft\u00bb background_image_as_pattern=\u00bbwithout_pattern\u00bb background_color=\u00bb#eaeaea\u00bb z_index=\u00bb\u00bb][vc_column][vc_empty_space height=\u00bb50px\u00bb][vc_row_inner row_type=\u00bbrow\u00bb type=\u00bbfull_width\u00bb text_align=\u00bbleft\u00bb css_animation=\u00bb\u00bb][vc_column_inner width=\u00bb1\/2&#8243;][vc_empty_space]<div class=\"q_icon_list\"><i class=\"qode_icon_font_awesome fa fa-bus qode-ili-icon-holder transparent\" style=\"font-size: 30px;color: #8b1f1c;\" ><\/i><p style=\"color:#8b1f1c;font-size: 22px;font-weight: 500;\">Planes de Movilidad al Centro de Trabajo<\/p><\/div>[vc_column_text]Dise\u00f1amos los planes de movilidad al trabajo a medida para cada empresa, teniendo en cuenta las necesidades espec\u00edficas de cada centro de trabajo y las de sus empleados.[\/vc_column_text][vc_empty_space height=\u00bb25px\u00bb]<a  itemprop=\"url\" href=\"https:\/\/www.ingartek.com\/es\/plan-de-movilidad-al-centro-de-trabajo\/\" target=\"_self\"  class=\"qbutton  small default\" style=\"border-radius: 50px;-moz-border-radius: 50px;-webkit-border-radius: 50px; \">Ver servicio<\/a>[vc_empty_space][\/vc_column_inner][vc_column_inner width=\u00bb1\/2&#8243;][vc_single_image image=\u00bb23508&#8243; img_size=\u00bbfull\u00bb alignment=\u00bbcenter\u00bb onclick=\u00bbcustom_link\u00bb css=\u00bb\u00bb qode_css_animation=\u00bb\u00bb link=\u00bbhttps:\/\/www.ingartek.com\/es\/plan-de-movilidad-al-centro-de-trabajo\/\u00bb][vc_empty_space][\/vc_column_inner][\/vc_row_inner][vc_empty_space height=\u00bb20px\u00bb][\/vc_column][\/vc_row][vc_row css_animation=\u00bb\u00bb row_type=\u00bbrow\u00bb use_row_as_full_screen_section=\u00bbno\u00bb type=\u00bbgrid\u00bb angled_section=\u00bbno\u00bb text_align=\u00bbleft\u00bb background_image_as_pattern=\u00bbwithout_pattern\u00bb background_color=\u00bb#ffffff\u00bb z_index=\u00bb\u00bb][vc_column][vc_empty_space height=\u00bb50px\u00bb][vc_row_inner row_type=\u00bbrow\u00bb type=\u00bbgrid\u00bb text_align=\u00bbleft\u00bb css_animation=\u00bb\u00bb][vc_column_inner width=\u00bb1\/2&#8243;][vc_single_image image=\u00bb23006&#8243; img_size=\u00bbfull\u00bb alignment=\u00bbcenter\u00bb onclick=\u00bbcustom_link\u00bb img_link_target=\u00bb_blank\u00bb css=\u00bb\u00bb qode_css_animation=\u00bb\u00bb link=\u00bbhttps:\/\/www.ingartek.com\/es\/zonas-de-bajas-emisiones\/\u00bb][\/vc_column_inner][vc_column_inner width=\u00bb1\/2&#8243;][vc_empty_space]<div class=\"q_icon_list\"><i class=\"qode_icon_font_awesome fa fa-envira qode-ili-icon-holder transparent\" style=\"font-size: 30px;color: #8b1f1c;\" ><\/i><p style=\"color:#8b1f1c;font-size: 22px;font-weight: 500;\">Zonas de Bajas Emisiones<\/p><\/div>[vc_column_text css=\u00bb\u00bb]Las Zonas de Bajas Emisiones forman parte de nuestros servicios de consultor\u00eda de movilidad y transporte para ciudades. Hemos desarrollado una gu\u00eda espec\u00edfica para ayudar a los ayuntamientos a definir, dise\u00f1ar e implantar ZBE eficaces, acompa\u00f1\u00e1ndoles en todo el proceso para mejorar la calidad del aire y la movilidad urbana.[\/vc_column_text][vc_empty_space height=\u00bb25px\u00bb]<a  itemprop=\"url\" href=\"https:\/\/www.ingartek.com\/es\/zonas-de-bajas-emisiones\/\" target=\"_blank\"  class=\"qbutton  small default\" style=\"border-radius: 50px;-moz-border-radius: 50px;-webkit-border-radius: 50px; \">Ver servicio<\/a>[\/vc_column_inner][\/vc_row_inner][vc_empty_space height=\u00bb50px\u00bb][\/vc_column][\/vc_row][vc_row css_animation=\u00bb\u00bb row_type=\u00bbrow\u00bb use_row_as_full_screen_section=\u00bbno\u00bb type=\u00bbgrid\u00bb angled_section=\u00bbno\u00bb text_align=\u00bbleft\u00bb background_image_as_pattern=\u00bbwithout_pattern\u00bb background_color=\u00bb#eaeaea\u00bb z_index=\u00bb\u00bb][vc_column][vc_empty_space height=\u00bb50px\u00bb][vc_row_inner row_type=\u00bbrow\u00bb type=\u00bbgrid\u00bb text_align=\u00bbleft\u00bb css_animation=\u00bb\u00bb][vc_column_inner width=\u00bb1\/2&#8243;][vc_empty_space]<div class=\"q_icon_list\"><i class=\"qode_icon_font_awesome fa fa-lightbulb-o qode-ili-icon-holder transparent\" style=\"font-size: 30px;color: #8b1f1c;\" ><\/i><p style=\"color:#8b1f1c;font-size: 22px;font-weight: 500;\">Planes Estrat\u00e9gicos de Movilidad y Transporte<\/p><\/div>[vc_column_text css=\u00bb\u00bb]Dentro de nuestros servicios de consultor\u00eda de movilidad y transporte para ciudades, elaboramos planes estrat\u00e9gicos de movilidad que buscan un desarrollo equilibrado y eficiente del transporte. Analizamos las necesidades de la ciudadan\u00eda y las infraestructuras existentes para optimizar recursos en coste y tiempo, siempre con la sostenibilidad como eje de trabajo.[\/vc_column_text][vc_empty_space height=\u00bb25px\u00bb]<a  itemprop=\"url\" href=\"\/es\/planes-estrategicos-de-movilidad-y-transporte\/\" target=\"_self\"  class=\"qbutton  small default\" style=\"border-radius: 50px;-moz-border-radius: 50px;-webkit-border-radius: 50px; \">Ver servicio<\/a>[vc_empty_space][\/vc_column_inner][vc_column_inner width=\u00bb1\/2&#8243;][vc_single_image image=\u00bb22991&#8243; img_size=\u00bbfull\u00bb alignment=\u00bbcenter\u00bb onclick=\u00bbcustom_link\u00bb css=\u00bb\u00bb qode_css_animation=\u00bb\u00bb link=\u00bb\/es\/planes-estrategicos-de-movilidad-y-transporte\/\u00bb][\/vc_column_inner][\/vc_row_inner][vc_empty_space height=\u00bb50px\u00bb][\/vc_column][\/vc_row][vc_row css_animation=\u00bb\u00bb row_type=\u00bbrow\u00bb use_row_as_full_screen_section=\u00bbno\u00bb type=\u00bbgrid\u00bb angled_section=\u00bbno\u00bb text_align=\u00bbleft\u00bb background_image_as_pattern=\u00bbwithout_pattern\u00bb background_color=\u00bb#ffffff\u00bb z_index=\u00bb\u00bb][vc_column][vc_empty_space height=\u00bb50px\u00bb][vc_row_inner row_type=\u00bbrow\u00bb type=\u00bbgrid\u00bb text_align=\u00bbleft\u00bb css_animation=\u00bb\u00bb][vc_column_inner width=\u00bb1\/2&#8243;][vc_single_image image=\u00bb22994&#8243; img_size=\u00bbfull\u00bb alignment=\u00bbcenter\u00bb onclick=\u00bbcustom_link\u00bb css=\u00bb\u00bb qode_css_animation=\u00bb\u00bb link=\u00bbhttps:\/\/www.ingartek.com\/es\/auditorias-e-informes-de-servicio-de-transporte\/\u00bb][\/vc_column_inner][vc_column_inner width=\u00bb1\/2&#8243;][vc_empty_space]<div class=\"q_icon_list\"><i class=\"qode_icon_font_awesome fa fa-list-alt qode-ili-icon-holder transparent\" style=\"font-size: 30px;color: #8b1f1c;\" ><\/i><p style=\"color:#8b1f1c;font-size: 22px;font-weight: 500;\">Auditor\u00edas e Informes de Servicio de Transporte<\/p><\/div>[vc_column_text]Medir los resultados de un plan de transportes es vital para la optimizaci\u00f3n de los servicios, tales como la puntualidad o la calidad, por ejemplo. Realizamos auditor\u00edas SAE para la medici\u00f3n y la mejora de los servicios.[\/vc_column_text][vc_empty_space height=\u00bb25px\u00bb]<a  itemprop=\"url\" href=\"https:\/\/www.ingartek.com\/es\/auditorias-e-informes-de-servicio-de-transporte\/\" target=\"_self\"  class=\"qbutton  small default\" style=\"border-radius: 50px;-moz-border-radius: 50px;-webkit-border-radius: 50px; \">Ver servicio<\/a>[\/vc_column_inner][\/vc_row_inner][vc_empty_space height=\u00bb50px\u00bb][\/vc_column][\/vc_row][vc_row css_animation=\u00bb\u00bb row_type=\u00bbrow\u00bb use_row_as_full_screen_section=\u00bbno\u00bb type=\u00bbgrid\u00bb angled_section=\u00bbno\u00bb text_align=\u00bbleft\u00bb background_image_as_pattern=\u00bbwithout_pattern\u00bb background_color=\u00bb#eaeaea\u00bb z_index=\u00bb\u00bb][vc_column][vc_empty_space height=\u00bb50px\u00bb][vc_row_inner row_type=\u00bbrow\u00bb type=\u00bbgrid\u00bb text_align=\u00bbleft\u00bb css_animation=\u00bb\u00bb][vc_column_inner width=\u00bb1\/2&#8243;][vc_empty_space]<div class=\"q_icon_list\"><i class=\"qode_icon_font_awesome fa fa-line-chart qode-ili-icon-holder transparent\" style=\"font-size: 30px;color: #8b1f1c;\" ><\/i><p style=\"color:#8b1f1c;font-size: 22px;font-weight: 500;\">Estudios de Movilidad y Tr\u00e1fico<\/p><\/div>[vc_column_text]En Ingartek elaboramos estudios de movilidad y tr\u00e1fico bas\u00e1ndonos en la toma de datos relativos al tr\u00e1fico, realizando encuestas o estudios de demanda para facilitar la toma de decisiones final.[\/vc_column_text][vc_empty_space height=\u00bb25px\u00bb]<a  itemprop=\"url\" href=\"https:\/\/www.ingartek.com\/es\/estudios-de-movilidad-y-trafico\/\" target=\"_self\"  class=\"qbutton  small default\" style=\"border-radius: 50px;-moz-border-radius: 50px;-webkit-border-radius: 50px; \">Ver servicio<\/a>[vc_empty_space][\/vc_column_inner][vc_column_inner width=\u00bb1\/2&#8243;][vc_single_image image=\u00bb22997&#8243; img_size=\u00bbfull\u00bb alignment=\u00bbcenter\u00bb onclick=\u00bbcustom_link\u00bb css=\u00bb\u00bb qode_css_animation=\u00bb\u00bb link=\u00bb\/es\/estudios-de-movilidad-y-trafico\/\u00bb][\/vc_column_inner][\/vc_row_inner][vc_empty_space height=\u00bb50px\u00bb][\/vc_column][\/vc_row][vc_row css_animation=\u00bb\u00bb row_type=\u00bbrow\u00bb use_row_as_full_screen_section=\u00bbno\u00bb type=\u00bbgrid\u00bb angled_section=\u00bbno\u00bb text_align=\u00bbleft\u00bb background_image_as_pattern=\u00bbwithout_pattern\u00bb background_color=\u00bb#ffffff\u00bb z_index=\u00bb\u00bb][vc_column][vc_empty_space height=\u00bb50px\u00bb][vc_row_inner row_type=\u00bbrow\u00bb type=\u00bbgrid\u00bb text_align=\u00bbleft\u00bb css_animation=\u00bb\u00bb][vc_column_inner width=\u00bb1\/2&#8243;][vc_single_image image=\u00bb23000&#8243; img_size=\u00bbfull\u00bb alignment=\u00bbcenter\u00bb onclick=\u00bbcustom_link\u00bb css=\u00bb\u00bb qode_css_animation=\u00bb\u00bb link=\u00bb\/es\/planificacion-urbana\/\u00bb][\/vc_column_inner][vc_column_inner width=\u00bb1\/2&#8243;][vc_empty_space]<div class=\"q_icon_list\"><i class=\"qode_icon_font_awesome fa fa-sitemap qode-ili-icon-holder transparent\" style=\"font-size: 30px;color: #8b1f1c;\" ><\/i><p style=\"color:#8b1f1c;font-size: 22px;font-weight: 500;\">Planificaci\u00f3n Urbana<\/p><\/div>[vc_column_text]Dise\u00f1amos estudios integrales de ingenier\u00eda y planificaci\u00f3n urbana partiendo de un an\u00e1lisis de movilidad y accesibilidad, e identificando los principales puntos conflictivos del territorio&#8230;[\/vc_column_text][vc_empty_space height=\u00bb25px\u00bb]<a  itemprop=\"url\" href=\"\/es\/planificacion-urbana\/\" target=\"_self\"  class=\"qbutton  small default\" style=\"border-radius: 50px;-moz-border-radius: 50px;-webkit-border-radius: 50px; \">Ver servicio<\/a>[\/vc_column_inner][\/vc_row_inner][vc_empty_space height=\u00bb50px\u00bb][\/vc_column][\/vc_row][vc_row css_animation=\u00bb\u00bb row_type=\u00bbrow\u00bb use_row_as_full_screen_section=\u00bbno\u00bb type=\u00bbgrid\u00bb angled_section=\u00bbno\u00bb text_align=\u00bbleft\u00bb background_image_as_pattern=\u00bbwithout_pattern\u00bb background_color=\u00bb#eaeaea\u00bb z_index=\u00bb\u00bb][vc_column][vc_empty_space height=\u00bb50px\u00bb][vc_row_inner row_type=\u00bbrow\u00bb type=\u00bbfull_width\u00bb text_align=\u00bbleft\u00bb css_animation=\u00bb\u00bb][vc_column_inner width=\u00bb1\/2&#8243;][vc_empty_space]<div class=\"q_icon_list\"><i class=\"qode_icon_font_awesome fa fa-phone qode-ili-icon-holder transparent\" style=\"font-size: 30px;color: #8b1f1c;\" ><\/i><p style=\"color:#8b1f1c;font-size: 22px;font-weight: 500;\">Asistencia T\u00e9cnica y Desarrollo Tecnol\u00f3gico<\/p><\/div>[vc_column_text]La tecnolog\u00eda es una herramienta que sirve para mejorar la movilidad. Somos especialistas en el desarrollo de aplicaciones web y m\u00f3viles, destinados a la mejora de las relaciones entre los operadores de transporte y los viajeros&#8230;[\/vc_column_text][vc_empty_space height=\u00bb25px\u00bb]<a  itemprop=\"url\" href=\"\/es\/asistencia-tecnica-y-desarrollo-tecnologico\/\" target=\"_self\"  class=\"qbutton  small default\" style=\"border-radius: 50px;-moz-border-radius: 50px;-webkit-border-radius: 50px; \">Ver servicio<\/a>[vc_empty_space][\/vc_column_inner][vc_column_inner width=\u00bb1\/2&#8243;][vc_single_image image=\u00bb23003&#8243; img_size=\u00bbfull\u00bb alignment=\u00bbcenter\u00bb onclick=\u00bbcustom_link\u00bb css=\u00bb\u00bb qode_css_animation=\u00bb\u00bb link=\u00bb\/es\/asistencia-tecnica-y-desarrollo-tecnologico\/\u00bb][\/vc_column_inner][\/vc_row_inner][vc_empty_space height=\u00bb50px\u00bb][\/vc_column][\/vc_row]<\/p>\n<\/div>","protected":false},"excerpt":{"rendered":"<p>[vc_row css_animation=\u00bb\u00bb row_type=\u00bbrow\u00bb use_row_as_full_screen_section=\u00bbno\u00bb type=\u00bbgrid\u00bb angled_section=\u00bbno\u00bb text_align=\u00bbleft\u00bb background_image_as_pattern=\u00bbwithout_pattern\u00bb z_index=\u00bb\u00bb][vc_column][vc_empty_space height=\u00bb30px\u00bb][vc_column_text css=\u00bb\u00bb] En Ingartek ofrecemos servicios de consultor\u00eda de movilidad y transporte para ciudades, dirigidos a su ciudadan\u00eda y a sus administraciones p\u00fablicas, para que la ciudadan\u00eda est\u00e9 satisfecha con la&#8230;<\/p>\n","protected":false},"author":2,"featured_media":0,"parent":0,"menu_order":0,"comment_status":"closed","ping_status":"closed","template":"full_width.php","meta":{"content-type":"","footnotes":""},"class_list":["post-16277","page","type-page","status-publish","hentry"],"_links":{"self":[{"href":"https:\/\/www.ingartek.com\/es\/wp-json\/wp\/v2\/pages\/16277","targetHints":{"allow":["GET"]}}],"collection":[{"href":"https:\/\/www.ingartek.com\/es\/wp-json\/wp\/v2\/pages"}],"about":[{"href":"https:\/\/www.ingartek.com\/es\/wp-json\/wp\/v2\/types\/page"}],"author":[{"embeddable":true,"href":"https:\/\/www.ingartek.com\/es\/wp-json\/wp\/v2\/users\/2"}],"replies":[{"embeddable":true,"href":"https:\/\/www.ingartek.com\/es\/wp-json\/wp\/v2\/comments?post=16277"}],"version-history":[{"count":0,"href":"https:\/\/www.ingartek.com\/es\/wp-json\/wp\/v2\/pages\/16277\/revisions"}],"wp:attachment":[{"href":"https:\/\/www.ingartek.com\/es\/wp-json\/wp\/v2\/media?parent=16277"}],"curies":[{"name":"wp","href":"https:\/\/api.w.org\/{rel}","templated":true}]}}