{"id":16259,"date":"2018-06-01T11:58:07","date_gmt":"2018-06-01T09:58:07","guid":{"rendered":"https:\/\/www.ingartek.com\/?page_id=16259"},"modified":"2025-01-02T10:35:59","modified_gmt":"2025-01-02T09:35:59","slug":"planificacion-urbana","status":"publish","type":"page","link":"https:\/\/www.ingartek.com\/es\/planificacion-urbana\/","title":{"rendered":"Planificaci\u00f3n Urbana"},"content":{"rendered":"<div class=\"wpb-content-wrapper\"><p>[vc_row css_animation=\u00bb\u00bb row_type=\u00bbrow\u00bb use_row_as_full_screen_section=\u00bbno\u00bb type=\u00bbfull_width\u00bb angled_section=\u00bbno\u00bb text_align=\u00bbleft\u00bb background_image_as_pattern=\u00bbwithout_pattern\u00bb][vc_column][vc_column_text]En Ingartek ayudamos a las entidades locales a mejorar sus procesos de toma de decisi\u00f3n para la planificaci\u00f3n del espacio urbano de su municipio. Mediante <strong>planes de accesibilidad<\/strong> ayudamos a garantizar la accesibilidad universal a los principales lugares de cada municipio, ya sean espacios p\u00fablicos o edificios.<\/p>\n<p>Para ello, en colaboraci\u00f3n con los departamentos municipales correspondientes, analizamos las actuaciones m\u00e1s convenientes, siempre bajo criterios de sostenibilidad y eficiencia econ\u00f3mica, priorizando las actuaciones que tendr\u00e1n mayor impacto positivo. Con todo ello, ayudamos no s\u00f3lo a garantiar la <strong>accesibilidad universal<\/strong>, sino a impulsar la <strong>regeneraci\u00f3n urbana<\/strong> y el \u00e9xito de los espacios p\u00fablicos de la ciudad.[\/vc_column_text][vc_empty_space][vc_row_inner row_type=\u00bbrow\u00bb type=\u00bbfull_width\u00bb text_align=\u00bbleft\u00bb css_animation=\u00bb\u00bb][vc_column_inner][vc_column_text]<\/p>\n<h2 style=\"text-align: left;\">Mercado al que est\u00e1 dirigido<\/h2>\n<p>[\/vc_column_text][vc_empty_space]<div class=\"q_icon_list\"><i class=\"qode_icon_font_awesome fa fa-thumbs-o-up qode-ili-icon-holder circle\" style=\"color: #a31a16;background-color: #ffffff;border-color:rgba(0,0,0,0.01);border-style: solid;border-width: 1px;\" ><\/i><p style=\"color:#333333;font-size: 16px;\">Administraci\u00f3n p\u00fablica de urbanismo<\/p><\/div>[\/vc_column_inner][\/vc_row_inner][vc_row_inner row_type=\u00bbrow\u00bb type=\u00bbfull_width\u00bb text_align=\u00bbleft\u00bb css_animation=\u00bb\u00bb css=\u00bb.vc_custom_1647513593819{border-top-width: 1px !important;border-right-width: 1px !important;border-bottom-width: 1px !important;border-left-width: 1px !important;padding-top: 30px !important;padding-bottom: 30px !important;border-left-color: #eeeeee !important;border-left-style: solid !important;border-right-color: #eeeeee !important;border-right-style: solid !important;border-top-color: #eeeeee !important;border-top-style: solid !important;border-bottom-color: #eeeeee !important;border-bottom-style: solid !important;}\u00bb][vc_column_inner][vc_widget_sidebar sidebar_id=\u00bbContent Bottom\u00bb][\/vc_column_inner][\/vc_row_inner][\/vc_column][\/vc_row][vc_row css_animation=\u00bb\u00bb row_type=\u00bbrow\u00bb use_row_as_full_screen_section=\u00bbno\u00bb type=\u00bbfull_width\u00bb angled_section=\u00bbno\u00bb text_align=\u00bbleft\u00bb background_image_as_pattern=\u00bbwithout_pattern\u00bb][vc_column][vc_column_text]<\/p>\n<h2 style=\"text-align: left;\">Proyectos relacionados con este servicio<\/h2>\n<p>[\/vc_column_text][vc_separator type=\u00bbnormal\u00bb color=\u00bb#cccccc\u00bb thickness=\u00bb2&#8243; up=\u00bb15&#8243; down=\u00bb30&#8243;][vc_row_inner row_type=\u00bbrow\u00bb type=\u00bbfull_width\u00bb text_align=\u00bbleft\u00bb css_animation=\u00bb\u00bb][vc_column_inner]<div class='projects_holder_outer v4 portfolio_with_space portfolio_standard'>\n        <div class='projects_holder portfolio_main_holder clearfix v4 standard portfolio_full_image portfolio_one_by_one'>\n        \n        <article class='mix portfolio_category_1672 default' style=''>\n    \n    \n    \n    \n            <div class=\"item_holder thin_plus_only\">\n\n                    <div class=\"text_holder\">\n        <div class=\"text_holder_outer\">\n            <div class=\"text_holder_inner\">\n                            <span class=\"thin_plus_only_icon\">+<\/span>\n                        <\/div>\n        <\/div>\n    <\/div>\n\n                                    <a itemprop=\"url\" class=\"portfolio_link_class\" title=\"Diagn\u00f3stico del Plan de Movilidad Urbana Sostenible (PMUS) de Gorliz\" href=\"https:\/\/www.ingartek.com\/es\/proyecto\/diagnostico-para-el-plan-de-movilidad-urbana-sostenible-de-gorliz\/\"><\/a>\n                \n                <div style=\"\" class=\"portfolio_shader\"><\/div>\n                <div class=\"image_holder\">\n                    \n<span class='image'><img loading=\"lazy\" decoding=\"async\" width=\"400\" height=\"267\" src=\"https:\/\/www.ingartek.com\/wp-content\/uploads\/2023\/07\/proyecto-PMUS-Gorliz.jpg\" class=\"attachment-full size-full wp-post-image\" alt=\"proyecto: Diagn\u00f3stico del Plan de Movilidad Urbana Sostenible (PMUS) de Gorliz\" srcset=\"https:\/\/www.ingartek.com\/wp-content\/uploads\/2023\/07\/proyecto-PMUS-Gorliz.jpg 400w, https:\/\/www.ingartek.com\/wp-content\/uploads\/2023\/07\/proyecto-PMUS-Gorliz-300x200.jpg 300w\" sizes=\"auto, (max-width: 400px) 100vw, 400px\" title=\"\"><\/span>                <\/div>\n            <\/div>\n\n                <div class='portfolio_description text_align_center' >\n\n        \n    <h3 itemprop=\"name\" class=\"portfolio_title entry_title\"><a itemprop=\"url\" href=\"https:\/\/www.ingartek.com\/es\/proyecto\/diagnostico-para-el-plan-de-movilidad-urbana-sostenible-de-gorliz\/\" style=\"color: #333333\" target=\"_self\"> Diagn\u00f3stico del Plan de Movilidad Urbana Sostenible (PMUS) de Gorliz<\/a><\/h3>\n\n\n        \n        \n    <\/div>\n\n        \n<\/article>\n<article class='mix portfolio_category_1672 default' style=''>\n    \n    \n    \n    \n            <div class=\"item_holder thin_plus_only\">\n\n                    <div class=\"text_holder\">\n        <div class=\"text_holder_outer\">\n            <div class=\"text_holder_inner\">\n                            <span class=\"thin_plus_only_icon\">+<\/span>\n                        <\/div>\n        <\/div>\n    <\/div>\n\n                                    <a itemprop=\"url\" class=\"portfolio_link_class\" title=\"Diagn\u00f3stico para el Plan de Movilidad Urbana Sostenible (PMUS) de Urola Kosta\" href=\"https:\/\/www.ingartek.com\/es\/proyecto\/diagnostico-para-el-plan-de-movilidad-urbana-sostenible-de-urola-kosta\/\"><\/a>\n                \n                <div style=\"\" class=\"portfolio_shader\"><\/div>\n                <div class=\"image_holder\">\n                    \n<span class='image'><img loading=\"lazy\" decoding=\"async\" width=\"400\" height=\"267\" src=\"https:\/\/www.ingartek.com\/wp-content\/uploads\/2023\/07\/proyecto-urolakosta.jpg\" class=\"attachment-full size-full wp-post-image\" alt=\"Proyecto: Plan de Movilidad Urbana Sostenible (PMUS) de Urola Kosta\" srcset=\"https:\/\/www.ingartek.com\/wp-content\/uploads\/2023\/07\/proyecto-urolakosta.jpg 400w, https:\/\/www.ingartek.com\/wp-content\/uploads\/2023\/07\/proyecto-urolakosta-300x200.jpg 300w\" sizes=\"auto, (max-width: 400px) 100vw, 400px\" title=\"\"><\/span>                <\/div>\n            <\/div>\n\n                <div class='portfolio_description text_align_center' >\n\n        \n    <h3 itemprop=\"name\" class=\"portfolio_title entry_title\"><a itemprop=\"url\" href=\"https:\/\/www.ingartek.com\/es\/proyecto\/diagnostico-para-el-plan-de-movilidad-urbana-sostenible-de-urola-kosta\/\" style=\"color: #333333\" target=\"_self\"> Diagn\u00f3stico para el Plan de Movilidad Urbana Sostenible (PMUS) de Urola Kosta<\/a><\/h3>\n\n\n        \n        \n    <\/div>\n\n        \n<\/article>\n        <div class='filler'><\/div>\n            <div class='filler'><\/div>\n            <div class='filler'><\/div>\n            <div class='filler'><\/div>\n        <\/div>\n\n    \n    <\/div>[\/vc_column_inner][\/vc_row_inner][\/vc_column][\/vc_row]<\/p>\n<\/div>","protected":false},"excerpt":{"rendered":"<p>[vc_row css_animation=\u00bb\u00bb row_type=\u00bbrow\u00bb use_row_as_full_screen_section=\u00bbno\u00bb type=\u00bbfull_width\u00bb angled_section=\u00bbno\u00bb text_align=\u00bbleft\u00bb background_image_as_pattern=\u00bbwithout_pattern\u00bb][vc_column][vc_column_text]En Ingartek ayudamos a las entidades locales a mejorar sus procesos de toma de decisi\u00f3n para la planificaci\u00f3n del espacio urbano de su municipio. Mediante planes de accesibilidad ayudamos a garantizar la accesibilidad&#8230;<\/p>\n","protected":false},"author":2,"featured_media":0,"parent":0,"menu_order":0,"comment_status":"closed","ping_status":"closed","template":"","meta":{"content-type":"","footnotes":""},"class_list":["post-16259","page","type-page","status-publish","hentry"],"_links":{"self":[{"href":"https:\/\/www.ingartek.com\/es\/wp-json\/wp\/v2\/pages\/16259","targetHints":{"allow":["GET"]}}],"collection":[{"href":"https:\/\/www.ingartek.com\/es\/wp-json\/wp\/v2\/pages"}],"about":[{"href":"https:\/\/www.ingartek.com\/es\/wp-json\/wp\/v2\/types\/page"}],"author":[{"embeddable":true,"href":"https:\/\/www.ingartek.com\/es\/wp-json\/wp\/v2\/users\/2"}],"replies":[{"embeddable":true,"href":"https:\/\/www.ingartek.com\/es\/wp-json\/wp\/v2\/comments?post=16259"}],"version-history":[{"count":0,"href":"https:\/\/www.ingartek.com\/es\/wp-json\/wp\/v2\/pages\/16259\/revisions"}],"wp:attachment":[{"href":"https:\/\/www.ingartek.com\/es\/wp-json\/wp\/v2\/media?parent=16259"}],"curies":[{"name":"wp","href":"https:\/\/api.w.org\/{rel}","templated":true}]}}