{"id":15830,"date":"2018-05-25T08:50:22","date_gmt":"2018-05-25T06:50:22","guid":{"rendered":"https:\/\/www.ingartek.com\/politica-de-privacidad\/"},"modified":"2026-03-11T11:30:53","modified_gmt":"2026-03-11T10:30:53","slug":"politica-de-privacidad","status":"publish","type":"page","link":"https:\/\/www.ingartek.com\/es\/politica-de-privacidad\/","title":{"rendered":"Pol\u00edtica de privacidad"},"content":{"rendered":"<p>En nuestra Entidad, hemos adaptado nuestros protocolos y pol\u00edticas de privacidad al Reglamento Europeo de Protecci\u00f3n de Datos 679\/2016 (RGPD) y a la LO 3\/2018, de 5 de diciembre, de Protecci\u00f3n de Datos personales y garant\u00eda de los derechos digitales, dado que nos preocupa la seguridad y la protecci\u00f3n de los datos que tratamos.<\/p>\n<p>&nbsp;<\/p>\n<p><b>1.- QUI\u00c9N ES EL RESPONSABLE DEL TRATAMIENTO DE DATOS<\/b><\/p>\n<p><b>INGARTEK CONSULTING SL<\/b>, con domicilio en PLAZA VENEZUELA N\u00ba 1 &#8211; 1D, 48001 BILBAO-BIZKAIA es el responsable del correcto tratamiento de sus datos. Puede Vd. consultar sobre este tratamiento a trav\u00e9s del siguiente mail <a href=\"mailto:info@ingartek.com\" rel=\"nofollow\">info@ingartek.com<\/a><\/p>\n<p>&nbsp;<\/p>\n<p><b>2.- PARA QU\u00c9 UTILIZAMOS SUS DATOS\u00a0<\/b><\/p>\n<p>En\u00a0<b>INGARTEK CONSULTING SL<\/b> tratamos la informaci\u00f3n que nos facilitan las personas interesadas a trav\u00e9s de los diferentes formularios de contacto con el fin de:<\/p>\n<ul>\n<li aria-level=\"1\">Cumplir con las prestaciones y servicios que suscribamos con el usuario\/cliente.<\/li>\n<li aria-level=\"1\">Tramitar y gestionar las solitudes realizadas en relaci\u00f3n a productos y\/o servicios.<\/li>\n<li aria-level=\"1\">Gestionarles los curriculums recibidos a trav\u00e9s de esta p\u00e1gina web.<\/li>\n<li aria-level=\"1\">Gestionar la inscripci\u00f3n a seminarios y webinars que organicemos.<\/li>\n<li aria-level=\"1\">Gestionar la suscripci\u00f3n a nuestro bolet\u00edn de forma peri\u00f3dica.<\/li>\n<\/ul>\n<p><b>\u00a0<\/b><\/p>\n<p><b>3.- CU\u00c1L ES LA BASE LEGAL PARA EL TRATAMIENTO DE LOS DATOS<\/b><\/p>\n<p>La utilizaci\u00f3n de los datos que nos ha facilitado a trav\u00e9s del consentimiento, es necesaria para la correcta gesti\u00f3n de las relaciones con los usuarios y, adem\u00e1s, poder cumplir con las obligaciones legales.<\/p>\n<p>En cualquier momento puede manifestar su oposici\u00f3n al uso de sus datos y, por lo tanto, dejar sin efecto cualquier tipo de gesti\u00f3n con los mismos, quedando \u00fanicamente sus datos bloqueados durante el tiempo legalmente previsto. Comunicarle que el no consentimiento puede conllevar que los servicios sean imposibles de prestar.<\/p>\n<p>&nbsp;<\/p>\n<p><b>4.- COMUNICACI\u00d3N DE DATOS<\/b><\/p>\n<p>En principio no se ceder\u00e1n datos salvo obligaci\u00f3n legal.<\/p>\n<p>Ahora bien, compartiremos sus datos con prestadores de servicios que nos ayudan o dan soporte, o colaboradores externos con quien hemos llegado a acuerdos.<\/p>\n<p>&nbsp;<\/p>\n<p><b>5.- CONSERVACION DE DATOS\u00a0<\/b><\/p>\n<p>Solamente conservaremos sus datos personales durante el tiempo necesario para cumplir con la finalidad para la que se recaban, mientras que mantengamos una relaci\u00f3n contractual, mientras que exista un requisito legal que lo obligue o mientras que Vd. no ejerza ninguno de los derechos que hagan que no podamos tratar sus datos.<\/p>\n<p>&nbsp;<\/p>\n<p><b>6.- C\u00d3MO PUEDO EJERCER MIS DERECHOS<\/b><\/p>\n<p>Como titular de derechos, Vd. tiene el control de sus datos y, por lo tanto, en cualquier momento puede ejercitar sus derechos, envi\u00e1ndonos un mail info@ingartek.com<\/p>\n<p>Los derechos que puede ejercitar son:<\/p>\n<ul>\n<li aria-level=\"1\"><b>Acceso \u2013 <\/b>Podr\u00e1 consultar sus datos personales tratados por esta Entidad<\/li>\n<li aria-level=\"1\"><b>Rectificaci\u00f3n<\/b> \u2013 Podr\u00e1 modificar sus datos personales cuando sean inexactos<\/li>\n<li aria-level=\"1\"><b>Supresi\u00f3n<\/b> \u2013 Podr\u00e1 solicitar la eliminaci\u00f3n de sus datos personales<\/li>\n<li aria-level=\"1\"><b>Oposici\u00f3n<\/b> \u2013 Podr\u00e1 solicitar que no se trate alguno de sus datos personales<\/li>\n<li aria-level=\"1\"><b>Limitaci\u00f3n del Tratamiento<\/b> \u2013 Podr\u00e1 solicitar la limitaci\u00f3n al tratamiento de sus datos personales en determinadas circunstancias<\/li>\n<li aria-level=\"1\"><b>Portabilidad<\/b> \u2013 Podr\u00e1 recibir los datos personales que nos haya facilitado o que hayamos obtenido en nuestra relaci\u00f3n contractual, as\u00ed como trasmitirlos a otra Entidad<\/li>\n<\/ul>\n<p>Se informa a los usuarios, que tiene <b>derecho a revocar<\/b> el consentimiento en cualquier momento, sin que ello afecte a la licitud del tratamiento basado en el consentimiento previo a su retirada.<\/p>\n<p>As\u00ed mismo se informa a los interesados de que pueden presentar una reclamaci\u00f3n ante la Autoridad de Control en materia de Protecci\u00f3n de Datos competente, especialmente cuando no haya obtenido satisfacci\u00f3n en el ejercicio de sus derechos.<\/p>\n<p>Para ejercitar sus derechos, acompa\u00f1e a su solicitud una copia de su DNI o documento equivalente acreditativo de su identidad.<\/p>\n<p>&nbsp;<\/p>\n","protected":false},"excerpt":{"rendered":"<p>En nuestra Entidad, hemos adaptado nuestros protocolos y pol\u00edticas de privacidad al Reglamento Europeo de Protecci\u00f3n de Datos 679\/2016 (RGPD) y a la LO 3\/2018, de 5 de diciembre, de Protecci\u00f3n de Datos personales y garant\u00eda de los derechos digitales,&#8230;<\/p>\n","protected":false},"author":1,"featured_media":0,"parent":0,"menu_order":0,"comment_status":"closed","ping_status":"open","template":"","meta":{"content-type":"","footnotes":""},"class_list":["post-15830","page","type-page","status-publish","hentry"],"_links":{"self":[{"href":"https:\/\/www.ingartek.com\/es\/wp-json\/wp\/v2\/pages\/15830","targetHints":{"allow":["GET"]}}],"collection":[{"href":"https:\/\/www.ingartek.com\/es\/wp-json\/wp\/v2\/pages"}],"about":[{"href":"https:\/\/www.ingartek.com\/es\/wp-json\/wp\/v2\/types\/page"}],"author":[{"embeddable":true,"href":"https:\/\/www.ingartek.com\/es\/wp-json\/wp\/v2\/users\/1"}],"replies":[{"embeddable":true,"href":"https:\/\/www.ingartek.com\/es\/wp-json\/wp\/v2\/comments?post=15830"}],"version-history":[{"count":4,"href":"https:\/\/www.ingartek.com\/es\/wp-json\/wp\/v2\/pages\/15830\/revisions"}],"predecessor-version":[{"id":33671,"href":"https:\/\/www.ingartek.com\/es\/wp-json\/wp\/v2\/pages\/15830\/revisions\/33671"}],"wp:attachment":[{"href":"https:\/\/www.ingartek.com\/es\/wp-json\/wp\/v2\/media?parent=15830"}],"curies":[{"name":"wp","href":"https:\/\/api.w.org\/{rel}","templated":true}]}}