{"id":18145,"date":"2018-10-06T12:26:05","date_gmt":"2018-10-06T10:26:05","guid":{"rendered":"https:\/\/www.ingartek.com\/transport-service-audits\/"},"modified":"2025-01-02T11:00:09","modified_gmt":"2025-01-02T10:00:09","slug":"transport-service-audits","status":"publish","type":"page","link":"https:\/\/www.ingartek.com\/en\/transport-service-audits\/","title":{"rendered":"Transport service audits"},"content":{"rendered":"<div class=\"wpb-content-wrapper\"><p>[vc_row css_animation=&#8221;&#8221; row_type=&#8221;row&#8221; use_row_as_full_screen_section=&#8221;no&#8221; type=&#8221;full_width&#8221; angled_section=&#8221;no&#8221; text_align=&#8221;left&#8221; background_image_as_pattern=&#8221;without_pattern&#8221;][vc_column][vc_column_text]Any service provided to citizens needs to be measured in terms of results, in order to optimise it. These results are measured in different terms, which in the case of transport services may be things such as cleaning or timeliness, for example. Thus, it is possible to create a quality index for the service.<\/p>\n<p>To do so, it is necessary to carry out different <b>types of studies<\/b>, such as perceived quality studies, <b>inspections <\/b>on the forms of transport, <b>analysis <\/b>of timeliness studies, audits of the Support System Exploitation <b>audits<\/b>, etc. The aim of these audits is to obtain the <b>utmost satisfaction<\/b>of citizens, by analysing whether the transport systems meet the standards of excellence in the established parameters.<\/p>\n<p>In the cases where these parameters fail to comply with what has been established, Ingartek carries out studies that determine the causes of these breaches and proposes <b>corrective and improvement measures <\/b>based on the checklists created: timeliness, quality of service, level of cleanliness\u2026[\/vc_column_text][vc_empty_space][vc_row_inner row_type=&#8221;row&#8221; type=&#8221;full_width&#8221; text_align=&#8221;left&#8221; css_animation=&#8221;&#8221;][vc_column_inner][vc_column_text]<\/p>\n<h2 style=\"text-align: left;\">Market that it is targeted at<\/h2>\n<p>[\/vc_column_text][vc_empty_space]<div class=\"q_icon_list\"><i class=\"qode_icon_font_awesome fa fa-thumbs-o-up qode-ili-icon-holder circle\" style=\"color: #a31a16;background-color: #ffffff;border-color:rgba(0,0,0,0.01);border-style: solid;border-width: 1px;\" ><\/i><p style=\"color:#333333;font-size: 16px;\">Public administration of transport<\/p><\/div><div class=\"q_icon_list\"><i class=\"qode_icon_font_awesome fa fa-thumbs-o-up qode-ili-icon-holder circle\" style=\"color: #a31a16;background-color: #ffffff;border-color:rgba(0,0,0,0.01);border-style: solid;border-width: 1px;\" ><\/i><p style=\"color:#333333;font-size: 16px;\">Transport operators<\/p><\/div>[vc_empty_space][\/vc_column_inner][\/vc_row_inner][vc_row_inner row_type=&#8221;row&#8221; type=&#8221;full_width&#8221; text_align=&#8221;left&#8221; css_animation=&#8221;&#8221; css=&#8221;.vc_custom_1647515794835{margin-bottom: 30px !important;border-top-width: 1px !important;border-right-width: 1px !important;border-bottom-width: 1px !important;border-left-width: 1px !important;padding-top: 30px !important;padding-bottom: 30px !important;border-left-color: #eeeeee !important;border-left-style: solid !important;border-right-color: #eeeeee !important;border-right-style: solid !important;border-top-color: #eeeeee !important;border-top-style: solid !important;border-bottom-color: #eeeeee !important;border-bottom-style: solid !important;}&#8221;][vc_column_inner][vc_widget_sidebar sidebar_id=&#8221;Content Bottom&#8221;][\/vc_column_inner][\/vc_row_inner][\/vc_column][\/vc_row][vc_row css_animation=&#8221;&#8221; row_type=&#8221;row&#8221; use_row_as_full_screen_section=&#8221;no&#8221; type=&#8221;full_width&#8221; angled_section=&#8221;no&#8221; text_align=&#8221;left&#8221; background_image_as_pattern=&#8221;without_pattern&#8221;][vc_column][vc_column_text]<\/p>\n<h2 style=\"text-align: left;\">Projects related to this service<\/h2>\n<p>[\/vc_column_text][vc_separator type=&#8221;normal&#8221; color=&#8221;#cccccc&#8221; thickness=&#8221;2&#8243; up=&#8221;15&#8243; down=&#8221;30&#8243;][vc_row_inner row_type=&#8221;row&#8221; type=&#8221;full_width&#8221; text_align=&#8221;left&#8221; css_animation=&#8221;&#8221;][vc_column_inner]<div class='projects_holder_outer v4 portfolio_with_space portfolio_standard'>\n        <div class='projects_holder portfolio_main_holder clearfix v4 standard portfolio_full_image portfolio_one_by_one'>\n        \n        <article class='mix portfolio_category_301 default' style=''>\n    \n    \n    \n    \n            <div class=\"item_holder thin_plus_only\">\n\n                    <div class=\"text_holder\">\n        <div class=\"text_holder_outer\">\n            <div class=\"text_holder_inner\">\n                            <span class=\"thin_plus_only_icon\">+<\/span>\n                        <\/div>\n        <\/div>\n    <\/div>\n\n                                    <a itemprop=\"url\" class=\"portfolio_link_class\" title=\"Consultancy for management and services linked to public transport\" href=\"https:\/\/www.ingartek.com\/en\/proyecto\/consultancy-for-management-and-services-linked-to-public-transport\/\"><\/a>\n                \n                <div style=\"\" class=\"portfolio_shader\"><\/div>\n                <div class=\"image_holder\">\n                    \n<span class='image'><img loading=\"lazy\" decoding=\"async\" width=\"350\" height=\"233\" src=\"https:\/\/www.ingartek.com\/wp-content\/uploads\/2018\/06\/consultoria-de-direccion-y-servicios-conexos-en-materia-de-transporte-publico.jpg\" class=\"attachment-full size-full wp-post-image\" alt=\"Consultor\u00eda de direcci\u00f3n y servicios conexos en materia de transporte p\u00fablico\" srcset=\"https:\/\/www.ingartek.com\/wp-content\/uploads\/2018\/06\/consultoria-de-direccion-y-servicios-conexos-en-materia-de-transporte-publico.jpg 350w, https:\/\/www.ingartek.com\/wp-content\/uploads\/2018\/06\/consultoria-de-direccion-y-servicios-conexos-en-materia-de-transporte-publico-300x200.jpg 300w\" sizes=\"auto, (max-width: 350px) 100vw, 350px\" title=\"\"><\/span>                <\/div>\n            <\/div>\n\n                <div class='portfolio_description text_align_center' >\n\n        \n    <h3 itemprop=\"name\" class=\"portfolio_title entry_title\"><a itemprop=\"url\" href=\"https:\/\/www.ingartek.com\/en\/proyecto\/consultancy-for-management-and-services-linked-to-public-transport\/\" style=\"color: #333333\" target=\"_self\"> Consultancy for management and services linked to public transport<\/a><\/h3>\n\n\n        \n        \n    <\/div>\n\n        \n<\/article>\n        <div class='filler'><\/div>\n            <div class='filler'><\/div>\n            <div class='filler'><\/div>\n            <div class='filler'><\/div>\n        <\/div>\n\n    \n    <\/div>[\/vc_column_inner][\/vc_row_inner][\/vc_column][\/vc_row]<\/p>\n<\/div>","protected":false},"excerpt":{"rendered":"<p>[vc_row css_animation=&#8221;&#8221; row_type=&#8221;row&#8221; use_row_as_full_screen_section=&#8221;no&#8221; type=&#8221;full_width&#8221; angled_section=&#8221;no&#8221; text_align=&#8221;left&#8221; background_image_as_pattern=&#8221;without_pattern&#8221;][vc_column][vc_column_text]Any service provided to citizens needs to be measured in terms of results, in order to optimise it. These results are measured in different terms, which in the case of transport services may&#8230;<\/p>\n","protected":false},"author":2,"featured_media":0,"parent":0,"menu_order":0,"comment_status":"closed","ping_status":"closed","template":"","meta":{"content-type":"","footnotes":""},"class_list":["post-18145","page","type-page","status-publish","hentry"],"_links":{"self":[{"href":"https:\/\/www.ingartek.com\/en\/wp-json\/wp\/v2\/pages\/18145","targetHints":{"allow":["GET"]}}],"collection":[{"href":"https:\/\/www.ingartek.com\/en\/wp-json\/wp\/v2\/pages"}],"about":[{"href":"https:\/\/www.ingartek.com\/en\/wp-json\/wp\/v2\/types\/page"}],"author":[{"embeddable":true,"href":"https:\/\/www.ingartek.com\/en\/wp-json\/wp\/v2\/users\/2"}],"replies":[{"embeddable":true,"href":"https:\/\/www.ingartek.com\/en\/wp-json\/wp\/v2\/comments?post=18145"}],"version-history":[{"count":0,"href":"https:\/\/www.ingartek.com\/en\/wp-json\/wp\/v2\/pages\/18145\/revisions"}],"wp:attachment":[{"href":"https:\/\/www.ingartek.com\/en\/wp-json\/wp\/v2\/media?parent=18145"}],"curies":[{"name":"wp","href":"https:\/\/api.w.org\/{rel}","templated":true}]}}